{"id":1114,"date":"2023-11-29T17:17:22","date_gmt":"2023-11-29T16:17:22","guid":{"rendered":"https:\/\/ziolazycia.com\/nowa\/?post_type=product&#038;p=1114"},"modified":"2025-11-26T15:58:27","modified_gmt":"2025-11-26T14:58:27","slug":"magesium-citrate-cytrynian-magnezu-90-kapsulek-now-foods","status":"publish","type":"product","link":"https:\/\/ziolazycia.com\/nowa\/product\/magesium-citrate-cytrynian-magnezu-90-kapsulek-now-foods\/","title":{"rendered":"Magnesium Citrate (Cytrynian magnezu) 90 kapsu\u0142ek"},"content":{"rendered":"<p><strong>Suplement diety<\/strong><\/p>\n<p>Jest to jedna z najlepiej przyswajalnych form magnezu, wspomagaj\u0105ca utrzymanie prawid\u0142owych funkcji psychologicznych. Magnez, jak udowodniono, mo\u017ce stanowi\u0107 wsparcie przy uczuciu zm\u0119czenia i znu\u017cenia, przyczynia\u0107 si\u0119 do utrzymania prawid\u0142owego metabolizmu energetycznego, wspomaga\u0107 prawid\u0142owe funkcjonowanie uk\u0142adu nerwowego i mi\u0119\u015bni, pomaga\u0107 w prawid\u0142owej syntezie bia\u0142ka oraz w utrzymaniu zdrowych ko\u015bci i z\u0119b\u00f3w<\/p>\n<p><strong>Zawarto\u015b\u0107 opakowania:<\/strong>\u00a090 kapsu\u0142ek mi\u0119kkich<\/p>\n<p><strong>Dzienne spo\u017cycie:<\/strong>\u00a03 kapsu\u0142ki<\/p>\n<p><strong>Sk\u0142adniki:<\/strong><\/p>\n<table width=\"100%\">\n<thead>\n<tr>\n<td colspan=\"5\"><\/td>\n<td colspan=\"2\" width=\"23%\">1 kapsu\u0142ka<\/td>\n<\/tr>\n<\/thead>\n<tbody>\n<tr>\n<td colspan=\"5\"><strong>Magnez-z cytrynianu magnezu<\/strong><\/td>\n<td colspan=\"2\" width=\"23%\">133 mg<\/td>\n<\/tr>\n<tr>\n<td width=\"38%\">&nbsp;<\/td>\n<td width=\"12%\">&nbsp;<\/td>\n<td width=\"12%\">&nbsp;<\/td>\n<td width=\"12%\">&nbsp;<\/td>\n<td width=\"12%\">&nbsp;<\/td>\n<td width=\"12%\">&nbsp;<\/td>\n<td width=\"0%\"><\/td>\n<\/tr>\n<tr>\n<td width=\"38%\">&nbsp;<\/td>\n<td width=\"12%\">&nbsp;<\/td>\n<td width=\"12%\">&nbsp;<\/td>\n<td width=\"12%\">&nbsp;<\/td>\n<td width=\"12%\">&nbsp;<\/td>\n<td width=\"12%\">&nbsp;<\/td>\n<td width=\"0%\"><\/td>\n<\/tr>\n<\/tbody>\n<\/table>\n<p><strong>Sk\u0142adniki:<\/strong> Forma chemiczna magnezu- sole magnezowe kwasu cytrynowego (cytrynian); materia\u0142 kapsu\u0142ki \u2013 celuloza; substancja przeciwzbrylaj\u0105ca \u2013 sole magnezowe kw. t\u0142uszczowych, krzemionka.<\/p>\n<h2><strong>Magnesium Citrate 90 kapsu\u0142ek &#8211; spos\u00f3b u\u017cycia:<\/strong><\/h2>\n<p>1 kapsu\u0142ka do 3 razy dziennie<\/p>\n<p><strong>Nie przekracza\u0107 zalecanej porcji do spo\u017cycia w ci\u0105gu dnia. Produkt nie mo\u017ce by\u0107 stosowany jako substytut zr\u00f3\u017cnicowanej diety. Wa\u017cne jest stosowanie zr\u00f3\u017cnicowanej i zbilansowanej diety oraz prowadzenie zdrowego trybu \u017cycia.<\/strong><\/p>\n<p><strong>Przechowywanie:<\/strong><\/p>\n<p>Po otwarciu przechowywa\u0107 w lod\u00f3wce w celu zachowania maksymalnego poziomu skuteczno\u015bci preparatu. Przechowywa\u0107 w spos\u00f3b niedost\u0119pny dla ma\u0142ych dzieci.<\/p>\n<p><strong>Producent:<\/strong><\/p>\n<p>Now Foods<br \/>\n395 S. Glen Ellyn Road<br \/>\nIL 60108 Bloomingdale, Stany Zjednoczone<\/p>\n<p>&nbsp;<\/p>\n<p>&nbsp;<\/p>\n","protected":false},"excerpt":{"rendered":"<p>Suplement diety<\/p>\n<p>G\u0142\u00f3wnym sk\u0142adnikiem suplementu diety Magnesium Citrate jest magnez w formie cytrynianu.<\/p>\n","protected":false},"featured_media":9470,"comment_status":"closed","ping_status":"closed","template":"","meta":[],"product_brand":[],"product_cat":[72],"product_tag":[],"class_list":{"0":"post-1114","1":"product","2":"type-product","3":"status-publish","4":"has-post-thumbnail","6":"product_cat-suplementy-diety","8":"first","9":"outofstock","10":"taxable","11":"shipping-taxable","12":"product-type-simple"},"_links":{"self":[{"href":"https:\/\/ziolazycia.com\/nowa\/wp-json\/wp\/v2\/product\/1114","targetHints":{"allow":["GET"]}}],"collection":[{"href":"https:\/\/ziolazycia.com\/nowa\/wp-json\/wp\/v2\/product"}],"about":[{"href":"https:\/\/ziolazycia.com\/nowa\/wp-json\/wp\/v2\/types\/product"}],"replies":[{"embeddable":true,"href":"https:\/\/ziolazycia.com\/nowa\/wp-json\/wp\/v2\/comments?post=1114"}],"wp:featuredmedia":[{"embeddable":true,"href":"https:\/\/ziolazycia.com\/nowa\/wp-json\/wp\/v2\/media\/9470"}],"wp:attachment":[{"href":"https:\/\/ziolazycia.com\/nowa\/wp-json\/wp\/v2\/media?parent=1114"}],"wp:term":[{"taxonomy":"product_brand","embeddable":true,"href":"https:\/\/ziolazycia.com\/nowa\/wp-json\/wp\/v2\/product_brand?post=1114"},{"taxonomy":"product_cat","embeddable":true,"href":"https:\/\/ziolazycia.com\/nowa\/wp-json\/wp\/v2\/product_cat?post=1114"},{"taxonomy":"product_tag","embeddable":true,"href":"https:\/\/ziolazycia.com\/nowa\/wp-json\/wp\/v2\/product_tag?post=1114"}],"curies":[{"name":"wp","href":"https:\/\/api.w.org\/{rel}","templated":true}]}}