{"id":1110,"date":"2023-11-29T17:14:38","date_gmt":"2023-11-29T16:14:38","guid":{"rendered":"https:\/\/ziolazycia.com\/nowa\/?post_type=product&#038;p=1110"},"modified":"2025-11-26T15:58:27","modified_gmt":"2025-11-26T14:58:27","slug":"lecitin-1200mg-100-kapsulek-now-foods","status":"publish","type":"product","link":"https:\/\/ziolazycia.com\/nowa\/product\/lecitin-1200mg-100-kapsulek-now-foods\/","title":{"rendered":"Sunflower Lecithin (Lecytyna)1200 mg 100 kapsu\u0142ek"},"content":{"rendered":"<p>Lecytyna mo\u017ce stanowi\u0107 wsparcie dla uk\u0142adu nerwowego (uzupe\u0142nienie diety) w stanach zwi\u0119kszonego obci\u0105\u017cenia fizycznego i psychicznego u os\u00f3b z obni\u017con\u0105 koncentracj\u0105, a tak\u017ce \u017cyj\u0105cych w stresie oraz u os\u00f3b w starszym wieku, d\u0105\u017c\u0105cych do utrzymania prawid\u0142owych zdolno\u015bci intelektualnych (koncentracja, sprawno\u015b\u0107 my\u015blenia oraz kojarzenia).<\/p>\n<p><strong>Zawarto\u015b\u0107 opakowania:<\/strong>\u00a0100 kapsu\u0142ek mi\u0119kkich<\/p>\n<p><strong>Dzienne spo\u017cycie:<\/strong>\u00a03 kapsu\u0142ki<\/p>\n<p><strong>Sk\u0142adniki aktywne:<\/strong><\/p>\n<table width=\"100%\">\n<thead>\n<tr>\n<td><\/td>\n<td width=\"23%\">1 kapsu\u0142ka<\/td>\n<td width=\"1%\"><\/td>\n<\/tr>\n<\/thead>\n<tbody>\n<tr>\n<td>\n<table>\n<tbody>\n<tr>\n<td>Lecytyna\u00a0sojowa\u00a0(wolna od GMO<\/td>\n<td><\/td>\n<\/tr>\n<tr>\n<td>Fosfatidylocholina<\/td>\n<td><\/td>\n<\/tr>\n<\/tbody>\n<\/table>\n<\/td>\n<td width=\"23%\">1200 mg<\/p>\n<p>166 mg<\/td>\n<td width=\"1%\"><\/td>\n<\/tr>\n<\/tbody>\n<\/table>\n<p><strong>Sk\u0142adniki:<\/strong> Lecytyna\u00a0sojowa\u00a0(z oleju\u00a0sojowego\u00a0wolnego od modyfikacji GMO); substancje rozpuszczaj\u0105ce: woda, gliceryna; sk\u0142adnik kapsu\u0142ki elastycznej: \u017celatyna.<\/p>\n<h2><strong>Lecithin 1200 mg &#8211; spos\u00f3b u\u017cycia:<\/strong><\/h2>\n<p>1 kapsu\u0142k\u0119 do 3 razy dziennie.<\/p>\n<p><strong>Nie przekracza\u0107 zalecanej porcji do spo\u017cycia w ci\u0105gu dnia. Produkt nie mo\u017ce by\u0107 stosowany jako substytut zr\u00f3\u017cnicowanej diety. Wa\u017cne jest stosowanie zr\u00f3\u017cnicowanej i zbilansowanej diety oraz prowadzenie zdrowego trybu \u017cycia.<\/strong><\/p>\n<p><strong>Przechowywanie<\/strong><\/p>\n<p>Po otwarciu przechowywa\u0107 w suchym i ciemnym miejscu, z dala od ma\u0142ych dzieci<\/p>\n<p><strong>Producent:<\/strong><\/p>\n<p>Now Foods<br \/>\n395 S. Glen Ellyn Road<br \/>\nIL 60108 Bloomingdale, Stany Zjednoczone<\/p>\n","protected":false},"excerpt":{"rendered":"<p><strong>Suplement diety<\/strong><\/p>\n<h2><strong>Wsparcie dla uk\u0142adu nerwowego<\/strong><\/h2>\n<p>Suplement diety, kt\u00f3rego g\u0142\u00f3wnym sk\u0142adnikiem jest lecytyna<\/p>\n","protected":false},"featured_media":9467,"comment_status":"closed","ping_status":"closed","template":"","meta":[],"product_brand":[],"product_cat":[72],"product_tag":[],"class_list":{"0":"post-1110","1":"product","2":"type-product","3":"status-publish","4":"has-post-thumbnail","6":"product_cat-suplementy-diety","8":"first","9":"instock","10":"sale","11":"taxable","12":"shipping-taxable","13":"purchasable","14":"product-type-simple"},"_links":{"self":[{"href":"https:\/\/ziolazycia.com\/nowa\/wp-json\/wp\/v2\/product\/1110","targetHints":{"allow":["GET"]}}],"collection":[{"href":"https:\/\/ziolazycia.com\/nowa\/wp-json\/wp\/v2\/product"}],"about":[{"href":"https:\/\/ziolazycia.com\/nowa\/wp-json\/wp\/v2\/types\/product"}],"replies":[{"embeddable":true,"href":"https:\/\/ziolazycia.com\/nowa\/wp-json\/wp\/v2\/comments?post=1110"}],"wp:featuredmedia":[{"embeddable":true,"href":"https:\/\/ziolazycia.com\/nowa\/wp-json\/wp\/v2\/media\/9467"}],"wp:attachment":[{"href":"https:\/\/ziolazycia.com\/nowa\/wp-json\/wp\/v2\/media?parent=1110"}],"wp:term":[{"taxonomy":"product_brand","embeddable":true,"href":"https:\/\/ziolazycia.com\/nowa\/wp-json\/wp\/v2\/product_brand?post=1110"},{"taxonomy":"product_cat","embeddable":true,"href":"https:\/\/ziolazycia.com\/nowa\/wp-json\/wp\/v2\/product_cat?post=1110"},{"taxonomy":"product_tag","embeddable":true,"href":"https:\/\/ziolazycia.com\/nowa\/wp-json\/wp\/v2\/product_tag?post=1110"}],"curies":[{"name":"wp","href":"https:\/\/api.w.org\/{rel}","templated":true}]}}