{"id":1106,"date":"2023-11-29T17:12:53","date_gmt":"2023-11-29T16:12:53","guid":{"rendered":"https:\/\/ziolazycia.com\/nowa\/?post_type=product&#038;p=1106"},"modified":"2025-11-26T15:58:27","modified_gmt":"2025-11-26T14:58:27","slug":"kids-vits-120-zelkow-now-foods","status":"publish","type":"product","link":"https:\/\/ziolazycia.com\/nowa\/product\/kids-vits-120-zelkow-now-foods\/","title":{"rendered":"Kids Vits (Mutiwitamina dla dzieci) 120 \u017celk\u00f3w"},"content":{"rendered":"<p><strong>Suplement diety dedykowany dzieciom.<\/strong><\/p>\n<p><strong>Zawarto\u015b\u0107 opakowania:<\/strong>\u00a0120 \u017celk\u00f3w<\/p>\n<p><strong>Dzienne spo\u017cycie:<\/strong>\u00a01 \u017celek<\/p>\n<p><strong>Sk\u0142adniki aktywne:<\/strong><\/p>\n<table width=\"100%\">\n<thead>\n<tr>\n<td><\/td>\n<td width=\"23%\">1 \u017celek<\/td>\n<td width=\"1%\"><\/td>\n<\/tr>\n<\/thead>\n<tbody>\n<tr>\n<td>\n<table>\n<tbody>\n<tr>\n<td>Witamina A (z 60% palmitynianu retynolu oraz 40% Betakarotenu, jako pro witamina A)<\/p>\n<p>Witamina B1 (Tiamina)<\/p>\n<table>\n<tbody>\n<tr>\n<td>Witamina B2 (Ryboflawina)<\/td>\n<td><\/td>\n<\/tr>\n<tr>\n<td>Witamina B3 (Niacyna)<\/p>\n<table>\n<tbody>\n<tr>\n<td>Kwas pantotenowy (Pantotenian wapnia)<\/td>\n<td><\/td>\n<\/tr>\n<tr>\n<td>Witamina B6 (Chlorowodorek pirydoksyny)<\/td>\n<td><\/td>\n<\/tr>\n<tr>\n<td>Witamina B12 (Cyjanokobalamina)<\/td>\n<td><\/td>\n<\/tr>\n<tr>\n<td>Biotyna<\/td>\n<td><\/td>\n<\/tr>\n<\/tbody>\n<\/table>\n<\/td>\n<td><\/td>\n<\/tr>\n<\/tbody>\n<\/table>\n<\/td>\n<td><\/td>\n<\/tr>\n<tr>\n<td>\n<table>\n<tbody>\n<tr>\n<td width=\"252\">Kwas foliowy (z 200 mcg Folianu)<\/td>\n<td width=\"1\"><\/td>\n<\/tr>\n<tr>\n<td width=\"252\">Witamina C (Kwas askorbinowy)<\/td>\n<td width=\"1\"><\/td>\n<\/tr>\n<tr>\n<td width=\"252\">Witamina D (Ergokalyferol)<\/td>\n<td width=\"1\"><\/td>\n<\/tr>\n<tr>\n<td width=\"252\">Witamina E (Bursztynian D-alfa-tokoferylu)<\/p>\n<table>\n<tbody>\n<tr>\n<td>Cynk (Diglicynian cynku)<\/td>\n<td><\/td>\n<\/tr>\n<tr>\n<td>Wap\u0144 (Cytrynian wapnia, W\u0119glan wapnia)<\/td>\n<td><\/td>\n<\/tr>\n<tr>\n<td>\u017belazo (Diglicynian \u017celaza)<\/td>\n<td><\/td>\n<\/tr>\n<tr>\n<td>Jod (Jodek potasu)<\/td>\n<td><\/td>\n<\/tr>\n<tr>\n<td>Magnez (Cytrynian magnezu)<\/p>\n<table>\n<tbody>\n<tr>\n<td>Mangan (Diglicynian manganu)<\/td>\n<td><\/td>\n<\/tr>\n<tr>\n<td>Chrom (Pikolinian chromu)<\/td>\n<td><\/td>\n<\/tr>\n<tr>\n<td>Molibden (Molibdenian sodu)<\/td>\n<td><\/td>\n<\/tr>\n<tr>\n<td>Potas (Chlorek potasu)<\/td>\n<td><\/td>\n<\/tr>\n<tr>\n<td>Cholina (z dwuwinianu choliny)<\/td>\n<td><\/td>\n<\/tr>\n<tr>\n<td>Inozytol<\/td>\n<td><\/td>\n<\/tr>\n<tr>\n<td>PABA (kwas p-aminobenzoesowy)<\/td>\n<td><\/td>\n<\/tr>\n<tr>\n<td>Luteina (z ekstraktu z nagietka lekarskiego)(FloraGLO\u00ae)<\/td>\n<td><\/td>\n<\/tr>\n<tr>\n<td>Likopen (z naturalnego ekstraktu z pomidora)<\/td>\n<td><\/td>\n<\/tr>\n<\/tbody>\n<\/table>\n<\/td>\n<td><\/td>\n<\/tr>\n<\/tbody>\n<\/table>\n<\/td>\n<td width=\"1\"><\/td>\n<\/tr>\n<\/tbody>\n<\/table>\n<\/td>\n<td><\/td>\n<\/tr>\n<tr>\n<td><\/td>\n<td><\/td>\n<\/tr>\n<\/tbody>\n<\/table>\n<\/td>\n<td width=\"23%\">0,75 mg<\/p>\n<p>&nbsp;<\/p>\n<p>0,75 mg<\/p>\n<p>0,85 mg<\/p>\n<p>10 mg<\/p>\n<p>5 mg<\/p>\n<p>1 mg<\/p>\n<p>3 mcg<\/p>\n<p>&nbsp;<\/p>\n<p>150 mcg<\/p>\n<p>117 mcg<\/p>\n<p>30 mg<\/p>\n<p>2,5mcg<\/p>\n<p>10 mg<\/p>\n<p>&nbsp;<\/p>\n<p>1,5 mg<\/p>\n<p>10 mg<\/p>\n<p>&nbsp;<\/p>\n<p>2,5 mg<\/p>\n<p>37,5 mcg<\/p>\n<p>5 mg<\/p>\n<p>5 mcg<\/p>\n<p>60 mcg<\/p>\n<p>37,5 mcg<\/p>\n<p>2,5 mg<\/p>\n<p>1 mg<\/p>\n<p>1 mg<\/p>\n<p>1 mg<\/p>\n<p>&nbsp;<\/p>\n<p>250 mcg<\/p>\n<p>&nbsp;<\/p>\n<p>250 mcg<\/td>\n<td width=\"1%\"><\/td>\n<\/tr>\n<\/tbody>\n<\/table>\n<p><strong>Sk\u0142adniki:<\/strong> Ksylitol, celuloza mikrokrystaliczna, hydroksypropyloceluloza, sproszkowany olej\u00a0<strong>kokosowy<\/strong>, kwas stearynowy (\u017ar\u00f3d\u0142o ro\u015blinne), proszek buraczany, guma ksantanowa, naturalne aromaty, kwas jab\u0142kowy, dwutlenek krzemu, stearynian magnezu (\u017ar\u00f3d\u0142o ro\u015blinne), organiczny ekstrakt z li\u015bci stewii (enzym -Zmodyfikowane glikozydy stewiolowe) i ekstrakt z li\u015bci stewii (Rebaudiozyd<\/p>\n<h2><strong>Now Foods Kids Vits 120 \u017celk\u00f3w &#8211; spos\u00f3b u\u017cycia: <\/strong><\/h2>\n<p>1 \u017celek dziennie dla dzieci powy\u017cej 4 roku \u017cycia<\/p>\n<p><strong>Nie przekracza\u0107 zalecanej porcji do spo\u017cycia w ci\u0105gu dnia. Produkt nie mo\u017ce by\u0107 stosowany jako substytut zr\u00f3\u017cnicowanej diety. Wa\u017cne jest stosowanie zr\u00f3\u017cnicowanej i zbilansowanej diety oraz prowadzenie zdrowego trybu \u017cycia.<\/strong><\/p>\n<p><strong>Przechowywanie<\/strong><\/p>\n<p>Po otwarciu przechowywa\u0107 w suchym i ciemnym miejscu, z dala od ma\u0142ych dzieci.<\/p>\n<p><strong>Ostrze\u017cenie<\/strong><\/p>\n<p>Spo\u017cycie w nadmiernych ilo\u015bciach mo\u017ce powodowa\u0107 efekt przeczyszczaj\u0105cy. Przypadkowe przedawkowanie \u015brodk\u00f3w z zawarto\u015bci\u0105 \u017celaza mo\u017ce prowadzi\u0107 do \u015bmiertelnego zatrucia u dzieci poni\u017cej 6 roku \u017cycia. W wypadku zatrucia, natychmiast kontaktowa\u0107 si\u0119 z lekarzem. Produkt nie jest wskazany dla dzieci poni\u017cej 4 lat z uwagi na mo\u017cliwe zad\u0142awienie.<\/p>\n<p><strong>Producent:<\/strong><\/p>\n<p>Now Foods<br \/>\n395 S. Glen Ellyn Road<br \/>\nIL 60108 Bloomingdale, Stany Zjednoczone<\/p>\n<p>&nbsp;<\/p>\n","protected":false},"excerpt":{"rendered":"<p>Suplement diety<\/p>\n<p>G\u0142\u00f3wnymi sk\u0142adnikami preparatu s\u0105 witaminy i minera\u0142y wspieraj\u0105ce uk\u0142ad immunologiczny, stanowi\u0105ce wsparcie dla budowy ko\u015bci, wspieraj\u0105ce dobre samopoczucie.<\/p>\n","protected":false},"featured_media":9464,"comment_status":"closed","ping_status":"closed","template":"","meta":[],"product_brand":[],"product_cat":[72],"product_tag":[],"class_list":{"0":"post-1106","1":"product","2":"type-product","3":"status-publish","4":"has-post-thumbnail","6":"product_cat-suplementy-diety","8":"first","9":"outofstock","10":"taxable","11":"shipping-taxable","12":"purchasable","13":"product-type-simple"},"_links":{"self":[{"href":"https:\/\/ziolazycia.com\/nowa\/wp-json\/wp\/v2\/product\/1106","targetHints":{"allow":["GET"]}}],"collection":[{"href":"https:\/\/ziolazycia.com\/nowa\/wp-json\/wp\/v2\/product"}],"about":[{"href":"https:\/\/ziolazycia.com\/nowa\/wp-json\/wp\/v2\/types\/product"}],"replies":[{"embeddable":true,"href":"https:\/\/ziolazycia.com\/nowa\/wp-json\/wp\/v2\/comments?post=1106"}],"wp:featuredmedia":[{"embeddable":true,"href":"https:\/\/ziolazycia.com\/nowa\/wp-json\/wp\/v2\/media\/9464"}],"wp:attachment":[{"href":"https:\/\/ziolazycia.com\/nowa\/wp-json\/wp\/v2\/media?parent=1106"}],"wp:term":[{"taxonomy":"product_brand","embeddable":true,"href":"https:\/\/ziolazycia.com\/nowa\/wp-json\/wp\/v2\/product_brand?post=1106"},{"taxonomy":"product_cat","embeddable":true,"href":"https:\/\/ziolazycia.com\/nowa\/wp-json\/wp\/v2\/product_cat?post=1106"},{"taxonomy":"product_tag","embeddable":true,"href":"https:\/\/ziolazycia.com\/nowa\/wp-json\/wp\/v2\/product_tag?post=1106"}],"curies":[{"name":"wp","href":"https:\/\/api.w.org\/{rel}","templated":true}]}}