{"id":11052,"date":"2025-02-25T08:16:41","date_gmt":"2025-02-25T07:16:41","guid":{"rendered":"https:\/\/ziolazycia.com\/nowa\/?post_type=product&#038;p=11052"},"modified":"2025-11-26T15:59:32","modified_gmt":"2025-11-26T14:59:32","slug":"pakiet-vip-konsultacje","status":"publish","type":"product","link":"https:\/\/ziolazycia.com\/nowa\/product\/pakiet-vip-konsultacje\/","title":{"rendered":"Pakiet VIP Konsultacje"},"content":{"rendered":"","protected":false},"excerpt":{"rendered":"<p>Je\u015bli chcesz indywidualnych spotka\u0144, na kt\u00f3rych otrzymasz wsparcie do\u015bwiadczonej mentorki i doradczyni dietetycznej z ponad 25-letnim sta\u017cem, podczas kt\u00f3rych om\u00f3wimy Twoje potrzeby i wsp\u00f3lnie znajdziemy najlepsze rozwi\u0105zania, ustalimy indywidualny plan suplementacji i diety, ten pakiet jest dla Ciebie! To kompleksowe rozwi\u0105zanie, kt\u00f3re \u0142\u0105czy m\u0105dro\u015b\u0107 Ajurwedy z praktycznymi wskaz\u00f3wkami dotycz\u0105cymi procesu przywracania zdrowia.<\/p>\n<div class=\"elementor-element elementor-element-4c45be5 elementor-widget elementor-widget-text-editor\" data-id=\"4c45be5\" data-element_type=\"widget\" data-widget_type=\"text-editor.default\">\n<div class=\"elementor-widget-container\">\n<p class=\"cvGsUA direction-ltr align-start para-style-body\"><span class=\"OYPEnA font-feature-liga-off font-feature-clig-off font-feature-calt-off text-decoration-none text-strikethrough-none\"><b>Co zyskasz dzi\u0119ki temu pakietowi?<\/b><\/span><\/p>\n<\/div>\n<\/div>\n<div class=\"elementor-element elementor-element-d355fde elementor-icon-list--layout-traditional elementor-list-item-link-full_width elementor-widget elementor-widget-icon-list\" data-id=\"d355fde\" data-element_type=\"widget\" data-widget_type=\"icon-list.default\">\n<div class=\"elementor-widget-container\">\n<ul class=\"elementor-icon-list-items\">\n<li style=\"list-style-type: none;\">\n<p data-pm-slice=\"1 1 []\">\u2705 W\u0142asn\u0105 strategi\u0119 zdrowia opart\u0105 o wcze\u015bniejsz\u0105 analiz\u0119 wraz ze wsparciem mentalnym<\/p>\n<p>\u2705 Wiedz\u0119, sprawdzone narz\u0119dzia i konkretne instrukcje uwzgl\u0119dniaj\u0105ce Tw\u00f3j stan<\/p>\n<p>\u2705 Kompleksowe informacje o suplementacji dopasowanej do Twoich potrzeb<\/p>\n<p>\u2705 Rekomendacje dietetyczne zgodne z Twoj\u0105 konstytucj\u0105 (prakriti)<\/p>\n<p>\u2705 Proste zmiany nawyk\u00f3w, kt\u00f3re przynios\u0105 ulg\u0119 i poprawi\u0105 jako\u015b\u0107 \u017cycia<\/p>\n<p>\u2705 Praktyczn\u0105 pomoc w procesie zdrowienia<\/li>\n<\/ul>\n<\/div>\n<\/div>\n<div class=\"elementor-element elementor-element-fb9816d elementor-widget elementor-widget-text-editor\" data-id=\"fb9816d\" data-element_type=\"widget\" data-widget_type=\"text-editor.default\">\n<div class=\"elementor-widget-container\">\n<p class=\"cvGsUA direction-ltr align-start para-style-body\"><span class=\"OYPEnA font-feature-liga-off font-feature-clig-off font-feature-calt-off text-decoration-none text-strikethrough-none\"><b>Co znajdziesz w pakiecie?<\/b><\/span><\/p>\n<p class=\"cvGsUA direction-ltr align-start para-style-body\"><span class=\"OYPEnA font-feature-liga-off font-feature-clig-off font-feature-calt-off text-decoration-none text-strikethrough-none\">A\u017c 4 spotkania z doradc\u0105 (stacjonarne lub WhatsApp), sprawdzon\u0105 wiedz\u0119 i praktyczne narz\u0119dzia oraz wsparcie mentalne od do\u015bwiadczonego praktyka podczas ca\u0142ego procesu przywracania zdrowia.<\/span><\/p>\n<p class=\"cvGsUA direction-ltr align-start para-style-body\"><span class=\"OYPEnA font-feature-liga-off font-feature-clig-off font-feature-calt-off text-decoration-none text-strikethrough-none\"><b>DARMOWE BONUSY O WARTO\u015aCI A\u017b 927 z\u0142 :<\/b><\/span><\/p>\n<p>\u2705 List\u0119 polecanych suplement\u00f3w i probiotyk\u00f3w <b>Warto\u015b\u0107: <s>99z\u0142<\/s><\/b><\/p>\n<p>\u2705 Ebook \u201eMenopauza to nie wyrok\u201d, <b>Warto\u015b\u0107: <s>159z\u0142<\/s><\/b><\/p>\n<p>\u2705 Wideo kurs (52 minuty) \u2013 uzupe\u0142nienie ebooka, kt\u00f3re wyja\u015bni najwa\u017cniejsze zagadnienia <b>Warto\u015b\u0107: <s>149z\u0142<\/s><\/b><\/p>\n<p>\u2705 Spis profilaktycznych bada\u0144 diagnostycznych, <b>Warto\u015b\u0107: <s>99z\u0142<\/s><\/b><\/p>\n<p>\u2705 Wega\u0144ski e-book z pysznymi przepisami, <b>Warto\u015b\u0107: <s>119z\u0142<\/s><\/b><\/p>\n<p>\u2705 Mini e-book \u201c5 naturalnych sposob\u00f3w na z\u0142agodzenie skutk\u00f3w menopauzy\u201d, <b>Warto\u015b\u0107: <s>99z\u0142<\/s><\/b><\/p>\n<p>\u2705 Mini e-book o \u201cPachn\u0105ca \u015bcie\u017cka do zdrowia czyli 3 sposoby u\u017cywania olejk\u00f3w eterycznych\u201d, <b>Warto\u015b\u0107: <s>99z\u0142<\/s><\/b><\/p>\n<p>\u2705 20 afirmacji wspieraj\u0105cych spok\u00f3j i harmoni\u0119. <b>Warto\u015b\u0107: <s>99z\u0142<\/s><\/b><\/p>\n<\/div>\n<\/div>\n","protected":false},"featured_media":11053,"comment_status":"open","ping_status":"closed","template":"","meta":[],"product_brand":[],"product_cat":[91,75,82],"product_tag":[],"class_list":{"0":"post-11052","1":"product","2":"type-product","3":"status-publish","4":"has-post-thumbnail","6":"product_cat-e-booki","7":"product_cat-konsultacje","8":"product_cat-kosmetyki-naturalne","10":"first","11":"instock","12":"featured","13":"downloadable","14":"virtual","15":"taxable","16":"purchasable","17":"product-type-simple"},"_links":{"self":[{"href":"https:\/\/ziolazycia.com\/nowa\/wp-json\/wp\/v2\/product\/11052","targetHints":{"allow":["GET"]}}],"collection":[{"href":"https:\/\/ziolazycia.com\/nowa\/wp-json\/wp\/v2\/product"}],"about":[{"href":"https:\/\/ziolazycia.com\/nowa\/wp-json\/wp\/v2\/types\/product"}],"replies":[{"embeddable":true,"href":"https:\/\/ziolazycia.com\/nowa\/wp-json\/wp\/v2\/comments?post=11052"}],"wp:featuredmedia":[{"embeddable":true,"href":"https:\/\/ziolazycia.com\/nowa\/wp-json\/wp\/v2\/media\/11053"}],"wp:attachment":[{"href":"https:\/\/ziolazycia.com\/nowa\/wp-json\/wp\/v2\/media?parent=11052"}],"wp:term":[{"taxonomy":"product_brand","embeddable":true,"href":"https:\/\/ziolazycia.com\/nowa\/wp-json\/wp\/v2\/product_brand?post=11052"},{"taxonomy":"product_cat","embeddable":true,"href":"https:\/\/ziolazycia.com\/nowa\/wp-json\/wp\/v2\/product_cat?post=11052"},{"taxonomy":"product_tag","embeddable":true,"href":"https:\/\/ziolazycia.com\/nowa\/wp-json\/wp\/v2\/product_tag?post=11052"}],"curies":[{"name":"wp","href":"https:\/\/api.w.org\/{rel}","templated":true}]}}