{"id":1102,"date":"2023-11-29T17:10:47","date_gmt":"2023-11-29T16:10:47","guid":{"rendered":"https:\/\/ziolazycia.com\/nowa\/?post_type=product&#038;p=1102"},"modified":"2025-11-26T15:58:27","modified_gmt":"2025-11-26T14:58:27","slug":"hawthorn-berry-owoc-glogu-540-mg-100-kapsulek-now-foods","status":"publish","type":"product","link":"https:\/\/ziolazycia.com\/nowa\/product\/hawthorn-berry-owoc-glogu-540-mg-100-kapsulek-now-foods\/","title":{"rendered":"Hawthorn Berry (Owoc g\u0142ogu) 540 mg 100 kapsu\u0142ek"},"content":{"rendered":"<p>Wsp\u00f3\u0142czesne badania naukowe okre\u015bli\u0142y wiele jego bioaktywnych sk\u0142adnik\u00f3w, a w\u015br\u00f3d nich OPCs (oligomeryczne procyjanidyny), co mo\u017ce sugerowa\u0107, \u017ce owoc g\u0142ogu mo\u017ce pozytywnie wp\u0142ywa\u0107 na uk\u0142ad sercowo-naczyniowy oraz ma w\u0142a\u015bciwo\u015bci niwelowania wolnych rodnik\u00f3w.<\/p>\n<p><strong>Zawarto\u015b\u0107 opakowania:<\/strong>\u00a0100 kapsu\u0142ek vege<\/p>\n<p><strong>Dzienne spo\u017cycie:<\/strong>\u00a01 kapsu\u0142ka<\/p>\n<p><strong>Sk\u0142adniki aktywne:<\/strong><\/p>\n<table width=\"100%\">\n<thead>\n<tr>\n<td><\/td>\n<td width=\"23%\">1 kapsu\u0142ka<\/td>\n<td width=\"1%\"><\/td>\n<\/tr>\n<\/thead>\n<tbody>\n<tr>\n<td>\n<table>\n<tbody>\n<tr>\n<td width=\"398\">Owoc g\u0142ogu (Crataegus laevigata)<\/td>\n<td width=\"1\"><\/td>\n<\/tr>\n<tr>\n<td width=\"398\"><\/td>\n<td width=\"1\"><\/td>\n<\/tr>\n<\/tbody>\n<\/table>\n<\/td>\n<td width=\"23%\">540 mg<\/p>\n<p>&nbsp;<\/p>\n<p>&nbsp;<\/td>\n<td width=\"1%\"><\/td>\n<\/tr>\n<\/tbody>\n<\/table>\n<p><strong>Sk\u0142adniki:<\/strong> Owoc g\u0142ogu (Crataegus laevigata); materia\u0142 kapsu\u0142ki: celuloza; substancja przeciwzbrylaj\u0105ca \u2013 kwas stearynowy.<\/p>\n<h2><strong>Hawthorn Berry 540 mg &#8211; spos\u00f3b u\u017cycia: <\/strong><\/h2>\n<p>1 kapsu\u0142ka dziennie<\/p>\n<p><strong>Nie przekracza\u0107 zalecanej porcji do spo\u017cycia w ci\u0105gu dnia. Produkt nie mo\u017ce by\u0107 stosowany jako substytut zr\u00f3\u017cnicowanej diety. Wa\u017cne jest stosowanie zr\u00f3\u017cnicowanej i zbilansowanej diety oraz prowadzenie zdrowego trybu \u017cycia.<\/strong><\/p>\n<p><strong>Przechowywanie<\/strong><\/p>\n<p>Po otwarciu przechowywa\u0107 w suchym i ciemnym miejscu, z dala od ma\u0142ych dzieci.<\/p>\n<p><strong>Producent:<\/strong><\/p>\n<p>Now Foods<br \/>\n395 S. Glen Ellyn Road<br \/>\nIL 60108 Bloomingdale, Stany Zjednoczone<\/p>\n","protected":false},"excerpt":{"rendered":"<p><strong>Suplement diety<\/strong><\/p>\n<p>Suplement diety, kt\u00f3rego g\u0142\u00f3wnym sk\u0142adnikiem zio\u0142owym jest owoc g\u0142ogu stosowany od dawna przez zielarzy jako tradycyjny asortyment zielarski.<\/p>\n","protected":false},"featured_media":9461,"comment_status":"closed","ping_status":"closed","template":"","meta":[],"product_brand":[],"product_cat":[72],"product_tag":[],"class_list":{"0":"post-1102","1":"product","2":"type-product","3":"status-publish","4":"has-post-thumbnail","6":"product_cat-suplementy-diety","8":"first","9":"instock","10":"sale","11":"taxable","12":"shipping-taxable","13":"purchasable","14":"product-type-simple"},"_links":{"self":[{"href":"https:\/\/ziolazycia.com\/nowa\/wp-json\/wp\/v2\/product\/1102","targetHints":{"allow":["GET"]}}],"collection":[{"href":"https:\/\/ziolazycia.com\/nowa\/wp-json\/wp\/v2\/product"}],"about":[{"href":"https:\/\/ziolazycia.com\/nowa\/wp-json\/wp\/v2\/types\/product"}],"replies":[{"embeddable":true,"href":"https:\/\/ziolazycia.com\/nowa\/wp-json\/wp\/v2\/comments?post=1102"}],"wp:featuredmedia":[{"embeddable":true,"href":"https:\/\/ziolazycia.com\/nowa\/wp-json\/wp\/v2\/media\/9461"}],"wp:attachment":[{"href":"https:\/\/ziolazycia.com\/nowa\/wp-json\/wp\/v2\/media?parent=1102"}],"wp:term":[{"taxonomy":"product_brand","embeddable":true,"href":"https:\/\/ziolazycia.com\/nowa\/wp-json\/wp\/v2\/product_brand?post=1102"},{"taxonomy":"product_cat","embeddable":true,"href":"https:\/\/ziolazycia.com\/nowa\/wp-json\/wp\/v2\/product_cat?post=1102"},{"taxonomy":"product_tag","embeddable":true,"href":"https:\/\/ziolazycia.com\/nowa\/wp-json\/wp\/v2\/product_tag?post=1102"}],"curies":[{"name":"wp","href":"https:\/\/api.w.org\/{rel}","templated":true}]}}