{"id":1093,"date":"2023-11-29T17:06:26","date_gmt":"2023-11-29T16:06:26","guid":{"rendered":"https:\/\/ziolazycia.com\/nowa\/?post_type=product&#038;p=1093"},"modified":"2025-11-26T15:58:26","modified_gmt":"2025-11-26T14:58:26","slug":"ginger-root-extract-korzen-imbiru-ekstrakt-250mg-90-kapsulek-weg-now-foods","status":"publish","type":"product","link":"https:\/\/ziolazycia.com\/nowa\/product\/ginger-root-extract-korzen-imbiru-ekstrakt-250mg-90-kapsulek-weg-now-foods\/","title":{"rendered":"Ginger Root Extract (Korze\u0144 imbiru ekstrakt) 250 mg 90 kapsu\u0142ek weg."},"content":{"rendered":"<p>Imbir (Zingiber officinale) to ro\u015blina pochodz\u0105ca z Azji Po\u0142udniowo-Wschodniej, ceniona od dawien dawna przez zielarzy z tamtego regionu. Jest powszechnie stosowany jako przyprawa kulinarna. Jest \u017ar\u00f3d\u0142em \u00a0<strong>witamin z\u00a0grupy B, witaminy E, witaminy C, olejk\u00f3w eterycznych, gingerolu, wapnia, magnezu, fosforu, cynku, miedzi czy potasu. <\/strong>Badania wykazuj\u0105, \u017ce imbir mo\u017ce wspomaga\u0107 prac\u0119 uk\u0142adu pokarmowego i mo\u017ce wspomaga\u0107 organizm poprzez z\u0142agodzenie torsji i rozstr\u00f3j \u017co\u0142\u0105dka. Mo\u017ce wp\u0142ywa\u0107 pozytywnie na uk\u0142ad trawienny. Ponadto imbir zawiera silne zwi\u0105zki niweluj\u0105cych wolne rodniki.<\/p>\n<p><strong>Zawarto\u015b\u0107 opakowania:<\/strong>\u00a090 kapsu\u0142ek<\/p>\n<p><strong>Dzienne spo\u017cycie:<\/strong>\u00a01 kapsu\u0142ka<\/p>\n<p><strong>Sk\u0142adniki aktywne:<\/strong><\/p>\n<table width=\"100%\">\n<thead>\n<tr>\n<td><\/td>\n<td width=\"23%\">1 kapsu\u0142ka<\/td>\n<td width=\"1%\"><\/td>\n<\/tr>\n<\/thead>\n<tbody>\n<tr>\n<td>\n<table>\n<tbody>\n<tr>\n<td>Ekstrakt z imbiru (Zingiber officinale) &#8211; korze\u0144, standaryzowany na min. 5% gingeroli<\/td>\n<td><\/td>\n<\/tr>\n<tr>\n<td>Imbir w proszku (Zingiber officinale) &#8211; korze\u0144<\/td>\n<td><\/td>\n<\/tr>\n<\/tbody>\n<\/table>\n<\/td>\n<td width=\"23%\">250 mg<\/p>\n<p>&nbsp;<\/p>\n<p>225 mg<\/td>\n<td width=\"1%\"><\/td>\n<\/tr>\n<\/tbody>\n<\/table>\n<p><strong>Sk\u0142adniki:<\/strong> Hypromeloza (kapsu\u0142ka celulozowa), kwas stearynowy (\u017ar\u00f3d\u0142o ro\u015blinne), stearynian magnezu (\u017ar\u00f3d\u0142o ro\u015blinne) i dwutlenek krzemu.<\/p>\n<p><strong>Ginger Root Extract ekstrakt 250 mg &#8211; spos\u00f3b u\u017cycia:<\/strong><\/p>\n<p>1 kapsu\u0142k\u0119\u00a0 do 3 razy dziennie.<\/p>\n<p><strong>Nie przekracza\u0107 zalecanej porcji do spo\u017cycia w ci\u0105gu dnia. Produkt nie mo\u017ce by\u0107 stosowany jako substytut zr\u00f3\u017cnicowanej diety. Wa\u017cne jest stosowanie zr\u00f3\u017cnicowanej i zbilansowanej diety oraz prowadzenie zdrowego trybu \u017cycia.<\/strong><\/p>\n<p><strong>Przechowywanie:<\/strong><\/p>\n<p>Po otwarciu przechowywa\u0107 w suchym i ciemnym miejscu, z dala od ma\u0142ych dzieci.<\/p>\n<p><strong>Producent:<\/strong><\/p>\n<p>Now Foods<br \/>\n395 S. Glen Ellyn Road<br \/>\nIL 60108 Bloomingdale, Stany Zjednoczone<\/p>\n<p>&nbsp;<\/p>\n","protected":false},"excerpt":{"rendered":"<p><strong>Suplement diety<\/strong><\/p>\n<p>Suplement diety standaryzowany do min. 5% gingeroli, mog\u0105cy stanowi\u0107 tymczasow\u0105 ulg\u0119 przy problemach \u017co\u0142\u0105dkowych.<\/p>\n","protected":false},"featured_media":9455,"comment_status":"closed","ping_status":"closed","template":"","meta":[],"product_brand":[],"product_cat":[72],"product_tag":[],"class_list":{"0":"post-1093","1":"product","2":"type-product","3":"status-publish","4":"has-post-thumbnail","6":"product_cat-suplementy-diety","8":"first","9":"outofstock","10":"taxable","11":"shipping-taxable","12":"purchasable","13":"product-type-simple"},"_links":{"self":[{"href":"https:\/\/ziolazycia.com\/nowa\/wp-json\/wp\/v2\/product\/1093","targetHints":{"allow":["GET"]}}],"collection":[{"href":"https:\/\/ziolazycia.com\/nowa\/wp-json\/wp\/v2\/product"}],"about":[{"href":"https:\/\/ziolazycia.com\/nowa\/wp-json\/wp\/v2\/types\/product"}],"replies":[{"embeddable":true,"href":"https:\/\/ziolazycia.com\/nowa\/wp-json\/wp\/v2\/comments?post=1093"}],"wp:featuredmedia":[{"embeddable":true,"href":"https:\/\/ziolazycia.com\/nowa\/wp-json\/wp\/v2\/media\/9455"}],"wp:attachment":[{"href":"https:\/\/ziolazycia.com\/nowa\/wp-json\/wp\/v2\/media?parent=1093"}],"wp:term":[{"taxonomy":"product_brand","embeddable":true,"href":"https:\/\/ziolazycia.com\/nowa\/wp-json\/wp\/v2\/product_brand?post=1093"},{"taxonomy":"product_cat","embeddable":true,"href":"https:\/\/ziolazycia.com\/nowa\/wp-json\/wp\/v2\/product_cat?post=1093"},{"taxonomy":"product_tag","embeddable":true,"href":"https:\/\/ziolazycia.com\/nowa\/wp-json\/wp\/v2\/product_tag?post=1093"}],"curies":[{"name":"wp","href":"https:\/\/api.w.org\/{rel}","templated":true}]}}