{"id":1089,"date":"2023-11-29T17:04:28","date_gmt":"2023-11-29T16:04:28","guid":{"rendered":"https:\/\/ziolazycia.com\/nowa\/?post_type=product&#038;p=1089"},"modified":"2025-11-26T15:58:26","modified_gmt":"2025-11-26T14:58:26","slug":"eve-90-tabletek-now-foods","status":"publish","type":"product","link":"https:\/\/ziolazycia.com\/nowa\/product\/eve-90-tabletek-now-foods\/","title":{"rendered":"EVE Multiwitamina i minera\u0142y dla Niej 90 tabletek"},"content":{"rendered":"<p><strong>EVE<\/strong> to suplement diety, kt\u00f3ry w swoim sk\u0142adzie zawiera kompleks witamin, sk\u0142adnik\u00f3w mineralnych oraz wyci\u0105g\u00f3w ro\u015blinnych. Dodatkowo jest on wzbogacony m.in.o inozytol, koenzym Q10, kwas alfa-liponowy, \u017curawin\u0119, biotyn\u0119. Formu\u0142a preparatu zosta\u0142a specjalnie skomponowana z my\u015bl\u0105 o doros\u0142ych kobietach.<\/p>\n<p><strong>Zawarto\u015b\u0107 opakowania<\/strong>:\u00a090 tabletek<\/p>\n<p><strong>Dzienne spo\u017cycie<\/strong>:\u00a06 kapsu\u0142ek<\/p>\n<p><strong>Sk\u0142adniki aktywne:<\/strong><\/p>\n<table width=\"100%\">\n<thead>\n<tr>\n<td width=\"76%\"><\/td>\n<td width=\"21%\"><strong>3 tabletki<\/strong><\/td>\n<td width=\"1%\"><\/td>\n<\/tr>\n<\/thead>\n<tbody>\n<tr>\n<td width=\"76%\">Witamina C<\/td>\n<td width=\"21%\">300 mg<\/td>\n<td width=\"1%\"><\/td>\n<\/tr>\n<tr>\n<td width=\"76%\">Wap\u0144 (z Aquamin\u00ae TG \u2013 minera\u0142y pochodzenia morskiego)<\/p>\n<table>\n<tbody>\n<tr>\n<td>Witamina E<\/td>\n<td><\/td>\n<\/tr>\n<tr>\n<td>Magnez<\/p>\n<p>Owoc \u017curawiny (Vaccinium macrocarpon)<\/td>\n<td><\/td>\n<\/tr>\n<tr>\n<td>Owoc granatu (wyci\u0105g)<\/td>\n<td><\/td>\n<\/tr>\n<\/tbody>\n<\/table>\n<p>Owoc Acai (wyci\u0105g z ekologicznego mi\u0105\u017cszu)<\/p>\n<p>Mangostan w\u0142a\u015bciwy (Garcinia mangostana) (wyci\u0105g ze sk\u00f3rki)<\/p>\n<p>Kwas pantotenowy (witamina B5)<\/p>\n<p>Kwas alfa-liponowy<\/p>\n<p>Niacyna (witamina B3)<\/p>\n<p>Koenzym Q10<\/p>\n<p>Sok Aloesu zwyczajnego (proszek)<\/p>\n<p>Tiamina (witamina B1)<\/p>\n<p>Ryboflawina (witamina B2)<\/p>\n<p>Witamina B6<\/p>\n<p>Cholina<\/p>\n<p>Inozytol<\/p>\n<p>\u017belazo (Ferrochel\u00ae)<\/p>\n<p>Cynk<\/p>\n<p>Ekstrakt z koncentratu pomidora (Likopen)<\/p>\n<p>Witamina A (beta karoten)<\/p>\n<p>Mangan<\/p>\n<p>Mied\u017a<\/p>\n<p>Kwas foliowy<\/p>\n<p>Kwiat nagietka lekarskiego (ekstrakt) (Luteina)<\/p>\n<p>Biotyna<\/p>\n<p>Witamina B12 (Metylokobalamina)<\/p>\n<p>Selen<\/p>\n<p>Jod<\/p>\n<p>Chrom<\/p>\n<p>Witamina K2<\/p>\n<p>Molibden<\/p>\n<p>Witamina D<\/p>\n<p>&nbsp;<\/td>\n<td width=\"21%\">250 mg<\/p>\n<p>134 mg<\/p>\n<p>100 mg<\/p>\n<p>100 mg<\/p>\n<p>50 mg<\/p>\n<p>50 mg<\/p>\n<p>50 mg<\/p>\n<p>50 mg<\/p>\n<p>30 mg<\/p>\n<p>30 mg<\/p>\n<p>30 mg<\/p>\n<p>25 mg<\/p>\n<p>25 mg<\/p>\n<p>25 mg<\/p>\n<p>25 mg<\/p>\n<p>25 mg<\/p>\n<p>25 mg<\/p>\n<p>18 mg<\/p>\n<p>15 mg<\/p>\n<p>5 mg<\/p>\n<p>3000 mcg<\/p>\n<p>2 mg<\/p>\n<p>1 mg<\/p>\n<p>800 mcg<\/p>\n<p>0,625 mg<\/p>\n<p>300 mcg<\/p>\n<p>200 mcg<\/p>\n<p>200 mcg<\/p>\n<p>150 mcg<\/p>\n<p>120 mcg<\/p>\n<p>80 mcg<\/p>\n<p>75 mcg<\/p>\n<p>25 mcg<\/td>\n<td width=\"1%\"><\/td>\n<\/tr>\n<\/tbody>\n<\/table>\n<p><strong>Sk\u0142adniki:<\/strong> Askorbinian wapnia; 6-palmitynian L-askorbylu; w\u0119glan wapnia; bursztynian D-alfa-tokoferylu; cytrynian magnezu; owoc \u017curawiny (Vaccinium macrocarpon); D-pantotenian wapnia; kwas alfa-liponowy; amid kwasu nikotynowego, hexanikotynian inozytolu; koenzym Q10 (ubichinon); sok aloesu zwyczajnego (Aloe vera Succus) proszek; chlorowodorek tiaminy; ryboflawina; chlorowodorek pirydoksyny, pirydoksalo-5-fosforan; chlorek potasu; dwuwinian choliny); diglicynian \u017celaza; L-pidolan cynku; ekstrakt koncentratu pomidora (Lycopersicon esculentum) (DER 1053:1, 10% likopenu); beta karoten; diglicynian manganu; diglicynian miedzi; kwas pteroilomonoglutaminowy; kwiat nagietka lekarskiego (Calendula officinalis Flos) ekstrakt (DER 2265:1, 80% luteiny); D-biotyna; metylokobalamina; L-selenometionina; jodek potasu; pikolinian chromu; witamina K (jako K2): menachinon, filochinon; molibdenian (VI) sodu; ergokalcyferol; substancja wype\u0142niaj\u0105ca: celuloza mikrokrystaliczna; materia\u0142 kapsu\u0142ki: celuloza estryfikowana; no\u015bnik: kroskarmeloza sodowa; substancja przeciwzbrylaj\u0105ca: kwas stearynowy, krzemionka bezpostaciowa.<\/p>\n<h2>EVE Multiwitamina i minera\u0142y dla Niej &#8211; spos\u00f3b u\u017cycia:<\/h2>\n<p>3 tabletki dziennie popijaj\u0105c wod\u0105<\/p>\n<p>Nie przekracza\u0107 zalecanej porcji do spo\u017cycia w ci\u0105gu dnia. Produkt nie mo\u017ce by\u0107 stosowany jako substytut zr\u00f3\u017cnicowanej diety. Wa\u017cne jest stosowanie zr\u00f3\u017cnicowanej i zbilansowanej diety oraz prowadzenie zdrowego trybu \u017cycia.<\/p>\n<p><strong>Przechowywanie<\/strong><\/p>\n<p>Po otwarciu przechowywa\u0107 w suchym i ciemnym miejscu, z dala od ma\u0142ych dzieci.<\/p>\n<p><strong>Producent:<\/strong><\/p>\n<p>Now Foods<br \/>\n395 S. Glen Ellyn Road<br \/>\nIL 60108 Bloomingdale, Stany Zjednoczone<\/p>\n<p>&nbsp;<\/p>\n<p>&nbsp;<\/p>\n","protected":false},"excerpt":{"rendered":"<p><strong>Suplement diety<\/strong><\/p>\n<h2>Wsparcie og\u00f3lnego stanu zdrowia kobiety<\/h2>\n","protected":false},"featured_media":9452,"comment_status":"closed","ping_status":"closed","template":"","meta":[],"product_brand":[],"product_cat":[72],"product_tag":[],"class_list":{"0":"post-1089","1":"product","2":"type-product","3":"status-publish","4":"has-post-thumbnail","6":"product_cat-suplementy-diety","8":"first","9":"outofstock","10":"sale","11":"taxable","12":"shipping-taxable","13":"purchasable","14":"product-type-simple"},"_links":{"self":[{"href":"https:\/\/ziolazycia.com\/nowa\/wp-json\/wp\/v2\/product\/1089","targetHints":{"allow":["GET"]}}],"collection":[{"href":"https:\/\/ziolazycia.com\/nowa\/wp-json\/wp\/v2\/product"}],"about":[{"href":"https:\/\/ziolazycia.com\/nowa\/wp-json\/wp\/v2\/types\/product"}],"replies":[{"embeddable":true,"href":"https:\/\/ziolazycia.com\/nowa\/wp-json\/wp\/v2\/comments?post=1089"}],"wp:featuredmedia":[{"embeddable":true,"href":"https:\/\/ziolazycia.com\/nowa\/wp-json\/wp\/v2\/media\/9452"}],"wp:attachment":[{"href":"https:\/\/ziolazycia.com\/nowa\/wp-json\/wp\/v2\/media?parent=1089"}],"wp:term":[{"taxonomy":"product_brand","embeddable":true,"href":"https:\/\/ziolazycia.com\/nowa\/wp-json\/wp\/v2\/product_brand?post=1089"},{"taxonomy":"product_cat","embeddable":true,"href":"https:\/\/ziolazycia.com\/nowa\/wp-json\/wp\/v2\/product_cat?post=1089"},{"taxonomy":"product_tag","embeddable":true,"href":"https:\/\/ziolazycia.com\/nowa\/wp-json\/wp\/v2\/product_tag?post=1089"}],"curies":[{"name":"wp","href":"https:\/\/api.w.org\/{rel}","templated":true}]}}