{"id":1085,"date":"2023-11-29T17:02:59","date_gmt":"2023-11-29T16:02:59","guid":{"rendered":"https:\/\/ziolazycia.com\/nowa\/?post_type=product&#038;p=1085"},"modified":"2025-11-26T15:58:26","modified_gmt":"2025-11-26T14:58:26","slug":"devils-claw-diabelski-pazur-100-kapsulek-now-foods","status":"publish","type":"product","link":"https:\/\/ziolazycia.com\/nowa\/product\/devils-claw-diabelski-pazur-100-kapsulek-now-foods\/","title":{"rendered":"Devil&#8217;s Claw (Diabelski pazur) 100 kapsu\u0142ek"},"content":{"rendered":"<p>Dzi\u0119ki obecno\u015bci harpagozydu, <strong>czarci pazur<\/strong> (bo tak inaczej zwany jest diabelski pazur) mo\u017ce wykazywa\u0107 w\u0142a\u015bciwo\u015bci przeciwzapalne i przeciwb\u00f3lowe, szczeg\u00f3lnie je\u015bli chodzi o stawy. Mo\u017ce r\u00f3wnie\u017c wykazywa\u0107 dzia\u0142anie antyoksydacyjne.<\/p>\n<p><strong>\u017br\u00f3d\u0142a:<\/strong><\/p>\n<p>Oltean H , Gagnier JJ, Van Tulder MW, Berman BM, Bombardier C, Robbins CB. Herbal Medicine for Low Back Pain: A Cochrane Review. Spine (Phila Pa 1976). 2016 Jan;41(2):116-33<\/p>\n<p><strong>Zawarto\u015b\u0107 opakowania:<\/strong>\u00a0100 vege kapsu\u0142ek<\/p>\n<p><strong>Dzienne spo\u017cycie<\/strong>:\u00a06 kapsu\u0142ek<\/p>\n<p><strong>Sk\u0142adniki aktywne:<\/strong><\/p>\n<table width=\"100%\">\n<thead>\n<tr>\n<td>&nbsp;<\/p>\n<p>&nbsp;<\/p>\n<p>Ekstrakt z korzenia Devil&#8217;s Claw (Harpagophytum procumbens i \/ lub Harpagophytum zeyheri)<\/td>\n<td width=\"23%\"><strong>6 kapsu\u0142ek<\/strong><\/td>\n<td width=\"1%\"><\/td>\n<\/tr>\n<\/thead>\n<tbody>\n<tr>\n<td><\/td>\n<td width=\"23%\">996mg<\/td>\n<td width=\"1%\"><\/td>\n<\/tr>\n<\/tbody>\n<\/table>\n<p><strong>Sk\u0142adniki<\/strong>: Ekstrakt z korzenia Devil&#8217;s Claw (Harpagophytum procumbens i \/ lubHarpagophytum zeyheri) (DER 6:1), m\u0105ka ry\u017cowa, \u017celatyna jako sk\u0142adnik otoczki.<\/p>\n<h2>Devil&#8217;s Claw &#8211; spos\u00f3b u\u017cycia:<\/h2>\n<p>2 kapsu\u0142ki 3 razy dziennie popijaj\u0105c wod\u0105<\/p>\n<p>Nie przekracza\u0107 zalecanej porcji do spo\u017cycia w ci\u0105gu dnia. Produkt nie mo\u017ce by\u0107 stosowany jako substytut zr\u00f3\u017cnicowanej diety. Wa\u017cne jest stosowanie zr\u00f3\u017cnicowanej i zbilansowanej diety oraz prowadzenie zdrowego trybu \u017cycia.<\/p>\n<p><strong>Przechowywanie<\/strong><\/p>\n<p>Po otwarciu przechowywa\u0107 w suchym i ciemnym miejscu, z dala od ma\u0142ych dzieci.<\/p>\n<p><strong>Producent:<\/strong><\/p>\n<p>Now Foods<br \/>\n395 S. Glen Ellyn Road<br \/>\nIL 60108 Bloomingdale, Stany Zjednoczone<\/p>\n<p>&nbsp;<\/p>\n","protected":false},"excerpt":{"rendered":"<p><strong>Suplement diety<\/strong><\/p>\n<h2>Wsparcie zdrowia staw\u00f3w<\/h2>\n<p><strong>Devil&#8217;s Claw<\/strong> to suplement diety, kt\u00f3rego g\u0142\u00f3wnym sk\u0142adnikiem jest ekstrakt z korzenia <strong>diabelskiego pazura<\/strong> <strong>(hakoro\u015bli rozes\u0142anej)<\/strong>, zawieraj\u0105cy bioaktywne flawonoidy oraz fitosterole.<\/p>\n","protected":false},"featured_media":9449,"comment_status":"closed","ping_status":"closed","template":"","meta":[],"product_brand":[],"product_cat":[72],"product_tag":[],"class_list":{"0":"post-1085","1":"product","2":"type-product","3":"status-publish","4":"has-post-thumbnail","6":"product_cat-suplementy-diety","8":"first","9":"instock","10":"sale","11":"taxable","12":"shipping-taxable","13":"purchasable","14":"product-type-simple"},"_links":{"self":[{"href":"https:\/\/ziolazycia.com\/nowa\/wp-json\/wp\/v2\/product\/1085","targetHints":{"allow":["GET"]}}],"collection":[{"href":"https:\/\/ziolazycia.com\/nowa\/wp-json\/wp\/v2\/product"}],"about":[{"href":"https:\/\/ziolazycia.com\/nowa\/wp-json\/wp\/v2\/types\/product"}],"replies":[{"embeddable":true,"href":"https:\/\/ziolazycia.com\/nowa\/wp-json\/wp\/v2\/comments?post=1085"}],"wp:featuredmedia":[{"embeddable":true,"href":"https:\/\/ziolazycia.com\/nowa\/wp-json\/wp\/v2\/media\/9449"}],"wp:attachment":[{"href":"https:\/\/ziolazycia.com\/nowa\/wp-json\/wp\/v2\/media?parent=1085"}],"wp:term":[{"taxonomy":"product_brand","embeddable":true,"href":"https:\/\/ziolazycia.com\/nowa\/wp-json\/wp\/v2\/product_brand?post=1085"},{"taxonomy":"product_cat","embeddable":true,"href":"https:\/\/ziolazycia.com\/nowa\/wp-json\/wp\/v2\/product_cat?post=1085"},{"taxonomy":"product_tag","embeddable":true,"href":"https:\/\/ziolazycia.com\/nowa\/wp-json\/wp\/v2\/product_tag?post=1085"}],"curies":[{"name":"wp","href":"https:\/\/api.w.org\/{rel}","templated":true}]}}