{"id":1081,"date":"2023-11-29T16:59:51","date_gmt":"2023-11-29T15:59:51","guid":{"rendered":"https:\/\/ziolazycia.com\/nowa\/?post_type=product&#038;p=1081"},"modified":"2025-11-26T15:58:25","modified_gmt":"2025-11-26T14:58:25","slug":"dandelion-root-korzen-mniszka-500mg-100-kapsulek-now-foods","status":"publish","type":"product","link":"https:\/\/ziolazycia.com\/nowa\/product\/dandelion-root-korzen-mniszka-500mg-100-kapsulek-now-foods\/","title":{"rendered":"Dandelion Root (Korze\u0144 mniszka) 500 mg &#8211; 100 kapsu\u0142ek"},"content":{"rendered":"<p>Mniszek lekarski to niedocenione i cz\u0119sto eliminowane ziele. Tymczasem ju\u017c od dawien dawna znane s\u0105 jego prozdrowotne w\u0142a\u015bciwo\u015bci.<\/p>\n<p>Korze\u0144 mniszka zawiera glikozydy, triterpeny, sterole, olejki lotne, cholin\u0119, asparagin\u0119, inulin\u0119. Zwi\u0105zki te mog\u0105 wspomaga\u0107 prac\u0119 w\u0105troby jak i\u00a0 procesy trawienne. Ponadto mog\u0105 tak\u017ce wspiera\u0107 prawid\u0142owe funkcjonowanie p\u0119cherzyka \u017c\u00f3\u0142ciowego. Dodatkowo mog\u0105 by\u0107 pomocne w usuwaniu toksyn z organizmu.<\/p>\n<p>\u0179r\u00f3d\u0142o<\/p>\n<ol start=\"101\">\n<li>Rolnik, B. Olas,\u00a0Mniszek pospolity (Taraxacum Officinale) &#8211; skarbnica zwi\u0105zk\u00f3w prozdrowotnych, \u201cKosmos. Problemy Nauk Biologicznych\u201d 2019, nr 1, s. 97-101.<\/li>\n<\/ol>\n<p><strong>Zawarto\u015b\u0107 opakowania<\/strong>:\u00a0100 vege kapsu\u0142ek<\/p>\n<p><strong>Dzienne spo\u017cycie<\/strong>:\u00a01-2 kapsu\u0142ek<\/p>\n<p><strong>Sk\u0142adniki aktywne:<\/strong><\/p>\n<table width=\"100%\">\n<thead>\n<tr>\n<td><\/td>\n<td width=\"23%\"><strong>1 kapsu\u0142ka<\/strong><\/td>\n<td width=\"1%\"><\/td>\n<\/tr>\n<\/thead>\n<tbody>\n<tr>\n<td>\n<table>\n<tbody>\n<tr>\n<td>Korze\u0144 mniszka lekarskiego (Taraxacum officinale)<\/td>\n<\/tr>\n<tr>\n<td><\/td>\n<\/tr>\n<\/tbody>\n<\/table>\n<\/td>\n<td width=\"23%\">500mg<\/td>\n<td width=\"1%\"><\/td>\n<\/tr>\n<\/tbody>\n<\/table>\n<p>Sk\u0142adniki: Mniszek lekarski organiczny (Taraxacum officinale), celuloza (kapsu\u0142ka), ro\u015blinny kwas stearynowy \u2013 substancja wype\u0142niaj\u0105ca, krzemionka \u2013 substancja przeciwzbrylaj\u0105ca..<\/p>\n<h2>Dandelion Root 500 mg &#8211; spos\u00f3b u\u017cycia:<\/h2>\n<p>1 kapsu\u0142ka 1 do 2 razy dziennie popijaj\u0105c wod\u0105<\/p>\n<p>Nie przekracza\u0107 zalecanej porcji do spo\u017cycia w ci\u0105gu dnia. Produkt nie mo\u017ce by\u0107 stosowany jako substytut zr\u00f3\u017cnicowanej diety. Wa\u017cne jest stosowanie zr\u00f3\u017cnicowanej i zbilansowanej diety oraz prowadzenie zdrowego trybu \u017cycia.<\/p>\n<p><strong>Przechowywanie:<\/strong><\/p>\n<p>Po otwarciu przechowywa\u0107 w suchym i ciemnym miejscu, z dala od ma\u0142ych dzieci.<\/p>\n<p><strong>Producent:<\/strong><\/p>\n<p>Now Foods<br \/>\n395 S. Glen Ellyn Road<br \/>\nIL 60108 Bloomingdale, Stany Zjednoczone<\/p>\n<p>&nbsp;<\/p>\n","protected":false},"excerpt":{"rendered":"<p>Suplement diety<\/p>\n<p>Dandelion Root to suplement diety, kt\u00f3rego g\u0142\u00f3wnym sk\u0142adnikiem jest sproszkowany korze\u0144 mniszka lekarskiego (Taraxacum officinale).<\/p>\n","protected":false},"featured_media":9446,"comment_status":"closed","ping_status":"closed","template":"","meta":[],"product_brand":[],"product_cat":[72],"product_tag":[],"class_list":{"0":"post-1081","1":"product","2":"type-product","3":"status-publish","4":"has-post-thumbnail","6":"product_cat-suplementy-diety","8":"first","9":"instock","10":"sale","11":"taxable","12":"shipping-taxable","13":"purchasable","14":"product-type-simple"},"_links":{"self":[{"href":"https:\/\/ziolazycia.com\/nowa\/wp-json\/wp\/v2\/product\/1081","targetHints":{"allow":["GET"]}}],"collection":[{"href":"https:\/\/ziolazycia.com\/nowa\/wp-json\/wp\/v2\/product"}],"about":[{"href":"https:\/\/ziolazycia.com\/nowa\/wp-json\/wp\/v2\/types\/product"}],"replies":[{"embeddable":true,"href":"https:\/\/ziolazycia.com\/nowa\/wp-json\/wp\/v2\/comments?post=1081"}],"wp:featuredmedia":[{"embeddable":true,"href":"https:\/\/ziolazycia.com\/nowa\/wp-json\/wp\/v2\/media\/9446"}],"wp:attachment":[{"href":"https:\/\/ziolazycia.com\/nowa\/wp-json\/wp\/v2\/media?parent=1081"}],"wp:term":[{"taxonomy":"product_brand","embeddable":true,"href":"https:\/\/ziolazycia.com\/nowa\/wp-json\/wp\/v2\/product_brand?post=1081"},{"taxonomy":"product_cat","embeddable":true,"href":"https:\/\/ziolazycia.com\/nowa\/wp-json\/wp\/v2\/product_cat?post=1081"},{"taxonomy":"product_tag","embeddable":true,"href":"https:\/\/ziolazycia.com\/nowa\/wp-json\/wp\/v2\/product_tag?post=1081"}],"curies":[{"name":"wp","href":"https:\/\/api.w.org\/{rel}","templated":true}]}}