{"id":1077,"date":"2023-11-29T16:57:43","date_gmt":"2023-11-29T15:57:43","guid":{"rendered":"https:\/\/ziolazycia.com\/nowa\/?post_type=product&#038;p=1077"},"modified":"2025-11-26T15:58:24","modified_gmt":"2025-11-26T14:58:24","slug":"coq10-koenzym-q10-30mg-120-kapsulek-now-foods","status":"publish","type":"product","link":"https:\/\/ziolazycia.com\/nowa\/product\/coq10-koenzym-q10-30mg-120-kapsulek-now-foods\/","title":{"rendered":"CoQ10 (Koenzym Q10) 30 mg 120 kapsu\u0142ek"},"content":{"rendered":"<p>Powszechnie wiadomo, \u017ce Koenzym Q10: spowalnia procesy starzenia, zwi\u0119ksza wydolno\u015b\u0107 energetyczn\u0105 organizmu, wp\u0142ywa na popraw\u0119 pracy mi\u0119\u015bnia sercowego. Ponadto mo\u017ce by\u0107 wsparciem przy przeciwdzia\u0142aniu wyst\u0119powania mia\u017cd\u017cycy. Jest r\u00f3wnie\u017c\u00a0 jednym z najsilniejszych przeciwutleniaczy.<\/p>\n<p><strong>Zawarto\u015b\u0107 opakowania<\/strong>:\u00a0120 kapsu\u0142ek<\/p>\n<p><strong>Dzienne spo\u017cycie<\/strong>:\u00a01-2 kapsu\u0142ki<\/p>\n<p><strong>Sk\u0142adniki aktywne:<\/strong><\/p>\n<table width=\"100%\">\n<thead>\n<tr>\n<td><\/td>\n<td width=\"23%\"><strong>1 kapsu\u0142ka<\/strong><\/td>\n<td width=\"1%\"><\/td>\n<\/tr>\n<\/thead>\n<tbody>\n<tr>\n<td>Koenzym Q10<\/td>\n<td width=\"23%\">30mg<\/td>\n<td width=\"1%\"><\/td>\n<\/tr>\n<\/tbody>\n<\/table>\n<p><strong>Sk\u0142adniki<\/strong>: Koenzym Q10, bia\u0142a m\u0105ka ry\u017cowa oraz celuloza jako sk\u0142adnik otoczki.<\/p>\n<h2>CoQ10 30 mg &#8211; spos\u00f3b u\u017cycia:<\/h2>\n<p>1 kapsu\u0142ka 1 do 2 razy dziennie<\/p>\n<p>Nie przekracza\u0107 zalecanej porcji do spo\u017cycia w ci\u0105gu dnia. Produkt nie mo\u017ce by\u0107 stosowany jako substytut zr\u00f3\u017cnicowanej diety. Wa\u017cne jest stosowanie zr\u00f3\u017cnicowanej i zbilansowanej diety oraz prowadzenie zdrowego trybu \u017cycia.<\/p>\n<p><strong>Przechowywanie<\/strong><\/p>\n<p>Po otwarciu przechowywa\u0107 w suchym i ciemnym miejscu, z dala od ma\u0142ych dzieci.<\/p>\n<p><strong>Producent:<\/strong><\/p>\n<p>Now Foods<br \/>\n395 S. Glen Ellyn Road<br \/>\nIL 60108 Bloomingdale, Stany Zjednoczone<\/p>\n<p>&nbsp;<\/p>\n","protected":false},"excerpt":{"rendered":"<p><strong>Suplement diety<\/strong><\/p>\n<h2>Wsparcie sercowo-naczyniowe<\/h2>\n<p>Koenzyn Q 10 to zwi\u0105zek podobny w swoim dzia\u0142aniu do witamin. Po 35 roku \u017cycia produkujemy go za ma\u0142o, dlatego powinni\u015bmy uzupe\u0142ni\u0107 niedobory CoQ10.<\/p>\n","protected":false},"featured_media":9443,"comment_status":"closed","ping_status":"closed","template":"","meta":[],"product_brand":[],"product_cat":[72],"product_tag":[],"class_list":{"0":"post-1077","1":"product","2":"type-product","3":"status-publish","4":"has-post-thumbnail","6":"product_cat-suplementy-diety","8":"first","9":"instock","10":"sale","11":"taxable","12":"shipping-taxable","13":"purchasable","14":"product-type-simple"},"_links":{"self":[{"href":"https:\/\/ziolazycia.com\/nowa\/wp-json\/wp\/v2\/product\/1077","targetHints":{"allow":["GET"]}}],"collection":[{"href":"https:\/\/ziolazycia.com\/nowa\/wp-json\/wp\/v2\/product"}],"about":[{"href":"https:\/\/ziolazycia.com\/nowa\/wp-json\/wp\/v2\/types\/product"}],"replies":[{"embeddable":true,"href":"https:\/\/ziolazycia.com\/nowa\/wp-json\/wp\/v2\/comments?post=1077"}],"wp:featuredmedia":[{"embeddable":true,"href":"https:\/\/ziolazycia.com\/nowa\/wp-json\/wp\/v2\/media\/9443"}],"wp:attachment":[{"href":"https:\/\/ziolazycia.com\/nowa\/wp-json\/wp\/v2\/media?parent=1077"}],"wp:term":[{"taxonomy":"product_brand","embeddable":true,"href":"https:\/\/ziolazycia.com\/nowa\/wp-json\/wp\/v2\/product_brand?post=1077"},{"taxonomy":"product_cat","embeddable":true,"href":"https:\/\/ziolazycia.com\/nowa\/wp-json\/wp\/v2\/product_cat?post=1077"},{"taxonomy":"product_tag","embeddable":true,"href":"https:\/\/ziolazycia.com\/nowa\/wp-json\/wp\/v2\/product_tag?post=1077"}],"curies":[{"name":"wp","href":"https:\/\/api.w.org\/{rel}","templated":true}]}}