{"id":1074,"date":"2023-11-29T16:54:16","date_gmt":"2023-11-29T15:54:16","guid":{"rendered":"https:\/\/ziolazycia.com\/nowa\/?post_type=product&#038;p=1074"},"modified":"2025-11-26T15:58:24","modified_gmt":"2025-11-26T14:58:24","slug":"colloidal-minerals-mineraly-koloidalne-plyn-946-ml-now-foods","status":"publish","type":"product","link":"https:\/\/ziolazycia.com\/nowa\/product\/colloidal-minerals-mineraly-koloidalne-plyn-946-ml-now-foods\/","title":{"rendered":"Colloidal Minerals (Minera\u0142y koloidalne) p\u0142yn 946 ml"},"content":{"rendered":"<p>Minera\u0142y wyst\u0119puj\u0105ce naturalnie w kwasie fulwowym to: bor, wap\u0144, chrom, mied\u017a, \u017celazo, magnez, mangan, molibden, fosfor, potas, selen, srebro, s\u00f3d, siarka, cynk.<\/p>\n<p><strong>Zawarto\u015b\u0107 opakowania<\/strong>:\u00a0p\u0142yn 946 ml<\/p>\n<p><strong>Dzienne spo\u017cycie:<\/strong>\u00a030ml<\/p>\n<p><strong>Sk\u0142adniki aktywne:<\/strong><\/p>\n<table width=\"100%\">\n<thead>\n<tr>\n<td><\/td>\n<td width=\"23%\"><strong>1 \u0142y\u017cka sto\u0142owa<\/strong><\/td>\n<td width=\"1%\"><\/td>\n<\/tr>\n<\/thead>\n<tbody>\n<tr>\n<td>Mieszanka minera\u0142\u00f3w koloidalnych<\/td>\n<td width=\"23%\">\u00a015 ml<\/td>\n<td width=\"1%\"><\/td>\n<\/tr>\n<\/tbody>\n<\/table>\n<p><strong>Sk\u0142adniki:<\/strong> Mieszanka minera\u0142\u00f3w koloidalnych, woda oczyszczona, kwas fulwowy, regulator kwasowo\u015bci: kwas cytrynowy, sorbinian potasu i benzoesan potasu.<\/p>\n<p><strong>Colloidal Minerals 946 ml &#8211; spos\u00f3b u\u017cycia:<\/strong><\/p>\n<p>2 \u0142y\u017cki sto\u0142owe (30 ml) zmieszane z wod\u0105 lub sokiem, dobrze wstrz\u0105sn\u0105\u0107 przed u\u017cyciem<\/p>\n<p>Nie przekracza\u0107 zalecanej porcji do spo\u017cycia w ci\u0105gu dnia. Produkt nie mo\u017ce by\u0107 stosowany jako substytut zr\u00f3\u017cnicowanej diety. Wa\u017cne jest stosowanie zr\u00f3\u017cnicowanej i zbilansowanej diety oraz prowadzenie zdrowego trybu \u017cycia.<\/p>\n<p><strong>Przechowywanie<\/strong><\/p>\n<p>Po otwarciu przechowywa\u0107 w suchym i ciemnym miejscu, z dala od ma\u0142ych dzieci.<\/p>\n<p><strong>Producent:<\/strong><\/p>\n<p>Now Foods<br \/>\n395 S. Glen Ellyn Road<br \/>\nIL 60108 Bloomingdale, Stany Zjednoczone<\/p>\n","protected":false},"excerpt":{"rendered":"<p><strong>Suplement diety<\/strong><\/p>\n<p>&nbsp;<\/p>\n<p>Suplement diety, kt\u00f3rego g\u0142\u00f3wnym sk\u0142adnikiem s\u0105 \u015bladowe ilo\u015bci rozpuszczalnych w wodzie minera\u0142\u00f3w zawartych w kwasie fulwowym.<\/p>\n","protected":false},"featured_media":9441,"comment_status":"closed","ping_status":"closed","template":"","meta":[],"product_brand":[],"product_cat":[72],"product_tag":[],"class_list":{"0":"post-1074","1":"product","2":"type-product","3":"status-publish","4":"has-post-thumbnail","6":"product_cat-suplementy-diety","8":"first","9":"outofstock","10":"taxable","11":"shipping-taxable","12":"purchasable","13":"product-type-simple"},"_links":{"self":[{"href":"https:\/\/ziolazycia.com\/nowa\/wp-json\/wp\/v2\/product\/1074","targetHints":{"allow":["GET"]}}],"collection":[{"href":"https:\/\/ziolazycia.com\/nowa\/wp-json\/wp\/v2\/product"}],"about":[{"href":"https:\/\/ziolazycia.com\/nowa\/wp-json\/wp\/v2\/types\/product"}],"replies":[{"embeddable":true,"href":"https:\/\/ziolazycia.com\/nowa\/wp-json\/wp\/v2\/comments?post=1074"}],"wp:featuredmedia":[{"embeddable":true,"href":"https:\/\/ziolazycia.com\/nowa\/wp-json\/wp\/v2\/media\/9441"}],"wp:attachment":[{"href":"https:\/\/ziolazycia.com\/nowa\/wp-json\/wp\/v2\/media?parent=1074"}],"wp:term":[{"taxonomy":"product_brand","embeddable":true,"href":"https:\/\/ziolazycia.com\/nowa\/wp-json\/wp\/v2\/product_brand?post=1074"},{"taxonomy":"product_cat","embeddable":true,"href":"https:\/\/ziolazycia.com\/nowa\/wp-json\/wp\/v2\/product_cat?post=1074"},{"taxonomy":"product_tag","embeddable":true,"href":"https:\/\/ziolazycia.com\/nowa\/wp-json\/wp\/v2\/product_tag?post=1074"}],"curies":[{"name":"wp","href":"https:\/\/api.w.org\/{rel}","templated":true}]}}