{"id":1033,"date":"2023-11-29T16:28:29","date_gmt":"2023-11-29T15:28:29","guid":{"rendered":"https:\/\/ziolazycia.com\/nowa\/?post_type=product&#038;p=1033"},"modified":"2025-11-26T15:58:23","modified_gmt":"2025-11-26T14:58:23","slug":"andrographis-extract-400-mg-90-kapsulek-now-foods","status":"publish","type":"product","link":"https:\/\/ziolazycia.com\/nowa\/product\/andrographis-extract-400-mg-90-kapsulek-now-foods\/","title":{"rendered":"Andrographis Extract 400 mg 90 wege kapsu\u0142ek"},"content":{"rendered":"<p>Brodziuszka wiechowata by\u0142a wykorzystywana w medycynie ludowej przy alergiach, nie\u017cytach zatok i g\u00f3rnych dr\u00f3g oddechowych, przezi\u0119bieniach oraz infekcjach. Ponadto mo\u017ce by\u0107 pomocna w problemach trawiennych.<\/p>\n<p><strong>\u0179r\u00f3d\u0142o:<\/strong><\/p>\n<p>Chao, W., Lin, B. \u201eIsolation and identification of bioactive compounds in Andrographis paniculata (Chuanxinlian)\u201d, Chinese Medicine volume 5, 2010<\/p>\n<p>Singha, P., Roy, S., Dey, S. \u201cAntimicrobial activity of Andrographis paniculate\u201d, Fitoterapia 74 (2003)<\/p>\n<p>Rao, Y., Vimalammab, G. i inni \u201eFlavonoids and andrographolides from Andrographis paniculata\u201d, Phytochemistry, Volume 65, Issue 16, August 2004<\/p>\n<p>Kumar, R., Sridevi, K. i inni \u201eAnticancer and immunostimulatory compounds from Andrographis paniculata\u201d, Journal of Ethnopharmacology, Volume 92, Issues 2\u20133, June 2004<\/p>\n<p>Kapil, A., Koul, I. \u201cAntihepatotoxic effects of major diterpenoid constituents of Andrographis paniculate\u201d, Biochemical Pharmacology, Volume 46, Issue 1, 6 July 1993<\/p>\n<p>Sheeja, K., Shihab, P. i inni \u201eAntioxidant and Anti-Inflammatory Activities of the Plant Andrographis Paniculata Nees\u201d, Immunopharmacology and Immunotoxicology, 28, 2006<\/p>\n<p><strong>Zawarto\u015b\u0107 opakowania<\/strong>: 90 wege kapsu\u0142ek,<\/p>\n<p><strong>Dzienne spo\u017cycie<\/strong>:\u00a01 kapsu\u0142ka 2-3 razy dziennie<\/p>\n<p><strong>Sk\u0142adniki aktywne:<\/strong><\/p>\n<table width=\"100%\">\n<thead>\n<tr>\n<td><\/td>\n<td width=\"18%\"><strong>1 kapsu\u0142ka<\/strong><\/td>\n<td width=\"21%\"><\/td>\n<\/tr>\n<\/thead>\n<tbody>\n<tr>\n<td>Ekstrakt z Andrographis paniculata\u00a0(cz\u0119\u015bci nadziemne) (min.\u200910% andrografolid\u00f3w)<\/td>\n<td width=\"18%\">400 mg<\/td>\n<td width=\"21%\"><\/td>\n<\/tr>\n<\/tbody>\n<\/table>\n<p><strong>Sk\u0142adniki<\/strong>: cz\u0119\u015b\u0107 nadziemna lucerny siewnej, regulator kwasowo\u015bci: fosforan diwapnia, substancja wype\u0142niaj\u0105ca: celuloza, substancje przeciwzbrylaj\u0105ce: kwasy t\u0142uszczowe, dwutlenek krzemu, sole magnezowe kwas\u00f3w t\u0142uszczowych.<\/p>\n<h2>Andrographis Extract 400 mg\u00a0 &#8211; spos\u00f3b u\u017cycia<\/h2>\n<p>1 kapsu\u0142ka 2-3 razy dziennie<\/p>\n<h2>Ostrze\u017cenia dotycz\u0105ce stosowania Andrographis Extract 400 mg:<\/h2>\n<p>Wyci\u0105g z brodziuszki wiechowatej mo\u017ce zaburza\u0107 m.in. dzia\u0142anie\u00a0preparat\u00f3w przeciwzakrzepowych oraz immunosupresyjnych dlatego te\u017c przyjmowanie jej nale\u017cy skonsultowa\u0107 z lekarzem.<\/p>\n<p>Kobiety ci\u0119\u017carne, karmi\u0105ce oraz bior\u0105ce pod uwag\u0119 mo\u017cliwo\u015b\u0107 zaj\u015bcia w ci\u0105\u017c\u0119, przed zastosowaniem tego preparatu powinny odby\u0107 konsultacj\u0119 z lekarzem.<\/p>\n<p>Nie przekracza\u0107 zalecanej porcji do spo\u017cycia w ci\u0105gu dnia. Produkt nie mo\u017ce by\u0107 stosowany jako substytut zr\u00f3\u017cnicowanej diety. Wa\u017cne jest stosowanie zr\u00f3\u017cnicowanej i zbilansowanej diety oraz prowadzenie zdrowego trybu \u017cycia.<\/p>\n<p><strong>Przechowywanie:<\/strong><\/p>\n<p>Przechowywa\u0107 w temperaturze pokojowej, w spos\u00f3b niedost\u0119pny dla ma\u0142ych dzieci.<\/p>\n<p><strong>Producent:<\/strong><\/p>\n<p>Now Foods<br \/>\n395 S. Glen Ellyn Road<br \/>\nIL 60108 Bloomingdale, Stany Zjednoczone<\/p>\n<p>&nbsp;<\/p>\n","protected":false},"excerpt":{"rendered":"<p><strong>Suplement diety<\/strong><\/p>\n<p>Suplement diety Andrographis Extract w kapsu\u0142kach ro\u015blinnych zawieraj\u0105cy ekstrakt z cz\u0119\u015bci nadziemnej \u00a0ro\u015bliny o nazwie Andrographis (Andrographis paniculata) czyli brodziuszka wiechowata, standaryzowany do minimum 10% andrografolid\u00f3w.<\/p>\n","protected":false},"featured_media":9418,"comment_status":"closed","ping_status":"closed","template":"","meta":[],"product_brand":[],"product_cat":[72],"product_tag":[],"class_list":{"0":"post-1033","1":"product","2":"type-product","3":"status-publish","4":"has-post-thumbnail","6":"product_cat-suplementy-diety","8":"first","9":"instock","10":"sale","11":"taxable","12":"shipping-taxable","13":"purchasable","14":"product-type-simple"},"_links":{"self":[{"href":"https:\/\/ziolazycia.com\/nowa\/wp-json\/wp\/v2\/product\/1033","targetHints":{"allow":["GET"]}}],"collection":[{"href":"https:\/\/ziolazycia.com\/nowa\/wp-json\/wp\/v2\/product"}],"about":[{"href":"https:\/\/ziolazycia.com\/nowa\/wp-json\/wp\/v2\/types\/product"}],"replies":[{"embeddable":true,"href":"https:\/\/ziolazycia.com\/nowa\/wp-json\/wp\/v2\/comments?post=1033"}],"wp:featuredmedia":[{"embeddable":true,"href":"https:\/\/ziolazycia.com\/nowa\/wp-json\/wp\/v2\/media\/9418"}],"wp:attachment":[{"href":"https:\/\/ziolazycia.com\/nowa\/wp-json\/wp\/v2\/media?parent=1033"}],"wp:term":[{"taxonomy":"product_brand","embeddable":true,"href":"https:\/\/ziolazycia.com\/nowa\/wp-json\/wp\/v2\/product_brand?post=1033"},{"taxonomy":"product_cat","embeddable":true,"href":"https:\/\/ziolazycia.com\/nowa\/wp-json\/wp\/v2\/product_cat?post=1033"},{"taxonomy":"product_tag","embeddable":true,"href":"https:\/\/ziolazycia.com\/nowa\/wp-json\/wp\/v2\/product_tag?post=1033"}],"curies":[{"name":"wp","href":"https:\/\/api.w.org\/{rel}","templated":true}]}}