{"id":1029,"date":"2023-11-29T16:21:59","date_gmt":"2023-11-29T15:21:59","guid":{"rendered":"https:\/\/ziolazycia.com\/nowa\/?post_type=product&#038;p=1029"},"modified":"2025-11-26T15:58:21","modified_gmt":"2025-11-26T14:58:21","slug":"alfalfa-650mg-500-tabletek-now-foods","status":"publish","type":"product","link":"https:\/\/ziolazycia.com\/nowa\/product\/alfalfa-650mg-500-tabletek-now-foods\/","title":{"rendered":"Alfalfa (Lucerna) 650 mg 250 tabletek"},"content":{"rendered":"<p>Alfalfa oferowana jest w postaci praktycznych tabletek zawieraj\u0105cych\u00a0wy\u0142\u0105cznie sk\u0142adniki ro\u015blinne,\u00a0dzi\u0119ki czemu nadaje si\u0119 r\u00f3wnie\u017c dla\u00a0wegetarian i wegan.<\/p>\n<p><strong>Zawarto\u015b\u0107 opakowania<\/strong>:\u00a0250 tabletek r\u00f3wnie\u017c dla wegetarian<\/p>\n<p><strong>Dzienne spo\u017cycie<\/strong>:\u00a03 x dziennie 1-3 tabletek<\/p>\n<p><strong>Sk\u0142adniki aktywne:<\/strong><\/p>\n<table width=\"100%\">\n<thead>\n<tr>\n<td>\u00a0\u00a0\u00a0\u00a0\u00a0\u00a0\u00a0\u00a0\u00a0\u00a0\u00a0\u00a0\u00a0\u00a0\u00a0\u00a0\u00a0\u00a0\u00a0\u00a0\u00a0\u00a0\u00a0\u00a0\u00a0\u00a0\u00a0\u00a0\u00a0\u00a0\u00a0\u00a0\u00a0\u00a0\u00a0\u00a0\u00a0\u00a0\u00a0\u00a0\u00a0\u00a0\u00a0\u00a0\u00a0\u00a0\u00a0\u00a0\u00a0\u00a0\u00a0\u00a0\u00a0\u00a0\u00a0\u00a0\u00a0<strong> 1 tabletka\u00a0 \u00a0\/\u00a0 \u00a09 tabletek<\/strong><\/p>\n<p>&nbsp;<\/p>\n<p>Cz\u0119\u015b\u0107 nadziemna lucerny siewnej\u00a0 \u00a0\/\u00a0 \u00a0650mg\u00a0 \u00a0\/\u00a0 \u00a05850mg<\/p>\n<p>&nbsp;<\/td>\n<td width=\"23%\"><\/td>\n<td width=\"1%\"><\/td>\n<\/tr>\n<\/thead>\n<\/table>\n<p><strong>Sk\u0142adniki<\/strong>: cz\u0119\u015b\u0107 nadziemna lucerny siewnej, regulator kwasowo\u015bci: fosforan diwapnia, substancja wype\u0142niaj\u0105ca: celuloza, substancje przeciwzbrylaj\u0105ce: kwasy t\u0142uszczowe, dwutlenek krzemu, sole magnezowe kwas\u00f3w t\u0142uszczowych.<\/p>\n<h2>Alfalfa (Lucerna) 650 mg &#8211; spos\u00f3b u\u017cycia:<\/h2>\n<p>3 x dziennie 1-3 tabletek popi\u0107 obficie wod\u0105<\/p>\n<p>Nie przekracza\u0107 zalecanej porcji do spo\u017cycia w ci\u0105gu dnia. Produkt nie mo\u017ce by\u0107 stosowany jako substytut zr\u00f3\u017cnicowanej diety. Wa\u017cne jest stosowanie zr\u00f3\u017cnicowanej i zbilansowanej diety oraz prowadzenie zdrowego trybu \u017cycia.<\/p>\n<p><strong>Przechowywanie:<\/strong><\/p>\n<p>Przechowywa\u0107 w temperaturze pokojowej, w spos\u00f3b niedost\u0119pny dla ma\u0142ych dzieci.<\/p>\n<p><strong>Producent:<\/strong><\/p>\n<p>Now Foods<br \/>\n395 S. Glen Ellyn Road<br \/>\nIL 60108 Bloomingdale, Stany Zjednoczone<\/p>\n<p>&nbsp;<\/p>\n<p>&nbsp;<\/p>\n<p>&nbsp;<\/p>\n","protected":false},"excerpt":{"rendered":"<h2>Suplement diety &#8211; Green Superfood<\/h2>\n<p>G\u0142\u00f3wnym sk\u0142adnikiem suplementu diety s\u0105 li\u015bcie lucerny, kt\u00f3ra jest bogatym \u017ar\u00f3d\u0142em minera\u0142\u00f3w, witamin oraz chlorofilu. Do produkcji suplementu diety wykorzystano wy\u0142\u0105cznie surowiec pochodzenia organicznego wolnego od GMO.<\/p>\n","protected":false},"featured_media":9415,"comment_status":"closed","ping_status":"closed","template":"","meta":[],"product_brand":[],"product_cat":[72],"product_tag":[],"class_list":{"0":"post-1029","1":"product","2":"type-product","3":"status-publish","4":"has-post-thumbnail","6":"product_cat-suplementy-diety","8":"first","9":"outofstock","10":"sale","11":"taxable","12":"shipping-taxable","13":"purchasable","14":"product-type-simple"},"_links":{"self":[{"href":"https:\/\/ziolazycia.com\/nowa\/wp-json\/wp\/v2\/product\/1029","targetHints":{"allow":["GET"]}}],"collection":[{"href":"https:\/\/ziolazycia.com\/nowa\/wp-json\/wp\/v2\/product"}],"about":[{"href":"https:\/\/ziolazycia.com\/nowa\/wp-json\/wp\/v2\/types\/product"}],"replies":[{"embeddable":true,"href":"https:\/\/ziolazycia.com\/nowa\/wp-json\/wp\/v2\/comments?post=1029"}],"wp:featuredmedia":[{"embeddable":true,"href":"https:\/\/ziolazycia.com\/nowa\/wp-json\/wp\/v2\/media\/9415"}],"wp:attachment":[{"href":"https:\/\/ziolazycia.com\/nowa\/wp-json\/wp\/v2\/media?parent=1029"}],"wp:term":[{"taxonomy":"product_brand","embeddable":true,"href":"https:\/\/ziolazycia.com\/nowa\/wp-json\/wp\/v2\/product_brand?post=1029"},{"taxonomy":"product_cat","embeddable":true,"href":"https:\/\/ziolazycia.com\/nowa\/wp-json\/wp\/v2\/product_cat?post=1029"},{"taxonomy":"product_tag","embeddable":true,"href":"https:\/\/ziolazycia.com\/nowa\/wp-json\/wp\/v2\/product_tag?post=1029"}],"curies":[{"name":"wp","href":"https:\/\/api.w.org\/{rel}","templated":true}]}}