{"id":10208,"date":"2025-01-08T12:52:25","date_gmt":"2025-01-08T11:52:25","guid":{"rendered":"https:\/\/ziolazycia.com\/nowa\/?post_type=product&#038;p=10208"},"modified":"2025-11-26T15:59:32","modified_gmt":"2025-11-26T14:59:32","slug":"e-book-menopauza-to-nie-wyrok","status":"publish","type":"product","link":"https:\/\/ziolazycia.com\/nowa\/product\/e-book-menopauza-to-nie-wyrok\/","title":{"rendered":"E-book &#8222;Menopauza to nie wyrok&#8221;"},"content":{"rendered":"","protected":false},"excerpt":{"rendered":"<p>Napisa\u0142am ten e-book, z my\u015bl\u0105 o kobietach, kt\u00f3re chc\u0105 przygotowa\u0107 si\u0119 do okresu menopauzy, s\u0105 w trakcie i borykaj\u0105 si\u0119 z jej nieprzyjemnymi skutkami, lub s\u0105 ju\u017c po i chcia\u0142yby dalej cieszy\u0107 si\u0119 zdrowiem.<\/p>\n<p>Zebra\u0142am w nim ogrom wiedzy, oraz ca\u0142e moje do\u015bwiadczenie, nabywane w gabinecie przez lata. Przez 25 lat mojej pracy w zawodzie pomog\u0142am tysi\u0105com kobiet, przej\u015b\u0107 przez ten trudny okres.<\/p>\n<p>Znajdziesz w nim:<\/p>\n<p>\u2705 Wszystko o menopauzie w uj\u0119ciu Ajurwedyjskim<\/p>\n<p>\u2705 Gotow\u0105 recept\u0119 na to jak zaopiekowa\u0107 si\u0119 sob\u0105 w okresie menopauzy<\/p>\n<p>\u2705 Og\u00f3lne zasady zdrowego od\u017cywiania oparte o Ajurwed\u0119<\/p>\n<p>\u2705 Przepis na zmian\u0119 nawyk\u00f3w i wypracowanie rytua\u0142\u00f3w prowadz\u0105cych po zdrowie i energi\u0119<\/p>\n<p><strong>I wiele wi\u0119cej..<\/strong><\/p>\n<p><strong>Kupuj\u0105c ten ebook, dostajesz trzy mini ebooki zupe\u0142nie za Free:<\/strong><\/p>\n<ul>\n<li>Spis suplement\u00f3w<\/li>\n<li>spis bada\u0144 profilaktycznych<\/li>\n<li>20 afirmacji<\/li>\n<\/ul>\n<p>&nbsp;<\/p>\n<p>&nbsp;<\/p>\n","protected":false},"featured_media":10209,"comment_status":"open","ping_status":"closed","template":"","meta":[],"product_brand":[],"product_cat":[91],"product_tag":[],"class_list":{"0":"post-10208","1":"product","2":"type-product","3":"status-publish","4":"has-post-thumbnail","6":"product_cat-e-booki","8":"first","9":"instock","10":"sale","11":"featured","12":"downloadable","13":"virtual","14":"taxable","15":"purchasable","16":"product-type-simple"},"_links":{"self":[{"href":"https:\/\/ziolazycia.com\/nowa\/wp-json\/wp\/v2\/product\/10208","targetHints":{"allow":["GET"]}}],"collection":[{"href":"https:\/\/ziolazycia.com\/nowa\/wp-json\/wp\/v2\/product"}],"about":[{"href":"https:\/\/ziolazycia.com\/nowa\/wp-json\/wp\/v2\/types\/product"}],"replies":[{"embeddable":true,"href":"https:\/\/ziolazycia.com\/nowa\/wp-json\/wp\/v2\/comments?post=10208"}],"wp:featuredmedia":[{"embeddable":true,"href":"https:\/\/ziolazycia.com\/nowa\/wp-json\/wp\/v2\/media\/10209"}],"wp:attachment":[{"href":"https:\/\/ziolazycia.com\/nowa\/wp-json\/wp\/v2\/media?parent=10208"}],"wp:term":[{"taxonomy":"product_brand","embeddable":true,"href":"https:\/\/ziolazycia.com\/nowa\/wp-json\/wp\/v2\/product_brand?post=10208"},{"taxonomy":"product_cat","embeddable":true,"href":"https:\/\/ziolazycia.com\/nowa\/wp-json\/wp\/v2\/product_cat?post=10208"},{"taxonomy":"product_tag","embeddable":true,"href":"https:\/\/ziolazycia.com\/nowa\/wp-json\/wp\/v2\/product_tag?post=10208"}],"curies":[{"name":"wp","href":"https:\/\/api.w.org\/{rel}","templated":true}]}}