{"id":10204,"date":"2025-01-08T13:22:27","date_gmt":"2025-01-08T12:22:27","guid":{"rendered":"https:\/\/ziolazycia.com\/nowa\/?post_type=product&#038;p=10204"},"modified":"2025-11-26T15:59:30","modified_gmt":"2025-11-26T14:59:30","slug":"pakiet-e-book-wideo-kurs-menopauza-to-nie-wyrok","status":"publish","type":"product","link":"https:\/\/ziolazycia.com\/nowa\/product\/pakiet-e-book-wideo-kurs-menopauza-to-nie-wyrok\/","title":{"rendered":"Pakiet E-Book + Wideo kurs &#8222;Menopauza to nie wyrok&#8221;"},"content":{"rendered":"","protected":false},"excerpt":{"rendered":"<p><strong>Ten pakiet to idealne rozwi\u0105zanie dla Ciebie, je\u015bli chcesz dowiedzie\u0107 si\u0119 WSZYSTKIEGO o tym jak:<\/strong><\/p>\n<p>\u2705 W naturalny spos\u00f3b z\u0142agodzi\u0107 skutki menopauzy<\/p>\n<p>\u2705 Jak si\u0119 do niej przygotowa\u0107, bior\u0105c pod uwag\u0119 to \u017ce ka\u017cda z nas jest inna<\/p>\n<p>\u2705 Jak powinna\u015b si\u0119 suplementowac<\/p>\n<p>\u2705 Jak\u0105 diet\u0119 wybra\u0107, tak by by\u0107 w zgodzie ze swoja konstytucj\u0105<\/p>\n<p>\u2705 Jak zmieni\u0107 swoje codzienne nawyki by z\u0142agodzi\u0107 skutki menopauzy<\/p>\n<p>W tym pakiecie przekazuj\u0119 Ci ca\u0142\u0105 moj\u0105 wiedz\u0119 na temat menopauzy w oparciu o Ajurwed\u0119, zdradzam metody dzi\u0119ki, kt\u00f3rym omin\u0119\u0142y mnie nieprzyjemne jej skutki.<\/p>\n<p><strong>PAKIET ZAWIERA:<\/strong><\/p>\n<p>\u2705 75 stron wiedzy o menopauzie zawartych w ebooku<\/p>\n<p>\u2705 52 minutowy wideo kurs, kt\u00f3ry doskonale poszerza zakres ebooka, oraz jest bardzo przyst\u0119pny do przyswojenia.<\/p>\n<p><strong>Kupuj\u0105c ten ebook, dostajesz trzy mini ebooki zupe\u0142nie za Free:<\/strong><\/p>\n<ul>\n<li>Spis suplement\u00f3w<\/li>\n<li>spis bada\u0144 profilaktycznych<\/li>\n<li>20 afirmacji<\/li>\n<\/ul>\n","protected":false},"featured_media":10205,"comment_status":"open","ping_status":"closed","template":"","meta":[],"product_brand":[],"product_cat":[88],"product_tag":[],"class_list":{"0":"post-10204","1":"product","2":"type-product","3":"status-publish","4":"has-post-thumbnail","6":"product_cat-nagrania-i-szkolenia","8":"first","9":"instock","10":"featured","11":"downloadable","12":"virtual","13":"taxable","14":"purchasable","15":"product-type-simple"},"_links":{"self":[{"href":"https:\/\/ziolazycia.com\/nowa\/wp-json\/wp\/v2\/product\/10204","targetHints":{"allow":["GET"]}}],"collection":[{"href":"https:\/\/ziolazycia.com\/nowa\/wp-json\/wp\/v2\/product"}],"about":[{"href":"https:\/\/ziolazycia.com\/nowa\/wp-json\/wp\/v2\/types\/product"}],"replies":[{"embeddable":true,"href":"https:\/\/ziolazycia.com\/nowa\/wp-json\/wp\/v2\/comments?post=10204"}],"wp:featuredmedia":[{"embeddable":true,"href":"https:\/\/ziolazycia.com\/nowa\/wp-json\/wp\/v2\/media\/10205"}],"wp:attachment":[{"href":"https:\/\/ziolazycia.com\/nowa\/wp-json\/wp\/v2\/media?parent=10204"}],"wp:term":[{"taxonomy":"product_brand","embeddable":true,"href":"https:\/\/ziolazycia.com\/nowa\/wp-json\/wp\/v2\/product_brand?post=10204"},{"taxonomy":"product_cat","embeddable":true,"href":"https:\/\/ziolazycia.com\/nowa\/wp-json\/wp\/v2\/product_cat?post=10204"},{"taxonomy":"product_tag","embeddable":true,"href":"https:\/\/ziolazycia.com\/nowa\/wp-json\/wp\/v2\/product_tag?post=10204"}],"curies":[{"name":"wp","href":"https:\/\/api.w.org\/{rel}","templated":true}]}}