{"id":1015,"date":"2023-11-29T16:08:38","date_gmt":"2023-11-29T15:08:38","guid":{"rendered":"https:\/\/ziolazycia.com\/nowa\/?post_type=product&#038;p=1015"},"modified":"2025-11-26T15:58:21","modified_gmt":"2025-11-26T14:58:21","slug":"acerola-proszek-170-g-now-foods","status":"publish","type":"product","link":"https:\/\/ziolazycia.com\/nowa\/product\/acerola-proszek-170-g-now-foods\/","title":{"rendered":"Acerola proszek 170 g"},"content":{"rendered":"<p>Acerola jest jednym z najbogatszych naturalnych \u017ar\u00f3de\u0142 witaminy C, kt\u00f3ra wykazuje zdolno\u015bci antyoksydacyjne czyli neutralizuj\u0105ce negatywne dzia\u0142anie wolnych rodnik\u00f3w. Mo\u017ce wp\u0142ywa\u0107 pozytywnie na uk\u0142ad odporno\u015bciowy jak i na stymulacj\u0119 syntezy kolagenu.<\/p>\n<p>1 \u0142y\u017ceczka suplementu diety (ok 3,6 g) zawiera ok 180 g witaminy C<\/p>\n<p><strong>Zawarto\u015b\u0107 opakowania<\/strong>:\u00a0170 g proszku<\/p>\n<p><strong>Dzienne spo\u017cycie<\/strong>:\u00a01 \u0142y\u017ceczka (3,6g)<\/p>\n<table width=\"100%\">\n<thead>\n<tr>\n<td><strong>Warto\u015b\u0107 od\u017cywcza<\/strong><\/td>\n<td width=\"23%\"><strong>Zawarto\u015b\u0107 w porcji (3,6 g)<\/strong><\/td>\n<td width=\"1%\"><\/td>\n<\/tr>\n<\/thead>\n<tbody>\n<tr>\n<td>Energia (kalorie)<\/td>\n<td width=\"23%\">15 kcal<\/td>\n<td width=\"1%\"><\/td>\n<\/tr>\n<tr>\n<td>Witamina C (z aceroli)<\/td>\n<td width=\"23%\">170 mg<\/td>\n<td width=\"1%\"><\/td>\n<\/tr>\n<tr>\n<td>Acerola Powder (ekstrakt 4:1) (owoc)<\/td>\n<td width=\"23%\">3,4 g (3400 mg)<\/td>\n<td width=\"1%\"><\/td>\n<\/tr>\n<tr>\n<td><\/td>\n<td width=\"23%\"><\/td>\n<td width=\"1%\"><\/td>\n<\/tr>\n<tr>\n<td><\/td>\n<td width=\"23%\"><\/td>\n<td width=\"1%\"><\/td>\n<\/tr>\n<\/tbody>\n<\/table>\n<p><strong>Sk\u0142adniki:<\/strong><\/p>\n<p>Sproszkowany owoc aceroli (ekstrakt 4:1), witamina C (w postaci kwasu askorbinowego), maltodekstryna.<\/p>\n<p>W procesie produkcji nie u\u017cyto alergen\u00f3w i sk\u0142adnik\u00f3w: cukru, soli, pszenicy, glutenu, soi, mleka, jaj, skorupiak\u00f3w ani konserwant\u00f3w.\u00a0Produkt odpowiedni r\u00f3wnie\u017c dla wegetarian\/wegan.<\/p>\n<h2>Acerola proszek 170 g &#8211; spos\u00f3b u\u017cycia:<\/h2>\n<p>1 p\u0142aska \u0142y\u017ceczka do herbaty dziennie (1 porcja), zmieszana z wod\u0105, sokiem owocowym lub warzywnym.<\/p>\n<p>Nie przekracza\u0107 zalecanej porcji do spo\u017cycia w ci\u0105gu dnia. Produkt nie mo\u017ce by\u0107 stosowany jako substytut zr\u00f3\u017cnicowanej diety. Wa\u017cne jest stosowanie zr\u00f3\u017cnicowanej i zbilansowanej diety oraz prowadzenie zdrowego trybu \u017cycia.<\/p>\n<p><strong>Przechowywanie:<\/strong><\/p>\n<p>Przechowywa\u0107 w temperaturze pokojowej, w spos\u00f3b niedost\u0119pny dla ma\u0142ych dzieci.<\/p>\n<p><strong>Producent:<\/strong><\/p>\n<p>Now Foods<br \/>\n395 S. Glen Ellyn Road<br \/>\nIL 60108 Bloomingdale, Stany Zjednoczone<\/p>\n","protected":false},"excerpt":{"rendered":"<p><strong>Suplement diety<\/strong><\/p>\n<p>G\u0142\u00f3wnym sk\u0142adnikiem suplementu diety Acerola jest sproszkowany ekstrakt z Aceroli skoncentrowany 4:1.<\/p>\n","protected":false},"featured_media":9412,"comment_status":"closed","ping_status":"closed","template":"","meta":[],"product_brand":[],"product_cat":[72],"product_tag":[],"class_list":{"0":"post-1015","1":"product","2":"type-product","3":"status-publish","4":"has-post-thumbnail","6":"product_cat-suplementy-diety","8":"first","9":"outofstock","10":"sale","11":"taxable","12":"shipping-taxable","13":"purchasable","14":"product-type-simple"},"_links":{"self":[{"href":"https:\/\/ziolazycia.com\/nowa\/wp-json\/wp\/v2\/product\/1015","targetHints":{"allow":["GET"]}}],"collection":[{"href":"https:\/\/ziolazycia.com\/nowa\/wp-json\/wp\/v2\/product"}],"about":[{"href":"https:\/\/ziolazycia.com\/nowa\/wp-json\/wp\/v2\/types\/product"}],"replies":[{"embeddable":true,"href":"https:\/\/ziolazycia.com\/nowa\/wp-json\/wp\/v2\/comments?post=1015"}],"wp:featuredmedia":[{"embeddable":true,"href":"https:\/\/ziolazycia.com\/nowa\/wp-json\/wp\/v2\/media\/9412"}],"wp:attachment":[{"href":"https:\/\/ziolazycia.com\/nowa\/wp-json\/wp\/v2\/media?parent=1015"}],"wp:term":[{"taxonomy":"product_brand","embeddable":true,"href":"https:\/\/ziolazycia.com\/nowa\/wp-json\/wp\/v2\/product_brand?post=1015"},{"taxonomy":"product_cat","embeddable":true,"href":"https:\/\/ziolazycia.com\/nowa\/wp-json\/wp\/v2\/product_cat?post=1015"},{"taxonomy":"product_tag","embeddable":true,"href":"https:\/\/ziolazycia.com\/nowa\/wp-json\/wp\/v2\/product_tag?post=1015"}],"curies":[{"name":"wp","href":"https:\/\/api.w.org\/{rel}","templated":true}]}}