{"id":1007,"date":"2023-11-28T20:02:12","date_gmt":"2023-11-28T19:02:12","guid":{"rendered":"https:\/\/ziolazycia.com\/nowa\/?post_type=product&#038;p=1007"},"modified":"2025-11-26T15:58:21","modified_gmt":"2025-11-26T14:58:21","slug":"vademecum-naturalnego-zdrowia-andreas-moritz","status":"publish","type":"product","link":"https:\/\/ziolazycia.com\/nowa\/product\/vademecum-naturalnego-zdrowia-andreas-moritz\/","title":{"rendered":"Vademecum naturalnego zdrowia Autorzy: Andreas Moritz, John Hornecker"},"content":{"rendered":"<p>Zdrowie jest naszym najwi\u0119kszym skarbem, a jednak cz\u0119sto je zaniedbujemy. Nie dbamy o to, co jemy, jak si\u0119 ruszamy, jak odpoczywamy i jak radzimy sobie ze stresem. A potem dziwimy si\u0119, \u017ce cierpimy na r\u00f3\u017cne choroby i dolegliwo\u015bci, kt\u00f3re utrudniaj\u0105 nam \u017cycie. Tymczasem nasze cia\u0142o ma w sobie naturaln\u0105 zdolno\u015b\u0107 do samoleczenia i regeneracji, je\u015bli tylko zapewnimy mu odpowiednie warunki.<br \/>\nW tej ksi\u0105\u017cce znajdziesz praktyczne porady, jak zadba\u0107 o swoje zdrowie na poziomie fizycznym, emocjonalnym i mentalnym. Dowiesz si\u0119, jak oczyszcza\u0107 i nawadnia\u0107 organizm, jak dostosowa\u0107 diet\u0119 do swojego typu konstytucji i potrzeb, jak \u0107wiczy\u0107 i medytowa\u0107, aby poprawi\u0107 swoj\u0105 kondycj\u0119 i samopoczucie. Poznasz tak\u017ce sekrety Ajurwedy, staro\u017cytnej medycyny indyjskiej, kt\u00f3ra opiera si\u0119 na harmonii mi\u0119dzy cz\u0142owiekiem a natur\u0105.<br \/>\nTa ksi\u0105\u017cka pomo\u017ce Ci zapobiec wielu chorobom cywilizacyjnym, takim jak nadci\u015bnienie, cukrzyca, oty\u0142o\u015b\u0107 czy depresja. Nauczysz si\u0119 s\u0142ucha\u0107 swojego cia\u0142a i rozumie\u0107 jego sygna\u0142y. Odkryjesz, \u017ce zdrowie jest w zasi\u0119gu Twojej r\u0119ki i \u017ce mo\u017cesz je odzyska\u0107 bez uciekania si\u0119 do farmaceutyk\u00f3w.<\/p>\n<p><strong>Wydawnictwo<\/strong>: Vital<br \/>\n<span class=\"book__data-label\"><strong>Data ostatniego wydania<\/strong>: <\/span> <span class=\"book__data-text\">2021<\/span><br \/>\n<strong>Liczba stron<\/strong>:\u00a0 216<br \/>\n<span class=\"book__data-label\"><strong>Oprawa<\/strong>: <\/span> <span class=\"book__data-text\">mi\u0119kka<\/span><br \/>\n<span class=\"book__data-label\"><strong>Format [mm]<\/strong>: <\/span> <span class=\"book__data-text\">145 x 205<\/span><\/p>\n","protected":false},"excerpt":{"rendered":"<p>Jest to poradnik dla ka\u017cdego, kto chce odzyska\u0107 zdrowie w spos\u00f3b w pe\u0142ni naturalny i pozbawiony jakichkolwiek lek\u00f3w. Jego autorzy korzystaj\u0105 zar\u00f3wno z najnowszych odkry\u0107 medycyny, jak i Ajurwedy.<\/p>\n<h2>Ta ksi\u0105\u017cka to Tw\u00f3j przewodnik po \u015bwiecie naturalnego zdrowia!<\/h2>\n","protected":false},"featured_media":9408,"comment_status":"closed","ping_status":"closed","template":"","meta":[],"product_brand":[],"product_cat":[66],"product_tag":[],"class_list":{"0":"post-1007","1":"product","2":"type-product","3":"status-publish","4":"has-post-thumbnail","6":"product_cat-ksiazki","8":"first","9":"instock","10":"taxable","11":"shipping-taxable","12":"purchasable","13":"product-type-simple"},"_links":{"self":[{"href":"https:\/\/ziolazycia.com\/nowa\/wp-json\/wp\/v2\/product\/1007","targetHints":{"allow":["GET"]}}],"collection":[{"href":"https:\/\/ziolazycia.com\/nowa\/wp-json\/wp\/v2\/product"}],"about":[{"href":"https:\/\/ziolazycia.com\/nowa\/wp-json\/wp\/v2\/types\/product"}],"replies":[{"embeddable":true,"href":"https:\/\/ziolazycia.com\/nowa\/wp-json\/wp\/v2\/comments?post=1007"}],"wp:featuredmedia":[{"embeddable":true,"href":"https:\/\/ziolazycia.com\/nowa\/wp-json\/wp\/v2\/media\/9408"}],"wp:attachment":[{"href":"https:\/\/ziolazycia.com\/nowa\/wp-json\/wp\/v2\/media?parent=1007"}],"wp:term":[{"taxonomy":"product_brand","embeddable":true,"href":"https:\/\/ziolazycia.com\/nowa\/wp-json\/wp\/v2\/product_brand?post=1007"},{"taxonomy":"product_cat","embeddable":true,"href":"https:\/\/ziolazycia.com\/nowa\/wp-json\/wp\/v2\/product_cat?post=1007"},{"taxonomy":"product_tag","embeddable":true,"href":"https:\/\/ziolazycia.com\/nowa\/wp-json\/wp\/v2\/product_tag?post=1007"}],"curies":[{"name":"wp","href":"https:\/\/api.w.org\/{rel}","templated":true}]}}