{"id":1001,"date":"2023-11-28T19:55:41","date_gmt":"2023-11-28T18:55:41","guid":{"rendered":"https:\/\/ziolazycia.com\/nowa\/?post_type=product&#038;p=1001"},"modified":"2025-11-26T15:58:21","modified_gmt":"2025-11-26T14:58:21","slug":"rozmowy-z-bogiem-ksiega-iv-neale-donald-walsch","status":"publish","type":"product","link":"https:\/\/ziolazycia.com\/nowa\/product\/rozmowy-z-bogiem-ksiega-iv-neale-donald-walsch\/","title":{"rendered":"Rozmowy z Bogiem. Ksi\u0119ga IV Autor: Neale Donald Walsch"},"content":{"rendered":"<p>2 sierpnia 2016 r., w \u015brodku nocy, Neale Donald Walsch nieoczekiwanie rozpocz\u0105\u0142 rozmow\u0119 z Bogiem, stawiaj\u0105c sobie dwa pytania:<\/p>\n<ul>\n<li>Czy ludzka rasa otrzymuje pomoc od Wysoko Rozwini\u0119tych Istot z Innego Wymiaru?<\/li>\n<li>Czy ludzie b\u0119d\u0105 gra\u0107 wa\u017cn\u0105 rol\u0119 we w\u0142asnej ewolucji, bior\u0105c udzia\u0142 we wsp\u00f3lnej misji towarzyszenia planecie w nadchodz\u0105cych trudnych czasach?<\/li>\n<\/ul>\n<p>Odpowied\u017a, jak\u0105 otrzyma\u0142 na oba pytania, brzmi: Tak.<\/p>\n<p>Nast\u0119pnie pozna\u0142 16 konkretnych przyk\u0142ad\u00f3w na to, jak post\u0119powanie Wysoko Rozwini\u0119tych Istot r\u00f3\u017cni si\u0119 od naszego, i na to, jak przej\u0119cie tych zachowa\u0144 pozwoli zmieni\u0107 bieg historii naszego \u015bwiata na lepsze &#8211; na zawsze. Zaczynaj\u0105c dok\u0142adnie tam, gdzie sko\u0144czy\u0142 si\u0119 trzeci tom \u201eRozm\u00f3w z Bogiem\u201d, autor pokazuje, jak zwykli ludzi mog\u0105 odpowiedzie\u0107 na wezwanie Wysoko Rozwini\u0119tych Istot, wzoruj\u0105c si\u0119 na nich, i jak zobaczy\u0107 prawdziw\u0105 istot\u0119 rzeczy, zagl\u0105daj\u0105c jednocze\u015bnie w swoj\u0105 w\u0142asn\u0105 i nasz\u0105 wsp\u00f3ln\u0105 przysz\u0142o\u015b\u0107. Taki by\u0142 w\u0142a\u015bnie cel tej rozmowy. Czwartej rozmowy z Bogiem.<\/p>\n<p><strong>Wydawnictwo<\/strong>: Ravi<br \/>\n<strong>Rok wydania<\/strong>:\u00a0 2021<br \/>\n<strong>Liczba stron<\/strong>: 304<br \/>\n<strong>Oprawa<\/strong>: Mi\u0119kka<br \/>\n<strong>Format [mm]:<\/strong> 127 x 202<\/p>\n","protected":false},"excerpt":{"rendered":"<p>2 sierpnia 2016 r., w \u015brodku nocy, Neale Donald Walsch nieoczekiwanie rozpocz\u0105\u0142 rozmow\u0119 z Bogiem, stawiaj\u0105c sobie dwa pytania:<\/p>\n<ul>\n<li>Czy ludzka rasa otrzymuje pomoc od Wysoko Rozwini\u0119tych Istot z Innego Wymiaru?<\/li>\n<li>Czy ludzie b\u0119d\u0105 gra\u0107 wa\u017cn\u0105 rol\u0119 we w\u0142asnej ewolucji, bior\u0105c udzia\u0142 we wsp\u00f3lnej misji towarzyszenia planecie w nadchodz\u0105cych trudnych czasach?<\/li>\n<\/ul>\n<p>Odpowied\u017a, jak\u0105 otrzyma\u0142 na oba pytania, brzmi: Tak.<\/p>\n","protected":false},"featured_media":9405,"comment_status":"closed","ping_status":"closed","template":"","meta":[],"product_brand":[],"product_cat":[66],"product_tag":[],"class_list":{"0":"post-1001","1":"product","2":"type-product","3":"status-publish","4":"has-post-thumbnail","6":"product_cat-ksiazki","8":"first","9":"instock","10":"taxable","11":"shipping-taxable","12":"purchasable","13":"product-type-simple"},"_links":{"self":[{"href":"https:\/\/ziolazycia.com\/nowa\/wp-json\/wp\/v2\/product\/1001","targetHints":{"allow":["GET"]}}],"collection":[{"href":"https:\/\/ziolazycia.com\/nowa\/wp-json\/wp\/v2\/product"}],"about":[{"href":"https:\/\/ziolazycia.com\/nowa\/wp-json\/wp\/v2\/types\/product"}],"replies":[{"embeddable":true,"href":"https:\/\/ziolazycia.com\/nowa\/wp-json\/wp\/v2\/comments?post=1001"}],"wp:featuredmedia":[{"embeddable":true,"href":"https:\/\/ziolazycia.com\/nowa\/wp-json\/wp\/v2\/media\/9405"}],"wp:attachment":[{"href":"https:\/\/ziolazycia.com\/nowa\/wp-json\/wp\/v2\/media?parent=1001"}],"wp:term":[{"taxonomy":"product_brand","embeddable":true,"href":"https:\/\/ziolazycia.com\/nowa\/wp-json\/wp\/v2\/product_brand?post=1001"},{"taxonomy":"product_cat","embeddable":true,"href":"https:\/\/ziolazycia.com\/nowa\/wp-json\/wp\/v2\/product_cat?post=1001"},{"taxonomy":"product_tag","embeddable":true,"href":"https:\/\/ziolazycia.com\/nowa\/wp-json\/wp\/v2\/product_tag?post=1001"}],"curies":[{"name":"wp","href":"https:\/\/api.w.org\/{rel}","templated":true}]}}