{"id":14817,"date":"2026-03-21T09:52:17","date_gmt":"2026-03-21T08:52:17","guid":{"rendered":"https:\/\/ziolazycia.com\/nowa\/o-mnie\/"},"modified":"2026-03-23T13:03:53","modified_gmt":"2026-03-23T12:03:53","slug":"o-mnie","status":"publish","type":"page","link":"https:\/\/ziolazycia.com\/nowa\/o-mnie\/","title":{"rendered":"O mnie"},"content":{"rendered":"\t\t<div data-elementor-type=\"wp-page\" data-elementor-id=\"14817\" class=\"elementor elementor-14817\" data-elementor-post-type=\"page\">\n\t\t\t\t<div class=\"elementor-element elementor-element-de48112 e-con-full e-flex e-con e-parent\" data-id=\"de48112\" data-element_type=\"container\">\n\t\t<div class=\"elementor-element elementor-element-fe8d7d3 e-con-full e-flex e-con e-child\" data-id=\"fe8d7d3\" data-element_type=\"container\" data-settings=\"{&quot;background_background&quot;:&quot;classic&quot;}\">\n\t\t\t\t<div class=\"elementor-element elementor-element-ff8e310 elementor-widget elementor-widget-image\" data-id=\"ff8e310\" data-element_type=\"widget\" data-widget_type=\"image.default\">\n\t\t\t\t<div class=\"elementor-widget-container\">\n\t\t\t\t\t\t\t\t\t\t\t\t\t\t\t<img decoding=\"async\" src=\"https:\/\/ziolazycia.com\/nowa\/wp-content\/uploads\/2025\/02\/Kopia-\u2013-Konsultacja-11.png\" title=\"\" alt=\"\" loading=\"lazy\" \/>\t\t\t\t\t\t\t\t\t\t\t\t\t\t\t<\/div>\n\t\t\t\t<\/div>\n\t\t\t\t<\/div>\n\t\t<div class=\"elementor-element elementor-element-dbf18bf e-con-full e-flex e-con e-child\" data-id=\"dbf18bf\" data-element_type=\"container\">\n\t\t<div class=\"elementor-element elementor-element-d85c807 e-flex e-con-boxed e-con e-child\" data-id=\"d85c807\" data-element_type=\"container\">\n\t\t\t\t\t<div class=\"e-con-inner\">\n\t\t\t\t<div class=\"elementor-element elementor-element-f690100 elementor-absolute elementor-hidden-tablet elementor-hidden-mobile elementor-invisible elementor-widget elementor-widget-image\" data-id=\"f690100\" data-element_type=\"widget\" data-settings=\"{&quot;_position&quot;:&quot;absolute&quot;,&quot;_animation&quot;:&quot;rotateInDownRight&quot;}\" data-widget_type=\"image.default\">\n\t\t\t\t<div class=\"elementor-widget-container\">\n\t\t\t\t\t\t\t\t\t\t\t\t\t\t\t<img decoding=\"async\" src=\"https:\/\/ziolazycia.com\/nowa\/wp-content\/uploads\/2023\/05\/about-decor-1.png\" title=\"\" alt=\"\" loading=\"lazy\" \/>\t\t\t\t\t\t\t\t\t\t\t\t\t\t\t<\/div>\n\t\t\t\t<\/div>\n\t\t\t\t<div class=\"elementor-element elementor-element-cb63c72 elementor-widget elementor-widget-text-editor\" data-id=\"cb63c72\" data-element_type=\"widget\" data-widget_type=\"text-editor.default\">\n\t\t\t\t<div class=\"elementor-widget-container\">\n\t\t\t\t\t\t\t\t\t<div>O mnie<\/div>\t\t\t\t\t\t\t\t<\/div>\n\t\t\t\t<\/div>\n\t\t\t\t<div class=\"elementor-element elementor-element-0dbafc1 elementor-widget elementor-widget-heading\" data-id=\"0dbafc1\" data-element_type=\"widget\" data-widget_type=\"heading.default\">\n\t\t\t\t<div class=\"elementor-widget-container\">\n\t\t\t\t\t<h2 class=\"elementor-heading-title elementor-size-default\">mgr Anna Kosmala - Naturoterapeutka<\/h2>\t\t\t\t<\/div>\n\t\t\t\t<\/div>\n\t\t\t\t<div class=\"elementor-element elementor-element-adb4534 elementor-widget elementor-widget-text-editor\" data-id=\"adb4534\" data-element_type=\"widget\" data-widget_type=\"text-editor.default\">\n\t\t\t\t<div class=\"elementor-widget-container\">\n\t\t\t\t\t\t\t\t\t<p><span class=\"OYPEnA font-feature-liga-off font-feature-clig-off font-feature-calt-off text-decoration-none text-strikethrough-none\">Pomagam w naturalny spos\u00f3b rozprawia\u0107 si\u0119 kobietom (i nie tylko!) z ka\u017cdego zak\u0105tka \u015bwiata m.in. <\/span><span class=\"OYPEnA font-feature-liga-off font-feature-clig-off font-feature-calt-off text-decoration-none text-strikethrough-none\">z <b>insulinooporno\u015bci\u0105, oty\u0142o\u015bci\u0105, uzale\u017cnieniami, Hashimoto czy menopauz\u0105<\/b> <\/span><span class=\"OYPEnA font-feature-liga-off font-feature-clig-off font-feature-calt-off text-decoration-none text-strikethrough-none\">opieraj\u0105c si\u0119 na najstarszym systemie opieki zdrowotnej uznawanym za kolebk\u0119 medycyny.<\/span><\/p>\t\t\t\t\t\t\t\t<\/div>\n\t\t\t\t<\/div>\n\t\t\t\t<div class=\"elementor-element elementor-element-58e95fe elementor-widget elementor-widget-text-editor\" data-id=\"58e95fe\" data-element_type=\"widget\" data-widget_type=\"text-editor.default\">\n\t\t\t\t<div class=\"elementor-widget-container\">\n\t\t\t\t\t\t\t\t\t<span class=\"OYPEnA font-feature-liga-off font-feature-clig-off font-feature-calt-off text-decoration-none text-strikethrough-none\">\u0141\u0105cz\u0105c ze sob\u0105 r\u00f3\u017cne dziedziny podchodz\u0119 do problem\u00f3w holistycznie. <\/span><span class=\"OYPEnA font-feature-liga-off font-feature-clig-off font-feature-calt-off text-decoration-none text-strikethrough-none\"><b>Od lat rozprawiam si\u0119 z dolegliwo\u015bciami i przypad\u0142o\u015bciami podopiecznych. Pomog\u0119 i Tobie!<\/b> <\/span><span class=\"OYPEnA font-feature-liga-off font-feature-clig-off font-feature-calt-off text-decoration-none text-strikethrough-none\">Zbudujmy Twoj\u0105 w\u0142asn\u0105 strategi\u0119 zdrowia!<\/span>\t\t\t\t\t\t\t\t<\/div>\n\t\t\t\t<\/div>\n\t\t\t\t<div class=\"elementor-element elementor-element-4b905df elementor-widget elementor-widget-text-editor\" data-id=\"4b905df\" data-element_type=\"widget\" data-widget_type=\"text-editor.default\">\n\t\t\t\t<div class=\"elementor-widget-container\">\n\t\t\t\t\t\t\t\t\t<p><span class=\"OYPEnA font-feature-liga-off font-feature-clig-off font-feature-calt-off text-decoration-none text-strikethrough-none\">Z wykszta\u0142cenia jestem magistrem chemii i psychologiem, dietetykiem, certyfikowanym naturoterapeut\u0105, konsultantem Ajurwedy oraz instruktorem terapii uzale\u017cnie\u0144. Prowadz\u0119 zielarni\u0119 od 25 lat i zaufa\u0142o mi ju\u017c tysi\u0105ce Klient\u00f3w! Ka\u017cdego dnia na swoim <\/span><a class=\"OYPEnA font-feature-liga-off font-feature-clig-off font-feature-calt-off text-decoration-underline text-strikethrough-none\" draggable=\"false\" href=\"https:\/\/www.instagram.com\/ziolazycia\/reels\/\" target=\"_blank\" rel=\"noopener\">Instagramie<\/a><span class=\"OYPEnA font-feature-liga-off font-feature-clig-off font-feature-calt-off text-decoration-none text-strikethrough-none\">, na w\u0142asnym przyk\u0142adzie pokazuj\u0119 jak \u017cy\u0107 we wspania\u0142ej formie, w dobrej kondycji, w \u015bwietnym nastroju \u2013 w ka\u017cdym wieku!<\/span><\/p>\t\t\t\t\t\t\t\t<\/div>\n\t\t\t\t<\/div>\n\t\t\t\t<div class=\"elementor-element elementor-element-5b1c86b elementor-widget elementor-widget-text-editor\" data-id=\"5b1c86b\" data-element_type=\"widget\" data-widget_type=\"text-editor.default\">\n\t\t\t\t<div class=\"elementor-widget-container\">\n\t\t\t\t\t\t\t\t\t<b><p class=\"cvGsUA direction-ltr align-start para-style-body\"><span class=\"OYPEnA font-feature-liga-off font-feature-clig-off font-feature-calt-off text-decoration-none text-strikethrough-none\">Skorzystaj z mojej certyfikowanej wiedzy oraz do\u015bwiadczenia i zr\u00f3b krok w stron\u0119 zdrowia.<\/span><\/p>\n<p class=\"cvGsUA direction-ltr align-start para-style-body\"><span class=\"OYPEnA font-feature-liga-off font-feature-clig-off font-feature-calt-off text-decoration-none text-strikethrough-none\">Um\u00f3w si\u0119 na konsultacj\u0119 ju\u017c dzi\u015b!<\/span><\/p><\/b>\t\t\t\t\t\t\t\t<\/div>\n\t\t\t\t<\/div>\n\t\t\t\t<div class=\"elementor-element elementor-element-c80b661 elementor-button-outline elementor-mobile-align-center elementor-widget elementor-widget-button\" data-id=\"c80b661\" data-element_type=\"widget\" data-widget_type=\"button.default\">\n\t\t\t\t<div class=\"elementor-widget-container\">\n\t\t\t\t\t\t\t\t\t<div class=\"elementor-button-wrapper\">\n\t\t\t\t\t<a class=\"elementor-button elementor-button-link elementor-size-sm\" href=\"https:\/\/ziolazycia.com\/nowa\/produkt\/konsultacje-telefoniczne-11\/\">\n\t\t\t\t\t\t<span class=\"elementor-button-content-wrapper\">\n\t\t\t\t\t\t<span class=\"elementor-button-icon\">\n\t\t\t\t<i aria-hidden=\"true\" class=\"fas fa-chevron-right\"><\/i>\t\t\t<\/span>\n\t\t\t\t\t\t\t\t\t<span class=\"elementor-button-text\">Um\u00f3w si\u0119 na konsultacj\u0119<\/span>\n\t\t\t\t\t<\/span>\n\t\t\t\t\t<\/a>\n\t\t\t\t<\/div>\n\t\t\t\t\t\t\t\t<\/div>\n\t\t\t\t<\/div>\n\t\t\t\t<div class=\"elementor-element elementor-element-1c2fc4a elementor-absolute elementor-hidden-tablet elementor-hidden-mobile elementor-invisible elementor-widget elementor-widget-image\" data-id=\"1c2fc4a\" data-element_type=\"widget\" data-settings=\"{&quot;_position&quot;:&quot;absolute&quot;,&quot;_animation&quot;:&quot;rollIn&quot;}\" data-widget_type=\"image.default\">\n\t\t\t\t<div class=\"elementor-widget-container\">\n\t\t\t\t\t\t\t\t\t\t\t\t\t\t\t<img decoding=\"async\" src=\"https:\/\/ziolazycia.com\/nowa\/wp-content\/uploads\/2023\/05\/about-decor-2.png\" title=\"\" alt=\"\" loading=\"lazy\" \/>\t\t\t\t\t\t\t\t\t\t\t\t\t\t\t<\/div>\n\t\t\t\t<\/div>\n\t\t\t\t\t<\/div>\n\t\t\t\t<\/div>\n\t\t\t\t<\/div>\n\t\t\t\t<\/div>\n\t\t<div class=\"elementor-element elementor-element-f2497d3 e-flex e-con-boxed e-con e-parent\" data-id=\"f2497d3\" data-element_type=\"container\">\n\t\t\t\t\t<div class=\"e-con-inner\">\n\t\t\t\t\t<\/div>\n\t\t\t\t<\/div>\n\t\t<div class=\"elementor-element elementor-element-d904f07 e-flex e-con-boxed e-con e-parent\" data-id=\"d904f07\" data-element_type=\"container\">\n\t\t\t\t\t<div class=\"e-con-inner\">\n\t\t<div class=\"elementor-element elementor-element-c64c7ea e-grid e-con-full e-con e-child\" data-id=\"c64c7ea\" data-element_type=\"container\">\n\t\t<div class=\"elementor-element elementor-element-36a26d0 e-con-full e-flex e-con e-child\" data-id=\"36a26d0\" data-element_type=\"container\" data-settings=\"{&quot;background_background&quot;:&quot;classic&quot;}\">\n\t\t\t\t<div class=\"elementor-element elementor-element-cee426c elementor-widget elementor-widget-text-editor\" data-id=\"cee426c\" data-element_type=\"widget\" data-widget_type=\"text-editor.default\">\n\t\t\t\t<div class=\"elementor-widget-container\">\n\t\t\t\t\t\t\t\t\t<p>Pomagam, doradzam, inspiruj\u0119<\/p>\t\t\t\t\t\t\t\t<\/div>\n\t\t\t\t<\/div>\n\t\t\t\t<div class=\"elementor-element elementor-element-86c072f elementor-widget elementor-widget-heading\" data-id=\"86c072f\" data-element_type=\"widget\" data-widget_type=\"heading.default\">\n\t\t\t\t<div class=\"elementor-widget-container\">\n\t\t\t\t\t<h3 class=\"elementor-heading-title elementor-size-default\">Um\u00f3w si\u0119 na konsultacj\u0119<\/h3>\t\t\t\t<\/div>\n\t\t\t\t<\/div>\n\t\t\t\t<div class=\"elementor-element elementor-element-c2a43b1 elementor-widget elementor-widget-text-editor\" data-id=\"c2a43b1\" data-element_type=\"widget\" data-widget_type=\"text-editor.default\">\n\t\t\t\t<div class=\"elementor-widget-container\">\n\t\t\t\t\t\t\t\t\t<p class=\"p1\">Zapisz si\u0119 na konsultacje, na kt\u00f3rych wyja\u015bniam jakie suplementy i zio\u0142a powinna\u015b przyjmowa\u0107. Om\u00f3wimy tak\u017ce szczeg\u00f3\u0142y Twojej diety, aby\u015b w ko\u0144cu zacz\u0119\u0142a \u017cy\u0107 zdrowo. Pomog\u0119 Ci upora\u0107 si\u0119 z Twoimi dolegliwo\u015bciami.<\/p><p>Konsultacj\u0119 prowadz\u0119 przez aplikacj\u0119 WhatsApp. Je\u015bli potrzebujesz pomocy z wyborem suplement\u00f3w z mojego sklepu \u2013 napisz do mnie wiadomo\u015b\u0107 sms.<\/p>\t\t\t\t\t\t\t\t<\/div>\n\t\t\t\t<\/div>\n\t\t\t\t<div class=\"elementor-element elementor-element-15d2632 elementor-button-type-link elementor-widget elementor-widget-button\" data-id=\"15d2632\" data-element_type=\"widget\" data-widget_type=\"button.default\">\n\t\t\t\t<div class=\"elementor-widget-container\">\n\t\t\t\t\t\t\t\t\t<div class=\"elementor-button-wrapper\">\n\t\t\t\t\t<a class=\"elementor-button elementor-button-link elementor-size-sm\" href=\"\/nowa\/kontakt\/\">\n\t\t\t\t\t\t<span class=\"elementor-button-content-wrapper\">\n\t\t\t\t\t\t<span class=\"elementor-button-icon\">\n\t\t\t\t<i aria-hidden=\"true\" class=\"fas fa-chevron-right\"><\/i>\t\t\t<\/span>\n\t\t\t\t\t\t\t\t\t<span class=\"elementor-button-text\">Um\u00f3w si\u0119 na konsultacje<\/span>\n\t\t\t\t\t<\/span>\n\t\t\t\t\t<\/a>\n\t\t\t\t<\/div>\n\t\t\t\t\t\t\t\t<\/div>\n\t\t\t\t<\/div>\n\t\t\t\t<\/div>\n\t\t<div class=\"elementor-element elementor-element-c751edc e-con-full e-flex e-con e-child\" data-id=\"c751edc\" data-element_type=\"container\" data-settings=\"{&quot;background_background&quot;:&quot;classic&quot;}\">\n\t\t\t\t<div class=\"elementor-element elementor-element-851796f elementor-widget elementor-widget-text-editor\" data-id=\"851796f\" data-element_type=\"widget\" data-widget_type=\"text-editor.default\">\n\t\t\t\t<div class=\"elementor-widget-container\">\n\t\t\t\t\t\t\t\t\t<p>Zdrowy styl \u017cycia to klucz do sukcesu<\/p>\t\t\t\t\t\t\t\t<\/div>\n\t\t\t\t<\/div>\n\t\t\t\t<div class=\"elementor-element elementor-element-6240903 elementor-widget elementor-widget-heading\" data-id=\"6240903\" data-element_type=\"widget\" data-widget_type=\"heading.default\">\n\t\t\t\t<div class=\"elementor-widget-container\">\n\t\t\t\t\t<h3 class=\"elementor-heading-title elementor-size-default\">Ruch i zdrowe od\u017cywianie\nto moja pasja i spos\u00f3b na \u017cycie<\/h3>\t\t\t\t<\/div>\n\t\t\t\t<\/div>\n\t\t\t\t<div class=\"elementor-element elementor-element-4866119 elementor-widget elementor-widget-text-editor\" data-id=\"4866119\" data-element_type=\"widget\" data-widget_type=\"text-editor.default\">\n\t\t\t\t<div class=\"elementor-widget-container\">\n\t\t\t\t\t\t\t\t\t<p>Od lat zajmuj\u0119 si\u0119 naturoterapi\u0105. Chc\u0119 pom\u00f3c Ci \u017cy\u0107 w dobrej formie, dobrej kondycji w \u015bwietnym nastroju \u2013 w ka\u017cdym wieku!<\/p><p>\u00a0<\/p>\t\t\t\t\t\t\t\t<\/div>\n\t\t\t\t<\/div>\n\t\t\t\t<div class=\"elementor-element elementor-element-90ba174 elementor-button-type-link elementor-widget elementor-widget-button\" data-id=\"90ba174\" data-element_type=\"widget\" data-widget_type=\"button.default\">\n\t\t\t\t<div class=\"elementor-widget-container\">\n\t\t\t\t\t\t\t\t\t<div class=\"elementor-button-wrapper\">\n\t\t\t\t\t<a class=\"elementor-button elementor-button-link elementor-size-sm\" href=\"\/nowa\/kontakt\/\">\n\t\t\t\t\t\t<span class=\"elementor-button-content-wrapper\">\n\t\t\t\t\t\t<span class=\"elementor-button-icon\">\n\t\t\t\t<i aria-hidden=\"true\" class=\"fas fa-chevron-right\"><\/i>\t\t\t<\/span>\n\t\t\t\t\t\t\t\t\t<span class=\"elementor-button-text\">Um\u00f3w si\u0119 na konsultacje<\/span>\n\t\t\t\t\t<\/span>\n\t\t\t\t\t<\/a>\n\t\t\t\t<\/div>\n\t\t\t\t\t\t\t\t<\/div>\n\t\t\t\t<\/div>\n\t\t\t\t<\/div>\n\t\t\t\t<\/div>\n\t\t\t\t\t<\/div>\n\t\t\t\t<\/div>\n\t\t\t\t<\/div>\n\t\t","protected":false},"excerpt":{"rendered":"<p>O mnie mgr Anna Kosmala &#8211; Naturoterapeutka Pomagam w naturalny spos\u00f3b rozprawia\u0107 si\u0119 kobietom (i nie tylko!) z ka\u017cdego zak\u0105tka \u015bwiata m.in. z insulinooporno\u015bci\u0105, oty\u0142o\u015bci\u0105, uzale\u017cnieniami, Hashimoto czy menopauz\u0105 opieraj\u0105c si\u0119 na najstarszym systemie opieki zdrowotnej uznawanym za kolebk\u0119 medycyny. \u0141\u0105cz\u0105c ze sob\u0105 r\u00f3\u017cne dziedziny podchodz\u0119 do problem\u00f3w holistycznie. Od lat rozprawiam si\u0119 z dolegliwo\u015bciami [&hellip;]<\/p>\n","protected":false},"author":0,"featured_media":0,"parent":0,"menu_order":0,"comment_status":"closed","ping_status":"closed","template":"","meta":{"footnotes":""},"class_list":["post-14817","page","type-page","status-publish","hentry"],"_links":{"self":[{"href":"https:\/\/ziolazycia.com\/nowa\/wp-json\/wp\/v2\/pages\/14817","targetHints":{"allow":["GET"]}}],"collection":[{"href":"https:\/\/ziolazycia.com\/nowa\/wp-json\/wp\/v2\/pages"}],"about":[{"href":"https:\/\/ziolazycia.com\/nowa\/wp-json\/wp\/v2\/types\/page"}],"replies":[{"embeddable":true,"href":"https:\/\/ziolazycia.com\/nowa\/wp-json\/wp\/v2\/comments?post=14817"}],"version-history":[{"count":3,"href":"https:\/\/ziolazycia.com\/nowa\/wp-json\/wp\/v2\/pages\/14817\/revisions"}],"predecessor-version":[{"id":19232,"href":"https:\/\/ziolazycia.com\/nowa\/wp-json\/wp\/v2\/pages\/14817\/revisions\/19232"}],"wp:attachment":[{"href":"https:\/\/ziolazycia.com\/nowa\/wp-json\/wp\/v2\/media?parent=14817"}],"curies":[{"name":"wp","href":"https:\/\/api.w.org\/{rel}","templated":true}]}}