{"id":14789,"date":"2026-03-21T09:18:21","date_gmt":"2026-03-21T08:18:21","guid":{"rendered":"https:\/\/ziolazycia.com\/nowa\/?page_id=14789"},"modified":"2026-03-21T09:18:21","modified_gmt":"2026-03-21T08:18:21","slug":"polityka-prywatnosci","status":"publish","type":"page","link":"https:\/\/ziolazycia.com\/nowa\/polityka-prywatnosci\/","title":{"rendered":"Polityka prywatno\u015bci"},"content":{"rendered":"\n<h4 class=\"wp-block-heading\"><strong>Administrator&nbsp;<\/strong>d<strong>anych<\/strong><\/h4>\n\n\n\n<p>Administratorem Danych Osobowych przetwarzanych w zwi\u0105zku z nasz\u0105 dzia\u0142alno\u015bci\u0105 internetow\u0105 jest firma\u201dZIO\u0141A \u017bYCIA\u201d Sklep Zielarsko-Medyczny Anna Kosmala email :&nbsp;<a href=\"mailto:ziola_zycia@wp.pl\">ziola_zycia@wp.pl<\/a>&nbsp;, numer telefonu 42 650 15 96.<\/p>\n\n\n\n<p>Informacje o przetwarzaniu danych osobowych<\/p>\n\n\n\n<p>\u201cZIO\u0141A \u017bYCIA\u201d Sklep Zielarsko-Medyczny Anna Kosmala przetwarza Twoje dane osobowe zgodnie z Rozporz\u0105dzeniem Parlamentu Europejskiego i Rady (UE) 2016\/679 z dnia 27 kwietnia 2016 roku w sprawie ochrony os\u00f3b fizycznych w zwi\u0105zku z przetwarzaniem danych osobowych i w sprawie swobodnego przep\u0142ywu takich danych oraz uchylenia dyrektywy 95\/46\/WE (RODO).<\/p>\n\n\n\n<p>W przypadku zakupu Mini kursu \u201eEnergetyczny poranek! Nakr\u0119\u0107 si\u0119 do \u017cycia!\u201d administratorem danych jest tak\u017ce PT Jiwa Raga Semesta z siedzib\u0105 w Indonezji:<\/p>\n\n\n\n<p>Adres: Jl. Tanah Abang 1 No. 11F, Kel. Petojo Selatan, Kec. Gambir, Jakarta Pusat 10160<br>NPWP: 04.684.047.6-028.000<br>NIB: 1102240017147<\/p>\n\n\n\n<p>Tre\u015b\u0107 Polityki prywatno\u015bci mo\u017ce ulec zmianie w dowolnym momencie. Zawsze b\u0119dziemy Ci\u0119 informowa\u0107 o zmianach i podawa\u0107 aktualn\u0105 wersj\u0119 dokumentu. Wsp\u00f3\u0142pracujemy z podmiotami, kt\u00f3re zapewniaj\u0105 wysoki stopie\u0144 ochrony przetwarzanych przez nas danych osobowych.<\/p>\n\n\n\n<p>Cel i zakres zbierania danych osobowych oraz podstawa prawna przetwarzania danych osobowych<\/p>\n\n\n\n<ul class=\"wp-block-list\">\n<li><strong>Kontakt<\/strong><\/li>\n<\/ul>\n\n\n\n<p>Zakres przetwarzania danych: przetwarzamy Twoje dane osobowe, w celach kontaktowych, aby udzieli\u0107 Ci odpowiedzi na Twoj\u0105 wiadomo\u015b\u0107 przes\u0142an\u0105 nam bezpo\u015brednio drog\u0105 elektroniczn\u0105 lub telefoniczn\u0105, a tak\u017ce je\u017celi jeste\u015b naszym klientem oraz dokonujesz zakup\u00f3w naszych produkt\u00f3w.<\/p>\n\n\n\n<p>Podstawa prawna: podstaw\u0105 prawn\u0105 takiego przetwarzania danych jest art. 6 ust. 1 lit. a RODO, czyli Twoja zgoda wynikaj\u0105ce z zainicjowania kontaktu oraz art. 6 ust. 1 lit. f RODO, kt\u00f3ry pozwala nam na realizacj\u0119 naszego uzasadnionego interesu, jaki stanowi zapewnienie sprawnej i efektywnej komunikacji mi\u0119dzy administratorem strony i u\u017cytkownikiem.<\/p>\n\n\n\n<ul class=\"wp-block-list\">\n<li><strong>Zam\u00f3wienia<\/strong><\/li>\n<\/ul>\n\n\n\n<p>Zakres przetwarzania danych: imi\u0119 i nazwisko, adres e-mail, adres zamieszkania, numer telefonu, NIP, dane o prowadzonej dzia\u0142alno\u015bci gospodarczej.<\/p>\n\n\n\n<p>Podstawa prawna:podstaw\u0105&nbsp; prawn\u0105&nbsp; takiego przetwarzania danych jest art. 6 ust. 1 lit b RODO, kt\u00f3ry pozwala przetwarza\u0107 dane w celu podj\u0119cia dzia\u0142a\u0144&nbsp; zmierzaj\u0105cych do zawarcia umowy i w celu wykonania umowy zawieranej poprzez z\u0142o\u017cenie zam\u00f3wienia.<\/p>\n\n\n\n<ul class=\"wp-block-list\">\n<li><strong>Wystawienie faktury i spe\u0142nienie obowi\u0105zk\u00f3w prawnopodatkowych<\/strong><\/li>\n<\/ul>\n\n\n\n<p>Zakres przetwarzania danych: dane dotycz\u0105ce dzia\u0142alno\u015bci gospodarczej: imi\u0119&nbsp; i nazwisko, adres, NIP.<\/p>\n\n\n\n<p>Podstawa prawna: podstaw\u0105&nbsp; prawn\u0105&nbsp; takiego przetwarzania danych jest art. 6 ust. 1 lit. c RODO, kt\u00f3ry pozwala przetwarza\u0107&nbsp; dane osobowe, je\u017celi takie przetwarzanie jest konieczne do wywi\u0105zania si\u0119 przez administratora z obowi\u0105zk\u00f3w wynikaj\u0105cych z prawa.<\/p>\n\n\n\n<ul class=\"wp-block-list\">\n<li><strong>Rozpatrzenie reklamacji oraz rozpatrzenie odst\u0105pienia od umowy<\/strong><\/li>\n<\/ul>\n\n\n\n<p>Zakres przetwarzania danych: adres e-mail, imi\u0119&nbsp; i nazwisko, dane zawarte w tre\u015bci reklamacji, numer rachunku bankowego, adres zamieszkania, numer telefonu.<\/p>\n\n\n\n<p>Podstawa prawna: podstaw\u0105&nbsp; prawn\u0105&nbsp; takiego przetwarzania danych jest art. 6 ust. 1 lit. b RODO, kt\u00f3ry pozwala przetwarza\u0107&nbsp;&nbsp; dane osobowe, je\u017celi s\u0105 one konieczne do wykonania umowy lub podj\u0119cia czynno\u015bci zmierzaj\u0105cych do zawarcia umowy oraz art. 6 ust. 1 lit. c RODO, kt\u00f3ry pozwala przetwarza\u0107 dane osobowe, je\u017celi takie przetwarzanie jest konieczne do wywi\u0105zania si\u0119 przez administratora z obowi\u0105zk\u00f3w wynikaj\u0105cych z prawa.<\/p>\n\n\n\n<ul class=\"wp-block-list\">\n<li><strong>Cel marketingowy (newsletter)<\/strong><\/li>\n<\/ul>\n\n\n\n<p>Zakres przetwarzania danych: adres e-mail.<\/p>\n\n\n\n<p>Podstawa prawna: podstaw\u0105&nbsp; prawn\u0105&nbsp; takiego przetwarzania danych jest art. 6 ust. 1 lit a RODO, czyli Twoja zgoda na otrzymywanie od nas informacji handlowych, tre\u015bci o charakterze marketingowym, oraz art. 6 ust. 1 lit. f RODO, kt\u00f3ry pozwala przetwarza\u0107&nbsp; dane osobowe, je\u017celi tym sposobem administrator realizuje sw\u00f3j prawnie uzasadniony interes (w tym przypadku jest nim cel marketingowy w\u0142asnych us\u0142ug i produkt\u00f3w).<\/p>\n\n\n\n<ul class=\"wp-block-list\">\n<li><strong>Cel archiwalny i dowodowy, na potrzeby zabezpieczenia informacji, kt\u00f3re mog\u0105 s\u0142u\u017cy\u0107 wykazywaniu fakt\u00f3w.<\/strong><\/li>\n<\/ul>\n\n\n\n<p>Zakres przetwarzania danych: wszystkie dane wymienione powy\u017cej dotycz\u0105cej przetwarzania danych przez nas.<\/p>\n\n\n\n<p>Podstawa prawna: podstaw\u0105&nbsp; prawn\u0105 takiego przetwarzania danych jest art. 6 ust. 1 lit. f RODO, kt\u00f3ry pozwala przetwarza\u0107 dane osobowe, je\u017celi tym sposobem administrator realizuje sw\u00f3j prawnie uzasadniony interes (w tym przypadku interesem administratora jest posiadanie danych osobowych, kt\u00f3re pozwol\u0105&nbsp; dowie\u015b\u0107 fakt\u00f3w zwi\u0105zanych z korzystaniem ze strony, wykonaniem umowy, przetwarzaniem danych na uzasadnionej podstawie prawnej).<\/p>\n\n\n\n<ul class=\"wp-block-list\">\n<li><strong>Ustalenie, dochodzenie lub obrona przed roszczeniami<\/strong><\/li>\n<\/ul>\n\n\n\n<p>Zakres przetwarzania danych: wszystkie dane wymienione powy\u017cej dotycz\u0105ce przetwarzania danych przez nas.<\/p>\n\n\n\n<p>Podstawa prawna:&nbsp; podstaw\u0105&nbsp; prawn\u0105&nbsp; takiego przetwarzania danych jest art. 6 ust. 1 lit. f RODO, kt\u00f3ry pozwala przetwarza\u0107 dane osobowe, je\u017celi tym sposobem administrator realizuje sw\u00f3j prawnie uzasadniony interes (w tym przypadku interesem administratora jest posiadanie danych osobowych, kt\u00f3re pozwol\u0105&nbsp; ustali\u0107 roszczenia, dochodzi\u0107&nbsp; roszcze\u0144 lub broni&nbsp;&nbsp;&nbsp; \u0107 si\u0119 przed roszczeniami os\u00f3b korzystaj\u0105cych ze strony lub os\u00f3b trzecich czy klient\u00f3w).<\/p>\n\n\n\n<ul class=\"wp-block-list\">\n<li><strong>Wykorzystanie cookies na stronie<\/strong><\/li>\n<\/ul>\n\n\n\n<p>Zakres przetwarzania danych: &nbsp; IP, zachowanie u\u017cytkownika na stronie.<\/p>\n\n\n\n<p>Podstawa prawna: podstaw\u0105&nbsp; prawn\u0105&nbsp; takiego przetwarzania danych jest art. 6 ust. 1 lit. a RODO, kt\u00f3ry pozwala przetwarza\u0107 dane osobowe za Twoja zgod\u0105 . Zgody udzielasz podczas pierwszej wizyty na stronie.<\/p>\n\n\n\n<p>Zarz\u0105dzanie profilami administratora w social mediach.<\/p>\n\n\n\n<p>Zakres przetwarzania danych: dane, jakie zwi\u0105zane s\u0105 z korzystaniem z danej platformy spo\u0142eczno\u015bciowej.<\/p>\n\n\n\n<p>Podstawa prawna: podstaw\u0105 prawn\u0105 takiego przetwarzania danych jest uprawnienie administratora realizowane na podstawie art. 6 ust. 1 lit. f RODO, czyli prawnie uzasadniony interes administratora do zarz\u0105dzania profilem na danej platformie oraz Twoja zgoda (art. 6 ust. 1 lit a RODO), jak\u0105 wyra\u017casz np. Poprzez do&nbsp;&nbsp;&nbsp;&nbsp;&nbsp; \u0142\u0105czenie do grupy stworzonej przez administratora na danej platformie.<\/p>\n\n\n\n<ul class=\"wp-block-list\">\n<li><strong>Umieszczanie komentarzy\/opinii na stronie<\/strong><\/li>\n<\/ul>\n\n\n\n<p>Zakres przetwarzania danych: imi\u0119, adres e-mail.<\/p>\n\n\n\n<p>Podstawa prawna: podstaw\u0105&nbsp; prawn\u0105&nbsp; takiego przetwarzania danych jest art. 6 ust. 1 lit. a RODO, czyli Twoja zgoda, kt\u00f3r\u0105 wyra\u017casz, aby doda\u0107 komentarz na naszej stronie.<\/p>\n\n\n\n<h4 class=\"wp-block-heading\"><strong>Prawa zwi\u0105zane z przetwarzaniem Twoich danych osobowych<\/strong><\/h4>\n\n\n\n<ul class=\"wp-block-list\">\n<li>prawo dost\u0119pu do danych osobowych (art. 15 RODO), w tym uzyskania kopii danych (art. 15 ust. 3 RODO),<\/li>\n\n\n\n<li>prawo do sprostowania danych osobowych lub uzupe \u0142nienia niekompletnych danych osobowych (16 RODO),<\/li>\n\n\n\n<li>prawo do usuni\u0119cia danych osobowych w przypadkach przewidzianych prawem (art. 17 RODO),<\/li>\n\n\n\n<li>prawo do ograniczenia przetwarzania danych osobowych (art. 18 RODO),<\/li>\n\n\n\n<li>prawo do przenoszenia danych (art. 20 RODO),<\/li>\n\n\n\n<li>prawo do wniesienia sprzeciwu co do przetwarzania danych osobowych (art. 21 RODO),<\/li>\n\n\n\n<li>prawo do wniesienia skargi do organu nadzorczego, tj. do Prezesa Urz\u0119du Ochrony Danych Osobowych z siedzib\u0105 w Warszawie. Szczeg\u00f3\u0142y dotycz\u0105ce sk\u0142adania skarg mo\u017cna znale\u017a\u0107 na stronie UODO, pod adresem: https:\/\/uodo.gov.pl\/pl\/83\/155 ,<\/li>\n\n\n\n<li>prawo do odwo\u0142ania zgody na przetwarzanie danych osobowych, je\u017celi takow\u0105 zgod\u0119 wyrazi\u0142e\u015b. Zgod\u0119 mo\u017cesz wycofa\u0107\u00a0 poprzez przes\u0142anie wiadomo\u015bci na adres e-mail: ziola_zycia@wp.pl<\/li>\n<\/ul>\n\n\n\n<h4 class=\"wp-block-heading\"><strong>Odbiorcy danych<\/strong><\/h4>\n\n\n\n<p>Odbiorcami Twoich danych osobowych s\u0105 :<\/p>\n\n\n\n<ul class=\"wp-block-list\">\n<li>podmiot dostarczaj\u0105cy oprogramowanie obs\u0142uguj\u0105ce konta u\u017cytkownik\u00f3w,<\/li>\n\n\n\n<li>po\u015brednicy p\u0142atno\u015bci internetowych, z kt\u00f3rych us\u0142ug korzystamy,<\/li>\n\n\n\n<li>je\u015bli zapisa\u0142e\u015b si\u0119 na newsletter Twoje dane b\u0119d\u0105 przekazane do podmiotu prowadz\u0105cego nasz newsletter,<\/li>\n\n\n\n<li>je\u015bli napisa\u0142e\u015b komentarz na stronie Twoje dane b\u0119d\u0105 przekazane do podmiotu obs\u0142uguj\u0105cego modu\u0142 komentarzy,<\/li>\n\n\n\n<li>je\u015bli wyrazi\u0142e\u015b zgod\u0119 na ciasteczka marketingowe, Twoje dane zapisane w plikach cookies, b\u0119d\u0105 przekazane do naszych partner\u00f3w reklamowych,<\/li>\n\n\n\n<li>je\u015bli wyrazi\u0142e\u015b zgod\u0119 na ciasteczka analityczne, Twoje podmioty zapisane w plikach cookies, b\u0119d\u0105\u00a0 przetwarzane przez dostarczaj\u0105cy oprogramowanie do analizy ruchu naszej stronie (np. Google Analytics),<\/li>\n\n\n\n<li>inne osoby lub podmioty, z kt\u00f3rymi zosta\u0142a zawarta umowa powierzenia.<\/li>\n<\/ul>\n\n\n\n<p>Wszyscy odbiorcy danych, kt\u00f3rym powierzam przetwarzanie danych osobowych gwarantuj\u0105&nbsp; stosowanie odpowiednich \u015brodk\u00f3w ochrony i bezpiecze\u0144stwa danych osobowych wymaganych przez przepisy prawa.<\/p>\n\n\n\n<h4 class=\"wp-block-heading\"><strong>Pa\u0144stwa trzecie<\/strong><\/h4>\n\n\n\n<p>Twoje dane nie s\u0105&nbsp; przekazywane do Pa\u0144stwa spoza Europejskiego Obszaru Gospodarczego lub organizacji mi\u0119dzynarodowej.<\/p>\n\n\n\n<h4 class=\"wp-block-heading\"><strong>Dobrowolno\u015b\u0107&nbsp; podania danych<\/strong><\/h4>\n\n\n\n<p>Podanie danych osobowych jest dobrowolne dla ka\u017cdego celu, kt\u00f3ry to jest przetwarzany na podstawie art. 6 ust. 1 lit a RODO, ale podanie okre\u015blonych danych osobowych jest niezb\u0119dne do realizacji okre\u015blonych cel\u00f3w.<\/p>\n\n\n\n<h4 class=\"wp-block-heading\"><strong>Zautomatyzowane podejmowanie decyzji i profilowanie<\/strong><\/h4>\n\n\n\n<p>Twoje dane nie s\u0105&nbsp; przez nas wykorzystywane do zautomatyzowanego podejmowania decyzji, kt\u00f3re mog\u0142yby mie\u0107\u200b wp\u0142yw na Twoj\u0105&nbsp; sytuacj\u0119&nbsp; prawn\u0105&nbsp; lub wywo\u0142ywa\u0107 w stosunku do Ciebie inne podobnie donios\u0142e skutki.<\/p>\n\n\n\n<p>Narz\u0119dzia zaimplementowane w ramach strony mog\u0105&nbsp; profilowa\u0107&nbsp; zachowania u\u017cytkownik\u00f3w, w celu usprawnienia strony i dopasowania wy\u015bwietlanych tre\u015bci do preferencji u\u017cytkownika, przy czym w tym przypadku analizowane s\u0105&nbsp; dane przede wszystkim o charakterze anonimowym (lokalizacja, wiek, zainteresowania).<\/p>\n\n\n\n<p>Korzystamy z plik\u00f3w cookies oraz narz\u0119dzi analitycznych, jak ka\u017cda strona internetowa.<\/p>\n\n\n\n<h4 class=\"wp-block-heading\"><strong>Termin przechowywania danych<\/strong><\/h4>\n\n\n\n<p>Zgodnie z obowi\u0105zuj\u0105cymi przepisami prawa przetwarzamy Twoje dane wy\u0142\u0105cznie przez czas, kt\u00f3ry jest potrzebny, aby osi\u0105gn\u0105\u0107 wyznaczony cel. Po tym okresie Twoje dane osobowe zostan\u0105 nieodwracalnie usuni\u0119te lub zniszczone. Dodatkowy rok zwi\u0105zany z przetwarzaniem danych osobowych zebranych na potrzeby wykonania umowy wynika z tego, \u017ce zg\u0142oszenie mo\u017ce by\u0107 przez Ciebie dokonane tu\u017c przed up\u0142ywem terminu przedawnienia.<\/p>\n\n\n\n<p>Twoje dane przetwarzamy przez okres:<\/p>\n\n\n\n<ul class=\"wp-block-list\">\n<li>3 lub 6 lat + 1 rok \u2013 w odniesieniu do danych osobowych przetwarzanych w celu ustalenia, dochodzenia lub obrony roszcze\u0144 ; wyb\u00f3r 3 lub 6 lat zale\u017cy od tego, czy obie strony s\u0105 przedsi\u0119biorcami, czy nie.<\/li>\n\n\n\n<li>do czasu skutecznego wniesienia sprzeciwu lub osi\u0105gni\u0119cia celu przetwarzania \u2013 w odniesieniu do danych osobowych<\/li>\n<\/ul>\n\n\n\n<p>przetwarzanych na podstawie prawnie uzasadnionego interesu administratora.<\/p>\n\n\n\n<ul class=\"wp-block-list\">\n<li>do czasu zdezaktualizowania si\u0119 lub utraty przydatno\u015bci \u2013 w odniesieniu do danych osobowych przetwarzanych g\u0142\u00f3wnie do cel\u00f3w administrowania stron\u0105 internetow\u0105 .<\/li>\n\n\n\n<li>do czasu wycofania zgody lub utraty przydatno\u015bci \u2013 w odniesieniu do danych osobowych przetwarzanych na podstawie Twojej zgody, o ile wprost nie wskazano inaczej w momencie wyra\u017cania zgody.<\/li>\n<\/ul>\n\n\n\n<h4 class=\"wp-block-heading\"><strong>Portale spo\u0142eczno\u015bciowe<\/strong><\/h4>\n\n\n\n<p>Prowadzimy profile na portalach spo\u0142eczno\u015bciowych, w celu promowania w\u0142asnej dzia\u0142alno\u015bci. Nasza strona zawiera wtyczki przekierowuj\u0105ce do nich. Jeste\u015bmy administratorem profilu na danej platformie, a Twoje dane (imi\u0119 , nazwisko, pseudonim, inne dane wskazane przez Ciebie na Twoim profilu) przetwarzamy g\u0142\u00f3wnie w celu zarz\u0105dzania naszym profilem, tworzenia spo\u0142eczno\u015bci i interakcji z obserwatorami (polubienia, komentarze, przesy\u0142ane wiadomo\u015bci). Je\u015bli u\u017cyjesz danej wtyczki, np. klikaj\u0105c w przycisk \u201eLubi\u0119&nbsp; to\u201d lub \u201eUdost\u0119pnij\u201d, to odpowiednia informacja zostanie r\u00f3wnie\u017c&nbsp; przes\u0142ana bezpo\u015brednio na serwer danego us\u0142ugodawcy i tam zachowana.<\/p>\n\n\n\n<p>Portale spo\u0142eczno\u015bciowe maj\u0105 w\u0142asne polityki prywatno\u015bci, regulaminy i zasady przetwarzania danych, kt\u00f3re wi\u0105\u017c\u0105&nbsp; ich u\u017cytkownik\u00f3w i do kt\u00f3rych przestrzegania jeste\u015bmy zobowi\u0105zani, wi\u0119c zach\u0119camy Ci\u0119 do zapoznania si\u0119&nbsp; z ich regulaminem i polityk\u0105&nbsp; ka\u017cdej z platform. Nie przetwarzamy danych gromadzonych przez platformy spo\u0142eczno\u015bciowe do w\u0142asnych cel\u00f3w. Wtyczki prowadz\u0105ce do naszych profili pozwalaj\u0105 Ci na bezpo\u015brednie po\u0142\u0105czenie z naszym profilem po klikni\u0119ciu w ikon\u0119 platformy. Platforma spo\u0142eczno\u015bciowa mo\u017ce pozyska\u0107&nbsp; informacj\u0119 o tym, \u017ce korzystasz z naszej strony, w szczeg\u00f3lno\u015bci wtedy, gdy jeste\u015b&nbsp; zalogowany jako jej u\u017cytkownik. Je\u015bli nie chcesz, by portale spo\u0142eczno\u015bciowe pozyskiwa\u0142y informacje o Twojej dzia\u0142alno\u015bci, zalecamy wylogowanie z Twoich profili oraz korzystanie z przegl\u0105darki w trybie incognito. W ramach naszej strony znajdziesz wtyczki przekierowuj\u0105ce Ci\u0119 do naszych profili na wskazanych poni\u017cej platformach, wskazujemy tak\u017ce polityki prywatno\u015bci platform, tak by\u015b m\u00f3g\u0142 zapozna\u0107 si\u0119 z nimi zgodnie z naszymi zaleceniami:<\/p>\n\n\n\n<ul class=\"wp-block-list\">\n<li><strong>Instagram:https:\/\/www.instagram.com\/ziolazycia\/<\/strong><\/li>\n<\/ul>\n\n\n\n<p>Polityka prywatno\u015bci platformy: https:\/\/privacycenter.instagram.com\/policy\/version\/6218528774917551\/<\/p>\n\n\n\n<h4 class=\"wp-block-heading\"><strong>Newsletter<\/strong><\/h4>\n\n\n\n<p>Twoje dane podane w formularzu zapisu na newsletter (e-mail) s\u0105 przetwarzane w celu wysy\u0142ki newslettera i na podstawie Twojej zgody. Pami\u0119taj, by potwierdzi\u0107&nbsp; subskrypcj\u0119&nbsp; naszego newslettera po otrzymaniu pierwszej wiadomo\u015bci. Twoje dane nie b\u0119d\u0105 przekazywane do pa\u0144stwa trzeciego poza Uni\u0105&nbsp; Europejsk\u0105 w celu wys\u0142ania newslettera. Podanie przez Ciebie danych w formularzu zapisu do newslettera jest dobrowolne, ale niezb\u0119dne do wys\u0142ania Ci newslettera na podstawie Twojej zgody, a tak\u017ce w celu wys\u0142ania Ci informacji o marketingu produkt\u00f3w w\u0142asnych lub us\u0142ug na podstawie naszego, jako administratora, uzasadnionego interesu (tj. art. 6 ust. 1 lit. f RODO) oraz w celu dochodzenia ewentualnych roszcze\u0144&nbsp; w zwi\u0105zku z wysy\u0142k\u0105&nbsp; newslettera. B\u0119dziesz otrzymywa\u0107 nasz newsletter do czasu zako\u0144czenia subskrypcji przez Ciebie lub zako\u0144czenia wysy\u0142ania newslettera przez nas. W przypadku braku aktywno\u015bci subskrybenta przez 1 rok mo\u017cemy zaprzesta\u0107 wysy\u0142ania newslettera, a w takim przypadku usuniemy Ci\u0119 z listy naszych subskrybent\u00f3w.<\/p>\n\n\n\n<p>Mechanizm wypisania si\u0119&nbsp; z us\u0142ugi newslettera nie jest skomplikowany i polega na klikni\u0119ciu aktywnego linku z informacj\u0105&nbsp; \u201eWypisuj\u0119 si\u0119&nbsp; z newslettera\u201d. Po skorzystaniu przez Ciebie z tego prawa i wypisaniu si\u0119 z newslettera,<\/p>\n\n\n\n<p>Twoje dane dotycz\u0105ce subskrypcji newslettera b\u0119d\u0105 przechowywane przez okres niezb\u0119dny dla obrony przed potencjalnymi roszczeniami. Jest to nasz uzasadniony, jako administratora danych, interes. Dane osobowe przekazane podczas zapisania si\u0119&nbsp; do newslettera mo\u017cemy przekazywa\u0107&nbsp; nast\u0119puj\u0105cym podmiotom: serwisowi \u015bwiadcz\u0105cemu us\u0142ugi utrzymania systemu informatycznego i hostingu, dostawcy us\u0142ugi poczty elektronicznej, dostawcy us\u0142ugi newslettera oraz osobom trzecim wspieraj\u0105cym nas w zakresie wysy\u0142ki newslettera, z kt\u00f3rymi zawarli\u015bmy odpowiednie umowy. Gdy przetwarzamy Twoje dane, masz prawo dost\u0119pu do tre\u015bci swoich danych, otrzymywania ich kopii, prawo do sprostowania, usuni\u0119cia, ograniczenia ich przetwarzania, prawo do przenoszenia danych, prawo wniesienia sprzeciwu, prawo cofni\u0119cia zgody w dowolnym momencie. Pami\u0119taj jednak o tym, \u017ce w przypadku wycofania zgody na przetwarzanie danych ten fakt pozostanie bez wp\u0142ywu na zgodno\u015b\u0107&nbsp; z prawem przetwarzania danych, kt\u00f3re zosta\u0142o&nbsp; dokonane na podstawie Twojej zgody przed jej wycofaniem.<\/p>\n\n\n\n<p>Masz tak\u017ce prawo wniesienia skargi do Prezesa Urz\u0119du Ochrony Danych Osobowych, gdy tylko uznasz, \u017ce przetwarzanie Twoich danych narusza przepisy prawa. Twoje dane nie b\u0119d\u0105&nbsp; przetwarzane w spos\u00f3b zautomatyzowany.<\/p>\n\n\n\n<h4 class=\"wp-block-heading\"><strong>Wycofanie zgody na przetwarzanie danych<\/strong><\/h4>\n\n\n\n<p>Je\u017celi przetwarzanie danych osobowych odbywa si\u0119 na podstawie zgody, w ka\u017cdej chwili mo\u017cesz t\u0119 zgod\u0119 cofn\u0105\u0107-wedle w\u0142asnego uznania. Je\u017celi chcia\u0142by\u015b&nbsp; cofn\u0105\u0107&nbsp; zgod\u0119 na przetwarzanie danych osobowych, to w tym celu wystarczy wys\u0142a\u0107&nbsp; maila bezpo\u015brednio na adres administratora. Je\u017celi przetwarzanie Twoich danych osobowych odbywa\u0142o si\u0119&nbsp; na podstawie zgody, jej cofni\u0119cie nie powoduje, \u017ce przetwarzanie danych osobowych do tego momentu by\u0142o nielegalne. Innymi s\u0142owy, do czasu cofni\u0119cia zgody mamy prawo przetwarza\u0107&nbsp; Twoje dane osobowe i jej odwo\u0142anie nie wp\u0142ywa na zgodno\u015b\u0107&nbsp; z prawem dotychczasowego przetwarzania.<\/p>\n\n\n\n<h4 class=\"wp-block-heading\"><strong>Cookies i narz\u0119dzia wdro\u017cone na stronie<\/strong><\/h4>\n\n\n\n<p>Ta strona internetowa, podobnie jak wiele innych, u\u017cywa plik\u00f3w cookies.<\/p>\n\n\n\n<p>Pliki cookies to kr\u00f3tkie informacje tekstowe, zapisywane na urz\u0105dzeniu, z kt\u00f3rego korzystasz (np. komputerze, tablecie, smartfonie), przegl\u0105daj\u0105c nasz\u0105 stron\u0119 internetow\u0105 . Mog\u0105 by\u0107 one odczytywane przez nas (\u201ecookies w\u0142asne\u201d, kt\u00f3re wykorzystujemy w celu zapewnienia prawid\u0142owego dzia\u0142ania tej strony, ulepszenia naszej oferty), a tak\u017ce przez systemy nale\u017c\u0105ce do innych podmiot\u00f3w, z kt\u00f3rych us\u0142ug korzystamy (\u201ecookies zewn\u0119trzne\u201d).<\/p>\n\n\n\n<p>Masz prawo do zmiany ustawie\u0144&nbsp; cookies z poziomu swojej przegl\u0105darki albo do ich usuni\u0119cia. Przegl\u0105darki zarz\u0105dzaj\u0105 ustawieniami cookies na r\u00f3\u017cne sposoby. Podczas pierwszej wizyty na stronie wy\u015bwietlana jest informacja na temat stosowania plik\u00f3w cookies. Nasza strona wykorzystuje nast\u0119puj\u0105ce technologie \u015bledz\u0105ce:<\/p>\n\n\n\n<ul class=\"wp-block-list\">\n<li>wtyczki spo\u0142eczno\u015bciowe przekierowuj\u0105ce do naszych profili spo\u0142eczno\u015bciowych,<\/li>\n\n\n\n<li>narz\u0119dzia analityczne i marketingowe, takie jak: Google Analytics.<\/li>\n<\/ul>\n\n\n\n<p>W menu pomocniczym przegl\u0105darki internetowej znajdziesz wyja\u015bnienia dotycz\u0105ce zmiany ustawie\u0144&nbsp; cookies. Wy\u0142\u0105czenie lub ograniczenie obs\u0142ugi plik\u00f3w cookies mo\u017ce powodowa\u0107&nbsp; trudno\u015bci w korzystaniu ze strony.<\/p>\n\n\n\n<ul class=\"wp-block-list\">\n<li>Cookies niezb\u0119dne \u2013 wykorzystujemy, w celu zapewnienia prawid\u0142owego dzia\u0142ania strony, w szczeg\u00f3lno\u015bci procesu zam\u00f3wienia.<\/li>\n\n\n\n<li>Cookies analityczne \u2013 wykorzystujemy, w celu poprawy jako\u015bci us\u0142ug w serwisie. Korzystamy z narz\u0119dzi analitycznych nale\u017c\u0105cych do stron trzecich, aby zrozumie\u0107 , w jaki spos\u00f3b u\u017cytkownicy korzystaj\u0105 z naszej witryny internetowej. \u200b<\/li>\n<\/ul>\n\n\n\n<p>Uzyskane w ten spos\u00f3b informacje pozwalaj\u0105&nbsp; nam poprawia\u0107 jako\u015b\u0107 i tre\u015b\u0107&nbsp; strony.<\/p>\n\n\n\n<ul class=\"wp-block-list\">\n<li>Cookies marketingowe \u2013 wykorzystujemy, w celu dopasowania tre\u015bci i form reklam, wy\u015bwietlanych zar\u00f3wno na naszych stronach, jak i w sieciach reklamowych naszych partner\u00f3w.<\/li>\n<\/ul>\n\n\n\n<h4 class=\"wp-block-heading\"><strong>Google Analytics<\/strong><\/h4>\n\n\n\n<p>Google Analytics pozwala na analizowanie us\u0142ug i dzia\u0142a\u0144 internetowych. Google Analytics wykorzystuje pliki cookies, kt\u00f3re s\u0105 zapisywane na komputerze i umo\u017cliwiaj\u0105&nbsp; przeprowadzenie analizy korzystania ze strony przez u\u017cytkownika.<\/p>\n\n\n\n<p>Masz mo\u017cliwo\u015b\u0107 wy\u0142\u0105czenia funkcji zapisywania plik\u00f3w cookies przez odpowiednie ustawienia w ramach swojej przegl\u0105darki. Istnieje jednak ryzyko, \u017ce doprowadzisz do sytuacji, w kt\u00f3rej nie b\u0119dzie mo\u017cliwo\u015bci korzystania w pe\u0142ni ze wszystkich funkcji tej strony. Zbierane w ramach narz\u0119dzia dane s\u0105 anonimowe (lokalizacja, p\u0142e\u0107, wiek, aktywno\u015b\u0107&nbsp; w Internecie), przy czym dostawca mo\u017ce \u0142\u0105czy\u0107 je z danymi, jakie zgromadzi\u0142 o Tobie w ramach korzystania z jego przegl\u0105darki i\/lub jego us\u0142ug. Korzystamy z Google Analytics w celu analizowania korzystania ze strony przez jej u\u017cytkownik\u00f3w oraz jej ulepszania zgodnie z preferencjami u\u017cytkownik\u00f3w. Dzi\u0119ki uzyskanym statystykom mo\u017cemy np. dopasowa\u0107&nbsp; nasz\u0105 ofert\u0119.<\/p>\n\n\n\n<p>Szczeg\u00f3\u0142y dotycz\u0105ce Google Analytics s\u0105 dost\u0119pne po klikni\u0119ciu w link: https:\/\/analytics.google.com\/analytics\/web\/provision\/?hl=pl#\/provision<\/p>\n\n\n\n<p>Google zapewnia,&nbsp; \u017ce korzysta z mechanizm\u00f3w ochrony danych i bezpiecze\u0144stwa przewidzianych przez przepisy europejskie. Szczeg\u00f3\u0142y dotycz\u0105ce ochrony danych przez Google s\u0105 dost\u0119pne pod linkiem: https:\/\/policies.google.com\/privacy?hl=pl&nbsp;&nbsp;&nbsp;&nbsp;&nbsp;&nbsp;&nbsp;&nbsp; .<\/p>\n\n\n\n<p><\/p>\n\n\n\n<p><\/p>\n","protected":false},"excerpt":{"rendered":"<p>Administrator&nbsp;danych Administratorem Danych Osobowych przetwarzanych w zwi\u0105zku z nasz\u0105 dzia\u0142alno\u015bci\u0105 internetow\u0105 jest firma\u201dZIO\u0141A \u017bYCIA\u201d Sklep Zielarsko-Medyczny Anna Kosmala email :&nbsp;ziola_zycia@wp.pl&nbsp;, numer telefonu 42 650 15 96. Informacje o przetwarzaniu danych osobowych \u201cZIO\u0141A \u017bYCIA\u201d Sklep Zielarsko-Medyczny Anna Kosmala przetwarza Twoje dane osobowe zgodnie z Rozporz\u0105dzeniem Parlamentu Europejskiego i Rady (UE) 2016\/679 z dnia 27 kwietnia 2016 [&hellip;]<\/p>\n","protected":false},"author":1,"featured_media":0,"parent":0,"menu_order":0,"comment_status":"closed","ping_status":"closed","template":"","meta":{"footnotes":""},"class_list":["post-14789","page","type-page","status-publish","hentry"],"_links":{"self":[{"href":"https:\/\/ziolazycia.com\/nowa\/wp-json\/wp\/v2\/pages\/14789","targetHints":{"allow":["GET"]}}],"collection":[{"href":"https:\/\/ziolazycia.com\/nowa\/wp-json\/wp\/v2\/pages"}],"about":[{"href":"https:\/\/ziolazycia.com\/nowa\/wp-json\/wp\/v2\/types\/page"}],"author":[{"embeddable":true,"href":"https:\/\/ziolazycia.com\/nowa\/wp-json\/wp\/v2\/users\/1"}],"replies":[{"embeddable":true,"href":"https:\/\/ziolazycia.com\/nowa\/wp-json\/wp\/v2\/comments?post=14789"}],"version-history":[{"count":1,"href":"https:\/\/ziolazycia.com\/nowa\/wp-json\/wp\/v2\/pages\/14789\/revisions"}],"predecessor-version":[{"id":14802,"href":"https:\/\/ziolazycia.com\/nowa\/wp-json\/wp\/v2\/pages\/14789\/revisions\/14802"}],"wp:attachment":[{"href":"https:\/\/ziolazycia.com\/nowa\/wp-json\/wp\/v2\/media?parent=14789"}],"curies":[{"name":"wp","href":"https:\/\/api.w.org\/{rel}","templated":true}]}}