{"id":14772,"date":"2026-03-20T20:15:17","date_gmt":"2026-03-20T19:15:17","guid":{"rendered":"https:\/\/ziolazycia.com\/nowa\/5-naturalnych-sposobow-na-zlagodzenie-skutkow_menopauzy\/"},"modified":"2026-03-20T20:15:17","modified_gmt":"2026-03-20T19:15:17","slug":"5-naturalnych-sposobow-na-zlagodzenie-skutkow_menopauzy","status":"publish","type":"page","link":"https:\/\/ziolazycia.com\/nowa\/5-naturalnych-sposobow-na-zlagodzenie-skutkow_menopauzy\/","title":{"rendered":"5 naturalnych sposob\u00f3w na z\u0142agodzenie skutk\u00f3w menopauzy"},"content":{"rendered":"\t\t<div data-elementor-type=\"wp-page\" data-elementor-id=\"14772\" class=\"elementor elementor-14772\" data-elementor-post-type=\"page\">\n\t\t\t\t<div class=\"elementor-element elementor-element-5cbdbd3 e-flex e-con-boxed e-con e-parent\" data-id=\"5cbdbd3\" data-element_type=\"container\">\n\t\t\t\t\t<div class=\"e-con-inner\">\n\t\t<div class=\"elementor-element elementor-element-1f202ac e-con-full e-flex e-con e-child\" data-id=\"1f202ac\" data-element_type=\"container\">\n\t\t\t\t<div class=\"elementor-element elementor-element-fb92670 elementor-widget__width-initial elementor-widget elementor-widget-image\" data-id=\"fb92670\" data-element_type=\"widget\" data-widget_type=\"image.default\">\n\t\t\t\t<div class=\"elementor-widget-container\">\n\t\t\t\t\t\t\t\t\t\t\t\t\t\t\t<img decoding=\"async\" src=\"https:\/\/ziolazycia.com\/wp-content\/uploads\/2025\/01\/Projekt-bez-nazwy-4.png\" title=\"\" alt=\"\" loading=\"lazy\" \/>\t\t\t\t\t\t\t\t\t\t\t\t\t\t\t<\/div>\n\t\t\t\t<\/div>\n\t\t\t\t<\/div>\n\t\t<div class=\"elementor-element elementor-element-7411f6a e-con-full e-flex e-con e-child\" data-id=\"7411f6a\" data-element_type=\"container\">\n\t\t\t\t<div class=\"elementor-element elementor-element-feaeb21 elementor-widget__width-initial elementor-widget elementor-widget-text-editor\" data-id=\"feaeb21\" data-element_type=\"widget\" data-widget_type=\"text-editor.default\">\n\t\t\t\t<div class=\"elementor-widget-container\">\n\t\t\t\t\t\t\t\t\t<p>Poznaj <span style=\"color: #FDA043;\">naturalne sposoby na menopauz\u0119,<\/span> kt\u00f3re stosuj\u0119 od lat<\/p>\t\t\t\t\t\t\t\t<\/div>\n\t\t\t\t<\/div>\n\t\t\t\t<div class=\"elementor-element elementor-element-bb33586 elementor-widget__width-initial elementor-widget elementor-widget-text-editor\" data-id=\"bb33586\" data-element_type=\"widget\" data-widget_type=\"text-editor.default\">\n\t\t\t\t<div class=\"elementor-widget-container\">\n\t\t\t\t\t\t\t\t\t<p class=\"cvGsUA direction-ltr align-start para-style-body\"><span class=\"OYPEnA font-feature-liga-off font-feature-clig-off font-feature-calt-off text-decoration-none text-strikethrough-none\">Mam dla Ciebie praktyczny e-book, w kt\u00f3rym dziel\u0119 si\u0119 sprawdzonymi metodami, kt\u00f3re sama stosuj\u0119 od lat. Przedstawiam w nim 5 naturalnych sposob\u00f3w na \u0142agodzenie skutk\u00f3w menopauzy \u2013 bezpiecznych i skutecznych rozwi\u0105za\u0144, kt\u00f3re pomog\u0105 Ci upora\u0107 si\u0119 z uderzeniami gor\u0105ca, wahaniami nastroju czy problemami ze snem. To proste kroki, kt\u00f3re mo\u017cesz wdro\u017cy\u0107 od razu, by poczu\u0107 si\u0119 lepiej i odzyska\u0107 kontrol\u0119 nad swoim samopoczuciem.<\/span><\/p><p class=\"cvGsUA direction-ltr align-start para-style-body\">znajdziesz w nim:<\/p>\t\t\t\t\t\t\t\t<\/div>\n\t\t\t\t<\/div>\n\t\t\t\t<div class=\"elementor-element elementor-element-2c7780d elementor-mobile-align-left elementor-list-item-link-full_width elementor-widget elementor-widget-icon-list\" data-id=\"2c7780d\" data-element_type=\"widget\" data-widget_type=\"icon-list.default\">\n\t\t\t\t<div class=\"elementor-widget-container\">\n\t\t\t\t\t\t\t<ul class=\"elementor-icon-list-items\">\n\t\t\t\t\t\t\t<li class=\"elementor-icon-list-item\">\n\t\t\t\t\t\t\t\t\t\t\t<span class=\"elementor-icon-list-icon\">\n\t\t\t\t\t\t\t<i aria-hidden=\"true\" class=\"fas fa-check-circle\"><\/i>\t\t\t\t\t\t<\/span>\n\t\t\t\t\t\t\t\t\t\t<span class=\"elementor-icon-list-text\">5 naturalnych sposob\u00f3w na menopauz\u0119<\/span>\n\t\t\t\t\t\t\t\t\t<\/li>\n\t\t\t\t\t\t\t\t<li class=\"elementor-icon-list-item\">\n\t\t\t\t\t\t\t\t\t\t\t<span class=\"elementor-icon-list-icon\">\n\t\t\t\t\t\t\t<i aria-hidden=\"true\" class=\"fas fa-check-circle\"><\/i>\t\t\t\t\t\t<\/span>\n\t\t\t\t\t\t\t\t\t\t<span class=\"elementor-icon-list-text\">Porady dotycz\u0105ce diety<\/span>\n\t\t\t\t\t\t\t\t\t<\/li>\n\t\t\t\t\t\t\t\t<li class=\"elementor-icon-list-item\">\n\t\t\t\t\t\t\t\t\t\t\t<span class=\"elementor-icon-list-icon\">\n\t\t\t\t\t\t\t<i aria-hidden=\"true\" class=\"fas fa-check-circle\"><\/i>\t\t\t\t\t\t<\/span>\n\t\t\t\t\t\t\t\t\t\t<span class=\"elementor-icon-list-text\">Zio\u0142a i suplementacj\u0119<\/span>\n\t\t\t\t\t\t\t\t\t<\/li>\n\t\t\t\t\t\t\t\t<li class=\"elementor-icon-list-item\">\n\t\t\t\t\t\t\t\t\t\t\t<span class=\"elementor-icon-list-icon\">\n\t\t\t\t\t\t\t<i aria-hidden=\"true\" class=\"fas fa-check-circle\"><\/i>\t\t\t\t\t\t<\/span>\n\t\t\t\t\t\t\t\t\t\t<span class=\"elementor-icon-list-text\">\u0106wiczenia dostosowane Twoich preferencji<\/span>\n\t\t\t\t\t\t\t\t\t<\/li>\n\t\t\t\t\t\t\t\t<li class=\"elementor-icon-list-item\">\n\t\t\t\t\t\t\t\t\t\t\t<span class=\"elementor-icon-list-icon\">\n\t\t\t\t\t\t\t<i aria-hidden=\"true\" class=\"fas fa-check-circle\"><\/i>\t\t\t\t\t\t<\/span>\n\t\t\t\t\t\t\t\t\t\t<span class=\"elementor-icon-list-text\">Indywidualne podejscie oparte o Twoj\u0105 dosz\u0119<\/span>\n\t\t\t\t\t\t\t\t\t<\/li>\n\t\t\t\t\t\t\t\t<li class=\"elementor-icon-list-item\">\n\t\t\t\t\t\t\t\t\t\t\t<span class=\"elementor-icon-list-icon\">\n\t\t\t\t\t\t\t<i aria-hidden=\"true\" class=\"fas fa-check-circle\"><\/i>\t\t\t\t\t\t<\/span>\n\t\t\t\t\t\t\t\t\t\t<span class=\"elementor-icon-list-text\">Metody, kt\u00f3re na prawd\u0119 dzia\u0142aj\u0105<\/span>\n\t\t\t\t\t\t\t\t\t<\/li>\n\t\t\t\t\t\t<\/ul>\n\t\t\t\t\t\t<\/div>\n\t\t\t\t<\/div>\n\t\t\t\t<div class=\"elementor-element elementor-element-a3a2a70 elementor-widget elementor-widget-text-editor\" data-id=\"a3a2a70\" data-element_type=\"widget\" data-widget_type=\"text-editor.default\">\n\t\t\t\t<div class=\"elementor-widget-container\">\n\t\t\t\t\t\t\t\t\t<p>Po\u017cegnaj raz na zawsze nieprzyjemne skutki menopauzy!<\/p>\t\t\t\t\t\t\t\t<\/div>\n\t\t\t\t<\/div>\n\t\t\t\t<div class=\"elementor-element elementor-element-6179ae9 elementor-widget elementor-widget-html\" data-id=\"6179ae9\" data-element_type=\"widget\" data-widget_type=\"html.default\">\n\t\t\t\t<div class=\"elementor-widget-container\">\n\t\t\t\t\t<div class=\"zzn-menopauza-form\" style=\"max-width:480px;margin:0 auto;\"><form id=\"zzn-menopauza-subscribe\" style=\"display:flex;flex-direction:column;gap:12px;\"><input type=\"text\" name=\"first_name\" placeholder=\"Imi&#281; (opcjonalnie)\" style=\"padding:12px 16px;border:1px solid #ccc;border-radius:6px;font-size:15px;font-family:inherit;\"><input type=\"email\" name=\"email\" placeholder=\"Podaj adres email *\" required style=\"padding:12px 16px;border:1px solid #ccc;border-radius:6px;font-size:15px;font-family:inherit;\"><button type=\"submit\" style=\"padding:14px 24px;background:#2d5c3e;color:#fff;border:none;border-radius:6px;font-size:16px;font-weight:600;cursor:pointer;font-family:inherit;\">ZAPISZ SI&#280; I POBIERZ<\/button><\/form><div id=\"zzn-menopauza-msg\" style=\"display:none;padding:16px 0;\"><\/div><\/div><script>document.getElementById(\"zzn-menopauza-subscribe\").addEventListener(\"submit\",function(e){e.preventDefault();var f=this,b=f.querySelector(\"button\"),o=b.textContent;b.disabled=true;b.textContent=\"Wysy\\u0142anie...\";fetch(\"\/nowa\/wp-json\/ziolazycia\/v1\/menopauza-subscribe\",{method:\"POST\",headers:{\"Content-Type\":\"application\/json\"},body:JSON.stringify({email:f.email.value,first_name:f.first_name.value})}).then(function(r){return r.json()}).then(function(d){var m=document.getElementById(\"zzn-menopauza-msg\");if(d.success){f.style.display=\"none\";m.style.display=\"block\";m.innerHTML=\"<h4>Dzi\\u0119kujemy!<\/h4><p>Sprawd\\u017a skrzynk\\u0119 email.<\/p>\"}else{m.style.display=\"block\";m.style.color=\"#c00\";m.textContent=d.message;b.disabled=false;b.textContent=o}}).catch(function(){var m=document.getElementById(\"zzn-menopauza-msg\");m.style.display=\"block\";m.style.color=\"#c00\";m.textContent=\"B\\u0142\\u0105d po\\u0142\\u0105czenia.\";b.disabled=false;b.textContent=o})});<\/script>\t\t\t\t<\/div>\n\t\t\t\t<\/div>\n\t\t\t\t<\/div>\n\t\t\t\t\t<\/div>\n\t\t\t\t<\/div>\n\t\t\t\t<\/div>\n\t\t","protected":false},"excerpt":{"rendered":"","protected":false},"author":1,"featured_media":0,"parent":0,"menu_order":0,"comment_status":"closed","ping_status":"closed","template":"","meta":{"footnotes":""},"class_list":["post-14772","page","type-page","status-publish","hentry"],"_links":{"self":[{"href":"https:\/\/ziolazycia.com\/nowa\/wp-json\/wp\/v2\/pages\/14772","targetHints":{"allow":["GET"]}}],"collection":[{"href":"https:\/\/ziolazycia.com\/nowa\/wp-json\/wp\/v2\/pages"}],"about":[{"href":"https:\/\/ziolazycia.com\/nowa\/wp-json\/wp\/v2\/types\/page"}],"author":[{"embeddable":true,"href":"https:\/\/ziolazycia.com\/nowa\/wp-json\/wp\/v2\/users\/1"}],"replies":[{"embeddable":true,"href":"https:\/\/ziolazycia.com\/nowa\/wp-json\/wp\/v2\/comments?post=14772"}],"version-history":[{"count":0,"href":"https:\/\/ziolazycia.com\/nowa\/wp-json\/wp\/v2\/pages\/14772\/revisions"}],"wp:attachment":[{"href":"https:\/\/ziolazycia.com\/nowa\/wp-json\/wp\/v2\/media?parent=14772"}],"curies":[{"name":"wp","href":"https:\/\/api.w.org\/{rel}","templated":true}]}}