{"id":14771,"date":"2026-03-20T20:13:18","date_gmt":"2026-03-20T19:13:18","guid":{"rendered":"https:\/\/ziolazycia.com\/nowa\/darmowe_narzedzie_do_zmiany_nawykow\/"},"modified":"2026-03-20T20:13:18","modified_gmt":"2026-03-20T19:13:18","slug":"darmowe_narzedzie_do_zmiany_nawykow","status":"publish","type":"page","link":"https:\/\/ziolazycia.com\/nowa\/darmowe_narzedzie_do_zmiany_nawykow\/","title":{"rendered":"Pobierz darmowe narz\u0119dzie do zmiany nawyk\u00f3w i zbuduj swoj\u0105 zdrow\u0105 rutyn\u0119!"},"content":{"rendered":"\t\t<div data-elementor-type=\"wp-page\" data-elementor-id=\"14771\" class=\"elementor elementor-14771\" data-elementor-post-type=\"page\">\n\t\t\t\t<div class=\"elementor-element elementor-element-5cbdbd3 e-flex e-con-boxed e-con e-parent\" data-id=\"5cbdbd3\" data-element_type=\"container\">\n\t\t\t\t\t<div class=\"e-con-inner\">\n\t\t<div class=\"elementor-element elementor-element-1f202ac e-con-full e-flex e-con e-child\" data-id=\"1f202ac\" data-element_type=\"container\">\n\t\t\t\t<div class=\"elementor-element elementor-element-fb92670 elementor-widget__width-initial elementor-widget elementor-widget-image\" data-id=\"fb92670\" data-element_type=\"widget\" data-widget_type=\"image.default\">\n\t\t\t\t<div class=\"elementor-widget-container\">\n\t\t\t\t\t\t\t\t\t\t\t\t\t\t\t<img decoding=\"async\" src=\"https:\/\/ziolazycia.com\/wp-content\/uploads\/2025\/01\/Projekt-bez-nazwy-3.png\" title=\"\" alt=\"\" loading=\"lazy\" \/>\t\t\t\t\t\t\t\t\t\t\t\t\t\t\t<\/div>\n\t\t\t\t<\/div>\n\t\t\t\t<\/div>\n\t\t<div class=\"elementor-element elementor-element-7411f6a e-con-full e-flex e-con e-child\" data-id=\"7411f6a\" data-element_type=\"container\">\n\t\t\t\t<div class=\"elementor-element elementor-element-feaeb21 elementor-widget__width-initial elementor-widget elementor-widget-text-editor\" data-id=\"feaeb21\" data-element_type=\"widget\" data-widget_type=\"text-editor.default\">\n\t\t\t\t<div class=\"elementor-widget-container\">\n\t\t\t\t\t\t\t\t\t<div><span class=\"OYPEnA font-feature-liga-off font-feature-clig-off font-feature-calt-off text-decoration-none text-strikethrough-none\">\u201cNawyki k\u0142ad\u0105 <span style=\"color: #FDA043;\">fundamenty pod mistrzostwo.\u201d<\/span> &#8211; James Clear<\/span><\/div>\n<div><\/div>\t\t\t\t\t\t\t\t<\/div>\n\t\t\t\t<\/div>\n\t\t\t\t<div class=\"elementor-element elementor-element-bb33586 elementor-widget__width-initial elementor-widget elementor-widget-text-editor\" data-id=\"bb33586\" data-element_type=\"widget\" data-widget_type=\"text-editor.default\">\n\t\t\t\t<div class=\"elementor-widget-container\">\n\t\t\t\t\t\t\t\t\t<p class=\"cvGsUA direction-ltr align-start para-style-body\"><span class=\"OYPEnA font-feature-liga-off font-feature-clig-off font-feature-calt-off text-decoration-none text-strikethrough-none\">\u201cRecepta na sukces\u201d to nie jest kolejna tabela jakich pe\u0142no w sieci, a edytowalny rejestrator do \u015bledzenia nawyk\u00f3w, konsekwentnego ich wprowadzenia i monitorowania swoich post\u0119p\u00f3w. To skuteczne narz\u0119dzie do wypracowywania zdolno\u015bci do wykonywania czynno\u015bci w spos\u00f3b sprawniejszy i bardziej automatyczny.<\/span><\/p><p class=\"cvGsUA direction-ltr align-start para-style-body\"><span class=\"OYPEnA font-feature-liga-off font-feature-clig-off font-feature-calt-off text-decoration-none text-strikethrough-none\">Dzi\u0119ki niej:<\/span><\/p>\t\t\t\t\t\t\t\t<\/div>\n\t\t\t\t<\/div>\n\t\t\t\t<div class=\"elementor-element elementor-element-2c7780d elementor-mobile-align-left elementor-icon-list--layout-traditional elementor-list-item-link-full_width elementor-widget elementor-widget-icon-list\" data-id=\"2c7780d\" data-element_type=\"widget\" data-widget_type=\"icon-list.default\">\n\t\t\t\t<div class=\"elementor-widget-container\">\n\t\t\t\t\t\t\t<ul class=\"elementor-icon-list-items\">\n\t\t\t\t\t\t\t<li class=\"elementor-icon-list-item\">\n\t\t\t\t\t\t\t\t\t\t\t<span class=\"elementor-icon-list-icon\">\n\t\t\t\t\t\t\t<i aria-hidden=\"true\" class=\"fas fa-check-circle\"><\/i>\t\t\t\t\t\t<\/span>\n\t\t\t\t\t\t\t\t\t\t<span class=\"elementor-icon-list-text\">Zyskasz poczucie kontroli<\/span>\n\t\t\t\t\t\t\t\t\t<\/li>\n\t\t\t\t\t\t\t\t<li class=\"elementor-icon-list-item\">\n\t\t\t\t\t\t\t\t\t\t\t<span class=\"elementor-icon-list-icon\">\n\t\t\t\t\t\t\t<i aria-hidden=\"true\" class=\"fas fa-check-circle\"><\/i>\t\t\t\t\t\t<\/span>\n\t\t\t\t\t\t\t\t\t\t<span class=\"elementor-icon-list-text\">Zdeterminujesz si\u0119 do dzia\u0142ania<\/span>\n\t\t\t\t\t\t\t\t\t<\/li>\n\t\t\t\t\t\t\t\t<li class=\"elementor-icon-list-item\">\n\t\t\t\t\t\t\t\t\t\t\t<span class=\"elementor-icon-list-icon\">\n\t\t\t\t\t\t\t<i aria-hidden=\"true\" class=\"fas fa-check-circle\"><\/i>\t\t\t\t\t\t<\/span>\n\t\t\t\t\t\t\t\t\t\t<span class=\"elementor-icon-list-text\">Zbudujesz samodyscyplin\u0119<\/span>\n\t\t\t\t\t\t\t\t\t<\/li>\n\t\t\t\t\t\t\t\t<li class=\"elementor-icon-list-item\">\n\t\t\t\t\t\t\t\t\t\t\t<span class=\"elementor-icon-list-icon\">\n\t\t\t\t\t\t\t<i aria-hidden=\"true\" class=\"fas fa-check-circle\"><\/i>\t\t\t\t\t\t<\/span>\n\t\t\t\t\t\t\t\t\t\t<span class=\"elementor-icon-list-text\">Podniesiesz swoj\u0105 samoocen\u0119<\/span>\n\t\t\t\t\t\t\t\t\t<\/li>\n\t\t\t\t\t\t\t\t<li class=\"elementor-icon-list-item\">\n\t\t\t\t\t\t\t\t\t\t\t<span class=\"elementor-icon-list-icon\">\n\t\t\t\t\t\t\t<i aria-hidden=\"true\" class=\"fas fa-check-circle\"><\/i>\t\t\t\t\t\t<\/span>\n\t\t\t\t\t\t\t\t\t\t<span class=\"elementor-icon-list-text\">Zmotywujesz si\u0119 zmiany<\/span>\n\t\t\t\t\t\t\t\t\t<\/li>\n\t\t\t\t\t\t\t\t<li class=\"elementor-icon-list-item\">\n\t\t\t\t\t\t\t\t\t\t\t<span class=\"elementor-icon-list-icon\">\n\t\t\t\t\t\t\t<i aria-hidden=\"true\" class=\"fas fa-check-circle\"><\/i>\t\t\t\t\t\t<\/span>\n\t\t\t\t\t\t\t\t\t\t<span class=\"elementor-icon-list-text\">Otrzymasz gotowe propozycje zdrowych nawyk\u00f3w<\/span>\n\t\t\t\t\t\t\t\t\t<\/li>\n\t\t\t\t\t\t\t\t<li class=\"elementor-icon-list-item\">\n\t\t\t\t\t\t\t\t\t\t\t<span class=\"elementor-icon-list-icon\">\n\t\t\t\t\t\t\t<i aria-hidden=\"true\" class=\"fas fa-check-circle\"><\/i>\t\t\t\t\t\t<\/span>\n\t\t\t\t\t\t\t\t\t\t<span class=\"elementor-icon-list-text\">Zobaczysz, \u017ce Ty te\u017c potrafisz dzia\u0142a\u0107 regularnie!<\/span>\n\t\t\t\t\t\t\t\t\t<\/li>\n\t\t\t\t\t\t<\/ul>\n\t\t\t\t\t\t<\/div>\n\t\t\t\t<\/div>\n\t\t\t\t<div class=\"elementor-element elementor-element-a3a2a70 elementor-widget elementor-widget-text-editor\" data-id=\"a3a2a70\" data-element_type=\"widget\" data-widget_type=\"text-editor.default\">\n\t\t\t\t<div class=\"elementor-widget-container\">\n\t\t\t\t\t\t\t\t\t<p class=\"cvGsUA direction-ltr align-start para-style-body\"><span class=\"OYPEnA font-feature-liga-off font-feature-clig-off font-feature-calt-off text-decoration-none text-strikethrough-none\">Nie czekaj na poniedzia\u0142ek, nowy miesi\u0105c czy rok. Zacznij ju\u017c dzi\u015b!<\/span><\/p>\t\t\t\t\t\t\t\t<\/div>\n\t\t\t\t<\/div>\n\t\t\t\t<div class=\"elementor-element elementor-element-11fdaff elementor-widget elementor-widget-html\" data-id=\"11fdaff\" data-element_type=\"widget\" data-widget_type=\"html.default\">\n\t\t\t\t<div class=\"elementor-widget-container\">\n\t\t\t\t\t<div class=\"zzn-nawyki-form\" style=\"max-width:480px;margin:0 auto;\"><form id=\"zzn-nawyki-subscribe\" style=\"display:flex;flex-direction:column;gap:12px;\"><input type=\"text\" name=\"first_name\" placeholder=\"Imi&#281; (opcjonalnie)\" style=\"padding:12px 16px;border:1px solid #ccc;border-radius:6px;font-size:15px;font-family:inherit;\"><input type=\"email\" name=\"email\" placeholder=\"Podaj adres email *\" required style=\"padding:12px 16px;border:1px solid #ccc;border-radius:6px;font-size:15px;font-family:inherit;\"><button type=\"submit\" style=\"padding:14px 24px;background:#2d5c3e;color:#fff;border:none;border-radius:6px;font-size:16px;font-weight:600;cursor:pointer;font-family:inherit;\">ZAPISZ SI&#280; I POBIERZ<\/button><\/form><div id=\"zzn-nawyki-msg\" style=\"display:none;padding:16px 0;\"><\/div><\/div><script>document.getElementById(\"zzn-nawyki-subscribe\").addEventListener(\"submit\",function(e){e.preventDefault();var f=this,b=f.querySelector(\"button\"),o=b.textContent;b.disabled=true;b.textContent=\"Wysy\\u0142anie...\";fetch(\"\/nowa\/wp-json\/ziolazycia\/v1\/nawyki-subscribe\",{method:\"POST\",headers:{\"Content-Type\":\"application\/json\"},body:JSON.stringify({email:f.email.value,first_name:f.first_name.value})}).then(function(r){return r.json()}).then(function(d){var m=document.getElementById(\"zzn-nawyki-msg\");if(d.success){f.style.display=\"none\";m.style.display=\"block\";m.innerHTML=\"<h4>Dzi\\u0119kujemy!<\/h4><p>Sprawd\\u017a skrzynk\\u0119 email.<\/p>\"}else{m.style.display=\"block\";m.style.color=\"#c00\";m.textContent=d.message;b.disabled=false;b.textContent=o}}).catch(function(){var m=document.getElementById(\"zzn-nawyki-msg\");m.style.display=\"block\";m.style.color=\"#c00\";m.textContent=\"B\\u0142\\u0105d po\\u0142\\u0105czenia.\";b.disabled=false;b.textContent=o})});<\/script>\t\t\t\t<\/div>\n\t\t\t\t<\/div>\n\t\t\t\t<\/div>\n\t\t\t\t\t<\/div>\n\t\t\t\t<\/div>\n\t\t\t\t<\/div>\n\t\t","protected":false},"excerpt":{"rendered":"","protected":false},"author":1,"featured_media":0,"parent":0,"menu_order":0,"comment_status":"closed","ping_status":"closed","template":"","meta":{"footnotes":""},"class_list":["post-14771","page","type-page","status-publish","hentry"],"_links":{"self":[{"href":"https:\/\/ziolazycia.com\/nowa\/wp-json\/wp\/v2\/pages\/14771","targetHints":{"allow":["GET"]}}],"collection":[{"href":"https:\/\/ziolazycia.com\/nowa\/wp-json\/wp\/v2\/pages"}],"about":[{"href":"https:\/\/ziolazycia.com\/nowa\/wp-json\/wp\/v2\/types\/page"}],"author":[{"embeddable":true,"href":"https:\/\/ziolazycia.com\/nowa\/wp-json\/wp\/v2\/users\/1"}],"replies":[{"embeddable":true,"href":"https:\/\/ziolazycia.com\/nowa\/wp-json\/wp\/v2\/comments?post=14771"}],"version-history":[{"count":0,"href":"https:\/\/ziolazycia.com\/nowa\/wp-json\/wp\/v2\/pages\/14771\/revisions"}],"wp:attachment":[{"href":"https:\/\/ziolazycia.com\/nowa\/wp-json\/wp\/v2\/media?parent=14771"}],"curies":[{"name":"wp","href":"https:\/\/api.w.org\/{rel}","templated":true}]}}