{"id":14577,"date":"2026-01-09T11:18:15","date_gmt":"2026-01-09T10:18:15","guid":{"rendered":"https:\/\/ziolazycia.com\/nowa\/?page_id=14577"},"modified":"2026-01-09T11:38:01","modified_gmt":"2026-01-09T10:38:01","slug":"test-doszy","status":"publish","type":"page","link":"https:\/\/ziolazycia.com\/nowa\/test-doszy\/","title":{"rendered":"Bezp\u0142atny test doszy w Ajurwedzie"},"content":{"rendered":"\t\t<div data-elementor-type=\"wp-page\" data-elementor-id=\"14577\" class=\"elementor elementor-14577\" data-elementor-post-type=\"page\">\n\t\t\t\t\t\t<section class=\"elementor-section elementor-top-section elementor-element elementor-element-a5bc516 elementor-section-boxed elementor-section-height-default elementor-section-height-default\" data-id=\"a5bc516\" data-element_type=\"section\">\n\t\t\t\t\t\t<div class=\"elementor-container elementor-column-gap-default jws_section_\" >\n\t\t\t\t<div class=\"elementor-column elementor-col-100 elementor-top-column elementor-element elementor-element-b28e5bd\" data-id=\"b28e5bd\" data-element_type=\"column\">\n\t\t\t<div class=\"elementor-widget-wrap elementor-element-populated\">\n\t\t\t\t\t\t<div class=\"elementor-element elementor-element-ecf79eb elementor-widget elementor-widget-text-editor\" data-id=\"ecf79eb\" data-element_type=\"widget\" data-widget_type=\"text-editor.default\">\n\t\t\t\t<div class=\"elementor-widget-container\">\n\t\t\t\t\t\t\t\t\t<h2 style=\"text-align: center;\"><strong>Bezp\u0142atny test doszy w Ajurwedzie<\/strong><\/h2><p style=\"text-align: center;\">Dowiedz si\u0119 jaka jest Twoja dosza<\/p><p style=\"text-align: center;\">    <style>\n      :root{--cdq-radius:18px;--cdq-shadow:0 12px 40px rgba(0,0,0,.12);--cdq-border:rgba(0,0,0,.08);--cdq-bg:#ffffff;--cdq-muted:rgba(0,0,0,.65);--cdq-accent:#111;}\n      .cdq-quiz{font-family:system-ui,-apple-system,Segoe UI,Roboto,Ubuntu,Cantarell,Noto Sans,sans-serif;max-width:760px;margin:24px auto;}\n      .cdq-card{background:var(--cdq-bg);border:1px solid var(--cdq-border);border-radius:var(--cdq-radius);box-shadow:var(--cdq-shadow);overflow:hidden;}\n      .cdq-hero{padding:28px 26px 22px;background:linear-gradient(135deg,rgba(0,0,0,.04),rgba(0,0,0,0));}\n      .cdq-title{margin:0 0 8px;font-size:clamp(22px,3.2vw,30px);line-height:1.15;letter-spacing:-.02em;}\n      .cdq-intro{margin:0;color:var(--cdq-muted);font-size:16px;line-height:1.5;}\n      .cdq-body{padding:22px 26px 26px;}\n      .cdq-actions{display:flex;gap:10px;flex-wrap:wrap;margin-top:18px;}\n      .cdq-btn{appearance:none;border:1px solid var(--cdq-border);border-radius:14px;padding:12px 16px;font-weight:700;cursor:pointer;background:#fff;transition:transform .06s ease,box-shadow .18s ease,border-color .18s ease;}\n      .cdq-btn:focus{outline:3px solid rgba(0,0,0,.18);outline-offset:2px;}\n      .cdq-btn:hover{box-shadow:0 10px 22px rgba(0,0,0,.10);border-color:rgba(0,0,0,.16);}\n      .cdq-btn:active{transform:translateY(1px);}\n      .cdq-btn-primary{background:#111;color:#fff;border-color:#111;}\n      .cdq-btn-ghost{background:transparent;}\n      .cdq-progress{display:flex;align-items:center;justify-content:space-between;gap:14px;margin-bottom:14px;}\n      .cdq-progressbar{flex:1;height:10px;background:rgba(0,0,0,.08);border-radius:999px;overflow:hidden;}\n      .cdq-progressbar>span{display:block;height:100%;width:0%;background:#111;border-radius:999px;transition:width .25s ease;}\n      .cdq-step{white-space:nowrap;color:var(--cdq-muted);font-size:14px;}\n      .cdq-question{margin:0 0 14px;font-size:20px;line-height:1.25;letter-spacing:-.01em;}\n      .cdq-answers{display:grid;gap:10px;}\n      .cdq-answer{text-align:left;width:100%;padding:14px 14px;border-radius:16px;border:1px solid var(--cdq-border);background:#fff;cursor:pointer;transition:transform .06s ease,box-shadow .18s ease,border-color .18s ease;}\n      .cdq-answer:hover{box-shadow:0 10px 22px rgba(0,0,0,.10);border-color:rgba(0,0,0,.16);}\n      .cdq-answer:active{transform:translateY(1px);}\n      .cdq-answer[aria-pressed=\"true\"]{border-color:#111;box-shadow:0 10px 22px rgba(0,0,0,.12);}\n      .cdq-foot{margin-top:16px;display:flex;align-items:center;justify-content:space-between;gap:12px;flex-wrap:wrap;}\n      .cdq-small{color:var(--cdq-muted);font-size:14px;}\n      .cdq-result{text-align:center;padding:24px 26px 26px;}\n      .cdq-result h3{margin:0 0 6px;font-size:18px;color:var(--cdq-muted);font-weight:700;}\n      .cdq-result .cdq-result-value{margin:8px 0 10px;font-size:clamp(34px,5vw,46px);letter-spacing:-.03em;font-weight:900;}\n      .cdq-result .cdq-note{margin:0;color:var(--cdq-muted);font-size:15px;line-height:1.5;}\n      .cdq-fade{animation:cdqFade .18s ease-out;}\n      @keyframes cdqFade{from{opacity:0;transform:translateY(4px);}to{opacity:1;transform:none;}}\n      .cdq-noscript{padding:14px 16px;border:1px dashed var(--cdq-border);border-radius:14px;color:var(--cdq-muted);}\n    <\/style>\n      <div id=\"cdq-quiz-1\" class=\"cdq-quiz\" data-cdq-quiz=\"1\">\n    <script type=\"application\/json\" class=\"cdq-data\">{\"title\":\"Dowiedz si\u0119 jaka jest Twoja dosza!\",\"intro\":\"Kliknij, wype\u0142nij i zapisz koniecznie sw\u00f3j wynik.\",\"startButton\":\"ZACZNIJ QUIZ\",\"resultHeading\":\"Twoja dosza to:\",\"resultNote\":\"Zapisz sw\u00f3j wynik i podaj mi go na konsultacjach!\",\"results\":[{\"id\":1,\"label\":\"VATA\"},{\"id\":2,\"label\":\"PITTA\"},{\"id\":3,\"label\":\"KAPHA\"}],\"questions\":[{\"id\":1,\"text\":\"Jak\u0105 mia\u0142e\u015b\/\u0142a\u015b budow\u0119 cia\u0142a w dzieci\u0144stwie?\",\"answers\":[{\"id\":1,\"text\":\"By\u0142em szczup\u0142y, wysoki, niski \/ By\u0142am szczup\u0142a, wysoka, niska.\",\"result_id\":1,\"points\":1},{\"id\":2,\"text\":\"By\u0142em \u015bredni zr\u00f3wnowa\u017cony \/ By\u0142am \u015brednia i zr\u00f3wnowa\u017cona.\",\"result_id\":2,\"points\":1},{\"id\":3,\"text\":\"By\u0142em du\u017cy, kr\u0119py, masywny \/ By\u0142am du\u017ca, kr\u0119pa, masywna.\",\"result_id\":3,\"points\":1}]},{\"id\":2,\"text\":\"Jaka by\u0142a Twoja waga w dzieci\u0144stwie?\",\"answers\":[{\"id\":4,\"text\":\"By\u0142em szczup\u0142y w dzieci\u0144stwie \/ By\u0142am szczup\u0142a w dzieci\u0144stwie.\",\"result_id\":1,\"points\":1},{\"id\":5,\"text\":\"By\u0142em \u015bredniej wagi w dzieci\u0144stwie \/ By\u0142am \u015bredniej wagi w dzieci\u0144stwie.\",\"result_id\":2,\"points\":1},{\"id\":6,\"text\":\"By\u0142em du\u017cy w dzieci\u0144stwie \/ By\u0142am du\u017ca w dzieci\u0144stwie.\",\"result_id\":3,\"points\":1}]},{\"id\":3,\"text\":\"Jaki mia\u0142e\u015b\/\u0142a\u015b typ sk\u00f3ry?\",\"answers\":[{\"id\":7,\"text\":\"Sucha, matowa, ch\u0142odna i szorstka\",\"result_id\":1,\"points\":1},{\"id\":8,\"text\":\"Gruba, zimna i raczej blada\",\"result_id\":3,\"points\":1},{\"id\":9,\"text\":\"G\u0142adka, ciep\u0142a rumiana, \u0142atwo ulega poparzeniom\",\"result_id\":2,\"points\":1}]},{\"id\":4,\"text\":\"Jakie mia\u0142a\u015b\/\u0142e\u015b w\u0142osy?\",\"answers\":[{\"id\":10,\"text\":\"G\u0119ste, falujace, t\u0142uste, grube\",\"result_id\":3,\"points\":1},{\"id\":11,\"text\":\"Proste, cz\u0119sto \u0142ysieje, mi\u0119kkie, jasne, rude\",\"result_id\":2,\"points\":1},{\"id\":12,\"text\":\"Suche, zazwyczaj ciemne, kruche\",\"result_id\":1,\"points\":1}]},{\"id\":5,\"text\":\"Jakie mia\u0142a\u015b\/\u0142e\u015b z\u0119by?\",\"answers\":[{\"id\":13,\"text\":\"\u015arednie, raczej \u017c\u00f3\u0142te, proste\",\"result_id\":2,\"points\":1},{\"id\":14,\"text\":\"Zdrowe, bia\u0142e, r\u00f3wne\",\"result_id\":3,\"points\":1},{\"id\":15,\"text\":\"Wystaj\u0105ce, nier\u00f3wne wystaj\u0105ce, nier\u00f3wne\",\"result_id\":1,\"points\":1}]},{\"id\":6,\"text\":\"Jakie by\u0142y Twoje paznokcie?\",\"answers\":[{\"id\":16,\"text\":\"Du\u017ce, mi\u0119kkie, g\u0142adkie i bia\u0142e\",\"result_id\":3,\"points\":1},{\"id\":17,\"text\":\"Elastyczne, r\u00f3\u017cowe, mocne\",\"result_id\":2,\"points\":1},{\"id\":18,\"text\":\"Suche, kruche, szorstkie, \u0142atwo p\u0119kaj\u0105ce, poobgryzane\",\"result_id\":1,\"points\":1}]},{\"id\":7,\"text\":\"Jak wygl\u0105daj\u0105 Twoje oczy?\",\"answers\":[{\"id\":19,\"text\":\"\u015aredniej wielko\u015bci, przenikliwe\",\"result_id\":2,\"points\":1},{\"id\":20,\"text\":\"Raczej ma\u0142e, g\u0142\u0119boko osadzone, suche\",\"result_id\":1,\"points\":1},{\"id\":21,\"text\":\"Du\u017ce, grube i g\u0119ste rz\u0119sy\",\"result_id\":3,\"points\":1}]},{\"id\":8,\"text\":\"Jaki mia\u0142a\u015b\/\u0142e\u015b apetyt?\",\"answers\":[{\"id\":22,\"text\":\"Nieregularny, raczej niewielki\",\"result_id\":1,\"points\":1},{\"id\":23,\"text\":\"Ma\u0142y lub \u015bredni\",\"result_id\":3,\"points\":1},{\"id\":24,\"text\":\"Silny i regularny\",\"result_id\":2,\"points\":1}]},{\"id\":9,\"text\":\"Jakie posi\u0142ki jada\u0142a\u015b\/\u0142e\u015b w dzieci\u0144stwie?\",\"answers\":[{\"id\":25,\"text\":\"Obfite posi\u0142ki, zazwyczaj t\u0142uste\",\"result_id\":3,\"points\":1},{\"id\":26,\"text\":\"Regularne, normalnej wielko\u015bci posi\u0142ki\",\"result_id\":2,\"points\":1},{\"id\":27,\"text\":\"Ma\u0142e porcje i przek\u0105ski\",\"result_id\":1,\"points\":1}]},{\"id\":10,\"text\":\"Jakie mia\u0142a\u015b trawienie jako dziecko?\",\"answers\":[{\"id\":28,\"text\":\"Nieregularne, sk\u0142onno\u015bci do gaz\u00f3w\",\"result_id\":1,\"points\":1},{\"id\":29,\"text\":\"Szybkie, powoduj\u0105ce pieczenie\",\"result_id\":2,\"points\":1},{\"id\":30,\"text\":\"D\u0142ugotrwa\u0142e, powoduj\u0105ce powstanie \u015bluzu\",\"result_id\":3,\"points\":1}]},{\"id\":11,\"text\":\"Jak si\u0119 wyda\u0142a\u015b\/\u0142e\u015b jako dziecko?\",\"answers\":[{\"id\":31,\"text\":\"Mia\u0142am\/\u0142em tendencj\u0119 do zapar\u0107\",\"result_id\":1,\"points\":1},{\"id\":32,\"text\":\"Cz\u0119sto mia\u0142am\/\u0142em lu\u017ane stolce, mi\u0119kkie, oleiste\",\"result_id\":2,\"points\":1},{\"id\":33,\"text\":\"Mia\u0142am\/\u0142em stolce g\u0119ste, oleiste i powolne trawienie\",\"result_id\":3,\"points\":1}]},{\"id\":12,\"text\":\"Jak cz\u0119sto oddawa\u0142a\u015b\/\u0142e\u015b mocz jako dziecko?\",\"answers\":[{\"id\":34,\"text\":\"Cz\u0119sto lub rzadko\",\"result_id\":1,\"points\":1},{\"id\":35,\"text\":\"Obficie, cz\u0119sto \u017c\u00f3\u0142te\",\"result_id\":2,\"points\":1},{\"id\":36,\"text\":\"Nieregularnie, \u015brednia ilo\u015b\u0107\",\"result_id\":3,\"points\":1}]},{\"id\":13,\"text\":\"Jak wygl\u0105da\u0142a Twoja szyja?\",\"answers\":[{\"id\":37,\"text\":\"Cie\u0144ka, d\u0142uga\",\"result_id\":1,\"points\":1},{\"id\":38,\"text\":\"\u015arednia\",\"result_id\":2,\"points\":1},{\"id\":39,\"text\":\"Du\u017ca, z fa\u0142dkami\",\"result_id\":3,\"points\":1}]},{\"id\":14,\"text\":\"Jak wygl\u0105da\u0142a Twoja broda?\",\"answers\":[{\"id\":40,\"text\":\"Cie\u0144ka, kanciasta\",\"result_id\":1,\"points\":1},{\"id\":41,\"text\":\"Zw\u0119\u017caj\u0105ca si\u0119\",\"result_id\":2,\"points\":1},{\"id\":42,\"text\":\"Zaokr\u0105glona, podw\u00f3jna\",\"result_id\":3,\"points\":1}]},{\"id\":15,\"text\":\"Jak wygl\u0105da\u0142a Twoja klatka piersiowa?\",\"answers\":[{\"id\":43,\"text\":\"P\u0142aska, zapadni\u0119ta\",\"result_id\":1,\"points\":1},{\"id\":44,\"text\":\"Przeci\u0119tna\",\"result_id\":2,\"points\":1},{\"id\":45,\"text\":\"Rozszerzona, pe\u0142na\",\"result_id\":3,\"points\":1}]},{\"id\":16,\"text\":\"Jak wygl\u0105da\u0142 Tw\u00f3j p\u0119pek?\",\"answers\":[{\"id\":46,\"text\":\"Ma\u0142y, nieregularny, wypchni\u0119ty\",\"result_id\":1,\"points\":1},{\"id\":47,\"text\":\"Owalny, p\u0142aski\",\"result_id\":2,\"points\":1},{\"id\":48,\"text\":\"Du\u017cy, g\u0142\u0119boki, okr\u0105g\u0142y, rozci\u0105gni\u0119ty\",\"result_id\":3,\"points\":1}]},{\"id\":17,\"text\":\"Jakie mia\u0142a\u015b\/\u0142e\u015b pragnienie?\",\"answers\":[{\"id\":49,\"text\":\"Zmienne\",\"result_id\":1,\"points\":1},{\"id\":50,\"text\":\"W nadmiarze\",\"result_id\":2,\"points\":1},{\"id\":51,\"text\":\"Niewielkie\",\"result_id\":3,\"points\":1}]},{\"id\":18,\"text\":\"Twoja aktywno\u015b\u0107 fizyczna w dzieci\u0144stwie?\",\"answers\":[{\"id\":52,\"text\":\"Hiperaktywno\u015b\u0107\",\"result_id\":1,\"points\":1},{\"id\":53,\"text\":\"Umiarkoowana\",\"result_id\":2,\"points\":1},{\"id\":54,\"text\":\"Siedz\u0105cy tryb \u017cycia\",\"result_id\":3,\"points\":1}]},{\"id\":19,\"text\":\"Twoja pami\u0119\u0107 w dzieci\u0144stwie?\",\"answers\":[{\"id\":55,\"text\":\"\u015awie\u017ca dobra, dawna s\u0142aba\",\"result_id\":1,\"points\":1},{\"id\":56,\"text\":\"Wyra\u017ana\",\"result_id\":2,\"points\":1},{\"id\":57,\"text\":\"Powolna, trwa\u0142a\",\"result_id\":3,\"points\":1}]},{\"id\":20,\"text\":\"Twoja mowa w dzieci\u0144stwie?\",\"answers\":[{\"id\":58,\"text\":\"Szybka, wyra\u017ana\",\"result_id\":1,\"points\":1},{\"id\":59,\"text\":\"Ostra, przenikaj\u0105ca\",\"result_id\":2,\"points\":1},{\"id\":60,\"text\":\"Powolna, monotonna\",\"result_id\":3,\"points\":1}]},{\"id\":21,\"text\":\"Twoje emocje w dzieci\u0144stwie?\",\"answers\":[{\"id\":61,\"text\":\"Obawa, l\u0119k, niepewno\u015b\u0107\",\"result_id\":1,\"points\":1},{\"id\":62,\"text\":\"Z\u0142o\u015b\u0107, nienawi\u015b\u0107, zazdro\u015b\u0107, determinacja\",\"result_id\":2,\"points\":1},{\"id\":63,\"text\":\"Spok\u00f3j, chciwo\u015b\u0107, przywi\u0105zanie\",\"result_id\":3,\"points\":1}]},{\"id\":22,\"text\":\"Jak wygl\u0105da\u0142y Twoje usta?\",\"answers\":[{\"id\":64,\"text\":\"Suche, sp\u0119kane, czarnawe\/br\u0105zowe\",\"result_id\":1,\"points\":1},{\"id\":65,\"text\":\"Czerwone, gor\u0105ce, \u017c\u00f3\u0142tawe\",\"result_id\":2,\"points\":1},{\"id\":66,\"text\":\"Grube, t\u0142uste, g\u0142adkie, l\u015bni\u0105ce\",\"result_id\":3,\"points\":1}]},{\"id\":23,\"text\":\"Jak wygl\u0105da\u0142y Twoje policzki w dzieci\u0144stwie?\",\"answers\":[{\"id\":67,\"text\":\"Pomarszczone, zapadni\u0119te\",\"result_id\":1,\"points\":1},{\"id\":68,\"text\":\"G\u0142adkie, p\u0142askie\",\"result_id\":2,\"points\":1},{\"id\":69,\"text\":\"Zaokr\u0105glone, pulchne\",\"result_id\":3,\"points\":1}]},{\"id\":24,\"text\":\"Jak wygl\u0105da\u0142y Twoje biodra w dzieci\u0144stwie?\",\"answers\":[{\"id\":70,\"text\":\"W\u0105skie, szczup\u0142e\",\"result_id\":1,\"points\":1},{\"id\":71,\"text\":\"Przeci\u0119tne\",\"result_id\":2,\"points\":1},{\"id\":72,\"text\":\"Ci\u0119\u017ckie, du\u017ce\",\"result_id\":3,\"points\":1}]},{\"id\":25,\"text\":\"Twoje stawy dzieci\u0144stwie?\",\"answers\":[{\"id\":73,\"text\":\"Zimne, trzaskaj\u0105ce\",\"result_id\":1,\"points\":1},{\"id\":74,\"text\":\"Przeci\u0119tne\",\"result_id\":2,\"points\":1},{\"id\":75,\"text\":\"Du\u017ce, nawil\u017cone\",\"result_id\":3,\"points\":1}]}]}<\/script>\n    <div class=\"cdq-card\">\n      <div class=\"cdq-hero\">\n        <h2 class=\"cdq-title\">Dowiedz si\u0119 jaka jest Twoja dosza!<\/h2>\n        <p class=\"cdq-intro\">Kliknij, wype\u0142nij i zapisz koniecznie sw\u00f3j wynik.<\/p>\n      <\/div>\n      <div class=\"cdq-body\">\n        <noscript><div class=\"cdq-noscript\">Ten quiz wymaga w\u0142\u0105czonego JavaScript.<\/div><\/noscript>\n        <div class=\"cdq-mount\"><\/div>\n      <\/div>\n    <\/div>\n  <\/div>\n  <\/p>\t\t\t\t\t\t\t\t<\/div>\n\t\t\t\t<\/div>\n\t\t\t\t\t<\/div>\n\t\t<\/div>\n\t\t\t\t      \n            \n              \n            \n            \t\n\t\t\t<\/div>\n\t\t<\/section>\n\t\t\t\t<\/div>\n\t\t","protected":false},"excerpt":{"rendered":"<p>Bezp\u0142atny test doszy w Ajurwedzie Dowiedz si\u0119 jaka jest Twoja dosza<\/p>\n","protected":false},"author":1,"featured_media":0,"parent":0,"menu_order":0,"comment_status":"closed","ping_status":"closed","template":"","meta":{"footnotes":""},"class_list":["post-14577","page","type-page","status-publish","hentry"],"_links":{"self":[{"href":"https:\/\/ziolazycia.com\/nowa\/wp-json\/wp\/v2\/pages\/14577","targetHints":{"allow":["GET"]}}],"collection":[{"href":"https:\/\/ziolazycia.com\/nowa\/wp-json\/wp\/v2\/pages"}],"about":[{"href":"https:\/\/ziolazycia.com\/nowa\/wp-json\/wp\/v2\/types\/page"}],"author":[{"embeddable":true,"href":"https:\/\/ziolazycia.com\/nowa\/wp-json\/wp\/v2\/users\/1"}],"replies":[{"embeddable":true,"href":"https:\/\/ziolazycia.com\/nowa\/wp-json\/wp\/v2\/comments?post=14577"}],"version-history":[{"count":4,"href":"https:\/\/ziolazycia.com\/nowa\/wp-json\/wp\/v2\/pages\/14577\/revisions"}],"predecessor-version":[{"id":14582,"href":"https:\/\/ziolazycia.com\/nowa\/wp-json\/wp\/v2\/pages\/14577\/revisions\/14582"}],"wp:attachment":[{"href":"https:\/\/ziolazycia.com\/nowa\/wp-json\/wp\/v2\/media?parent=14577"}],"curies":[{"name":"wp","href":"https:\/\/api.w.org\/{rel}","templated":true}]}}